{"id":29716,"date":"2021-05-25T13:06:45","date_gmt":"2021-05-25T14:46:03","guid":{"rendered":"https:\/\/www.wolfcamper.com\/\/vare\/pawnee-2\/"},"modified":"2024-12-02T23:00:32","modified_gmt":"2024-12-02T22:00:32","slug":"pawnee-2","status":"publish","type":"product","link":"https:\/\/www.wolfcamper.com\/no\/vare\/pawnee-2\/","title":{"rendered":"Pawnee &#8211; Varm bukse for herre"},"content":{"rendered":"<p>Pawnee har 2 stiklommer, 1 l\u00e5rlomme og 1 baglomme. Derudover er der en lille indvendig \u201dsafety\u201d lomme, til at gemme sm\u00e5ting i sikkerhed. Pawnee har forst\u00e6rkninger indvendigt ved anklerne.<\/p>\n","protected":false},"excerpt":{"rendered":"<p>Pawnee er en flott bukse for den kalde tiden. Pawnee kombinerer funksjonalitet med komfort p\u00e5 best mulig m\u00e5te. Den er holdbar, noe som betyr at den t\u00e5ler en regndusj uten \u00e5 bli kalt vanntett. Det ypperlige materialet det er laget av f\u00f8les behagelig varmt takket v\u00e6re den lett furry innsiden, som er veldig behagelig mot huden. P\u00e5 samme tid er materialet veldig strekkbart, noe som resulterer i en superkomfortabel bukse med stor bevegelsesfrihet.<\/p>\n","protected":false},"featured_media":31837,"template":"","meta":{"_acf_changed":false,"_price":"999","_stock":"","_tribe_ticket_header":"","_tribe_default_ticket_provider":"","_tribe_ticket_capacity":"4","_ticket_start_date":"","_ticket_end_date":"","_tribe_ticket_show_description":"","_tribe_ticket_show_not_going":false,"_tribe_ticket_use_global_stock":"","_tribe_ticket_global_stock_level":"","_global_stock_mode":"","_global_stock_cap":"","_tribe_rsvp_for_event":"","_tribe_ticket_going_count":"","_tribe_ticket_not_going_count":"","_tribe_tickets_list":"[]","_tribe_ticket_has_attendee_info_fields":false,"_tec_slr_enabled":"","_tec_slr_layout":""},"product_brand":[],"product_cat":[2081,2079,35,1853,1857],"product_tag":[],"class_list":{"0":"post-29716","1":"product","2":"type-product","3":"status-publish","4":"has-post-thumbnail","6":"product_cat-2-par-bukser-for-1200","7":"product_cat-gaveideer-500-1000-kr-no","8":"product_cat-produkter-no","9":"product_cat-bukser-herrer","10":"product_cat-helarsbukser-herre-no","11":"pa_vaelg-stoerrelse-small-no","12":"pa_vaelg-stoerrelse-medium-no","13":"pa_vaelg-stoerrelse-large-no","14":"pa_vaelg-stoerrelse-x-large-no-2","15":"pa_vaelg-stoerrelse-2xl-no","16":"pa_vaelg-stoerrelse-3xl-no","18":"first","19":"outofstock","20":"taxable","21":"shipping-taxable","22":"purchasable","23":"product-type-variable","24":"rtwpvs-product"},"acf":[],"yoast_head":"<!-- This site is optimized with the Yoast SEO plugin v26.0 - https:\/\/yoast.com\/wordpress\/plugins\/seo\/ -->\n<title>Pawnee - Varm bukse for herre - Wolf Camper<\/title>\n<meta name=\"robots\" content=\"index, follow, max-snippet:-1, max-image-preview:large, max-video-preview:-1\" \/>\n<link rel=\"canonical\" href=\"https:\/\/www.wolfcamper.com\/no\/vare\/pawnee-2\/\" \/>\n<meta property=\"og:locale\" content=\"nb_NO\" \/>\n<meta property=\"og:type\" content=\"article\" \/>\n<meta property=\"og:title\" content=\"Pawnee - Varm bukse for herre - Wolf Camper\" \/>\n<meta property=\"og:description\" content=\"Pawnee er en flott bukse for den kalde tiden. Pawnee kombinerer funksjonalitet med komfort p\u00e5 best mulig m\u00e5te. Den er holdbar, noe som betyr at den t\u00e5ler en regndusj uten \u00e5 bli kalt vanntett. Det ypperlige materialet det er laget av f\u00f8les behagelig varmt takket v\u00e6re den lett furry innsiden, som er veldig behagelig mot huden. P\u00e5 samme tid er materialet veldig strekkbart, noe som resulterer i en superkomfortabel bukse med stor bevegelsesfrihet.\" \/>\n<meta property=\"og:url\" content=\"https:\/\/www.wolfcamper.com\/no\/vare\/pawnee-2\/\" \/>\n<meta property=\"og:site_name\" content=\"Wolf Camper\" \/>\n<meta property=\"article:modified_time\" content=\"2024-12-02T22:00:32+00:00\" \/>\n<meta property=\"og:image\" content=\"https:\/\/www.wolfcamper.com\/wp-content\/uploads\/2021\/05\/pawnee-oliven-vinterbuks_6_1.png\" \/>\n\t<meta property=\"og:image:width\" content=\"650\" \/>\n\t<meta property=\"og:image:height\" content=\"650\" \/>\n\t<meta property=\"og:image:type\" content=\"image\/png\" \/>\n<meta name=\"twitter:card\" content=\"summary_large_image\" \/>\n<script type=\"application\/ld+json\" class=\"yoast-schema-graph\">{\"@context\":\"https:\/\/schema.org\",\"@graph\":[{\"@type\":\"WebPage\",\"@id\":\"https:\/\/www.wolfcamper.com\/no\/vare\/pawnee-2\/\",\"url\":\"https:\/\/www.wolfcamper.com\/no\/vare\/pawnee-2\/\",\"name\":\"Pawnee - Varm bukse for herre - Wolf Camper\",\"isPartOf\":{\"@id\":\"https:\/\/www.wolfcamper.com\/no\/#website\"},\"primaryImageOfPage\":{\"@id\":\"https:\/\/www.wolfcamper.com\/no\/vare\/pawnee-2\/#primaryimage\"},\"image\":{\"@id\":\"https:\/\/www.wolfcamper.com\/no\/vare\/pawnee-2\/#primaryimage\"},\"thumbnailUrl\":\"https:\/\/www.wolfcamper.com\/wp-content\/uploads\/2021\/05\/pawnee-oliven-vinterbuks_6_1.png\",\"datePublished\":\"2021-05-25T14:46:03+00:00\",\"dateModified\":\"2024-12-02T22:00:32+00:00\",\"breadcrumb\":{\"@id\":\"https:\/\/www.wolfcamper.com\/no\/vare\/pawnee-2\/#breadcrumb\"},\"inLanguage\":\"nb-NO\",\"potentialAction\":[{\"@type\":\"ReadAction\",\"target\":[\"https:\/\/www.wolfcamper.com\/no\/vare\/pawnee-2\/\"]}]},{\"@type\":\"ImageObject\",\"inLanguage\":\"nb-NO\",\"@id\":\"https:\/\/www.wolfcamper.com\/no\/vare\/pawnee-2\/#primaryimage\",\"url\":\"https:\/\/www.wolfcamper.com\/wp-content\/uploads\/2021\/05\/pawnee-oliven-vinterbuks_6_1.png\",\"contentUrl\":\"https:\/\/www.wolfcamper.com\/wp-content\/uploads\/2021\/05\/pawnee-oliven-vinterbuks_6_1.png\",\"width\":650,\"height\":650,\"caption\":\"Komfortabel varm buks til den kolde tid\"},{\"@type\":\"BreadcrumbList\",\"@id\":\"https:\/\/www.wolfcamper.com\/no\/vare\/pawnee-2\/#breadcrumb\",\"itemListElement\":[{\"@type\":\"ListItem\",\"position\":1,\"name\":\"Home\",\"item\":\"https:\/\/www.wolfcamper.com\/no\/\"},{\"@type\":\"ListItem\",\"position\":2,\"name\":\"Shop\",\"item\":\"https:\/\/www.wolfcamper.com\/no\/shop-2\/\"},{\"@type\":\"ListItem\",\"position\":3,\"name\":\"Pawnee &#8211; Varm bukse for herre\"}]},{\"@type\":\"WebSite\",\"@id\":\"https:\/\/www.wolfcamper.com\/no\/#website\",\"url\":\"https:\/\/www.wolfcamper.com\/no\/\",\"name\":\"Wolf Camper\",\"description\":\"Wolf Camper\",\"potentialAction\":[{\"@type\":\"SearchAction\",\"target\":{\"@type\":\"EntryPoint\",\"urlTemplate\":\"https:\/\/www.wolfcamper.com\/no\/?s={search_term_string}\"},\"query-input\":{\"@type\":\"PropertyValueSpecification\",\"valueRequired\":true,\"valueName\":\"search_term_string\"}}],\"inLanguage\":\"nb-NO\"}]}<\/script>\n<!-- \/ Yoast SEO plugin. -->","yoast_head_json":{"title":"Pawnee - Varm bukse for herre - Wolf Camper","robots":{"index":"index","follow":"follow","max-snippet":"max-snippet:-1","max-image-preview":"max-image-preview:large","max-video-preview":"max-video-preview:-1"},"canonical":"https:\/\/www.wolfcamper.com\/no\/vare\/pawnee-2\/","og_locale":"nb_NO","og_type":"article","og_title":"Pawnee - Varm bukse for herre - Wolf Camper","og_description":"Pawnee er en flott bukse for den kalde tiden. Pawnee kombinerer funksjonalitet med komfort p\u00e5 best mulig m\u00e5te. Den er holdbar, noe som betyr at den t\u00e5ler en regndusj uten \u00e5 bli kalt vanntett. Det ypperlige materialet det er laget av f\u00f8les behagelig varmt takket v\u00e6re den lett furry innsiden, som er veldig behagelig mot huden. P\u00e5 samme tid er materialet veldig strekkbart, noe som resulterer i en superkomfortabel bukse med stor bevegelsesfrihet.","og_url":"https:\/\/www.wolfcamper.com\/no\/vare\/pawnee-2\/","og_site_name":"Wolf Camper","article_modified_time":"2024-12-02T22:00:32+00:00","og_image":[{"width":650,"height":650,"url":"https:\/\/www.wolfcamper.com\/wp-content\/uploads\/2021\/05\/pawnee-oliven-vinterbuks_6_1.png","type":"image\/png"}],"twitter_card":"summary_large_image","schema":{"@context":"https:\/\/schema.org","@graph":[{"@type":"WebPage","@id":"https:\/\/www.wolfcamper.com\/no\/vare\/pawnee-2\/","url":"https:\/\/www.wolfcamper.com\/no\/vare\/pawnee-2\/","name":"Pawnee - Varm bukse for herre - Wolf Camper","isPartOf":{"@id":"https:\/\/www.wolfcamper.com\/no\/#website"},"primaryImageOfPage":{"@id":"https:\/\/www.wolfcamper.com\/no\/vare\/pawnee-2\/#primaryimage"},"image":{"@id":"https:\/\/www.wolfcamper.com\/no\/vare\/pawnee-2\/#primaryimage"},"thumbnailUrl":"https:\/\/www.wolfcamper.com\/wp-content\/uploads\/2021\/05\/pawnee-oliven-vinterbuks_6_1.png","datePublished":"2021-05-25T14:46:03+00:00","dateModified":"2024-12-02T22:00:32+00:00","breadcrumb":{"@id":"https:\/\/www.wolfcamper.com\/no\/vare\/pawnee-2\/#breadcrumb"},"inLanguage":"nb-NO","potentialAction":[{"@type":"ReadAction","target":["https:\/\/www.wolfcamper.com\/no\/vare\/pawnee-2\/"]}]},{"@type":"ImageObject","inLanguage":"nb-NO","@id":"https:\/\/www.wolfcamper.com\/no\/vare\/pawnee-2\/#primaryimage","url":"https:\/\/www.wolfcamper.com\/wp-content\/uploads\/2021\/05\/pawnee-oliven-vinterbuks_6_1.png","contentUrl":"https:\/\/www.wolfcamper.com\/wp-content\/uploads\/2021\/05\/pawnee-oliven-vinterbuks_6_1.png","width":650,"height":650,"caption":"Komfortabel varm buks til den kolde tid"},{"@type":"BreadcrumbList","@id":"https:\/\/www.wolfcamper.com\/no\/vare\/pawnee-2\/#breadcrumb","itemListElement":[{"@type":"ListItem","position":1,"name":"Home","item":"https:\/\/www.wolfcamper.com\/no\/"},{"@type":"ListItem","position":2,"name":"Shop","item":"https:\/\/www.wolfcamper.com\/no\/shop-2\/"},{"@type":"ListItem","position":3,"name":"Pawnee &#8211; Varm bukse for herre"}]},{"@type":"WebSite","@id":"https:\/\/www.wolfcamper.com\/no\/#website","url":"https:\/\/www.wolfcamper.com\/no\/","name":"Wolf Camper","description":"Wolf Camper","potentialAction":[{"@type":"SearchAction","target":{"@type":"EntryPoint","urlTemplate":"https:\/\/www.wolfcamper.com\/no\/?s={search_term_string}"},"query-input":{"@type":"PropertyValueSpecification","valueRequired":true,"valueName":"search_term_string"}}],"inLanguage":"nb-NO"}]}},"_links":{"self":[{"href":"https:\/\/www.wolfcamper.com\/no\/wp-json\/wp\/v2\/product\/29716","targetHints":{"allow":["GET"]}}],"collection":[{"href":"https:\/\/www.wolfcamper.com\/no\/wp-json\/wp\/v2\/product"}],"about":[{"href":"https:\/\/www.wolfcamper.com\/no\/wp-json\/wp\/v2\/types\/product"}],"wp:featuredmedia":[{"embeddable":true,"href":"https:\/\/www.wolfcamper.com\/no\/wp-json\/wp\/v2\/media\/31837"}],"wp:attachment":[{"href":"https:\/\/www.wolfcamper.com\/no\/wp-json\/wp\/v2\/media?parent=29716"}],"wp:term":[{"taxonomy":"product_brand","embeddable":true,"href":"https:\/\/www.wolfcamper.com\/no\/wp-json\/wp\/v2\/product_brand?post=29716"},{"taxonomy":"product_cat","embeddable":true,"href":"https:\/\/www.wolfcamper.com\/no\/wp-json\/wp\/v2\/product_cat?post=29716"},{"taxonomy":"product_tag","embeddable":true,"href":"https:\/\/www.wolfcamper.com\/no\/wp-json\/wp\/v2\/product_tag?post=29716"}],"curies":[{"name":"wp","href":"https:\/\/api.w.org\/{rel}","templated":true}]}}