{"id":29667,"date":"2021-05-25T13:05:33","date_gmt":"2021-05-25T14:44:54","guid":{"rendered":"https:\/\/www.wolfcamper.com\/\/vare\/ohio-fjaerlett-sommerskjorte-med-suveren-komfort-og-hoy-uv-beskyttelse\/"},"modified":"2024-08-31T00:05:47","modified_gmt":"2024-08-30T22:05:47","slug":"ohio-sommerskjorte-til-herrer","status":"publish","type":"product","link":"https:\/\/www.wolfcamper.com\/no\/vare\/ohio-sommerskjorte-til-herrer\/","title":{"rendered":"Ohio &#8211; Sommerskjorte til herrer &#8211; Bl\u00e5"},"content":{"rendered":"","protected":false},"excerpt":{"rendered":"<p>Fjerlet herre sommerskjorte med suver\u00e6n komfort og h\u00f8j UV-beskyttelse. Skjorten er fremstillet i super komfortabel fitlon, der er behandlet med Polygiene, &#8211; en permanent antibakteriel behandling.<br \/>\nOhio er fremstillet i et superlet materiale kaldet Fitlon, som udover at v\u00e6re ekstremt svedtransporterende, ogs\u00e5 er yderst hurtigt\u00f8rrende. Fitlon materialet er desuden str\u00e6kbart, og det giver en helt utrolig komfort og bev\u00e6gelsesfrihed. Det superlette materiale har desuden permanent UV-beskyttelse(UPF 50+), som er den h\u00f8jeste beskyttelse du kan opn\u00e5 i bekl\u00e6dning. Ohio har udluftning p\u00e5 ryggen. Foran har skjorten en enkelt brystlomme med lynl\u00e5s. Her f\u00e5r du simpelthen sommerskjorten over dem alle.<\/p>\n<p><iframe loading=\"lazy\" src=\"https:\/\/www.youtube.com\/embed\/ksKQoaVtHis\" width=\"100%\" height=\"500\" frameborder=\"0\" allowfullscreen=\"allowfullscreen\"><\/iframe><\/p>\n<hr class=\"solid\" \/>\n<h3>Polygiene\u00ae &#8211; <em>Wear more, wash less!<\/em><\/h3>\n<p>Hvis du synes at dit t\u00f8j altid kommer til at lugte af sved, er Polygiene\u00ae svaret p\u00e5 dine b\u00f8nner. Sved lugter som udgangspunkt ikke. Men sved skaber de foruds\u00e6tninger som de ildelugtende bakerier skal have for at udvikle sig. Polygiene\u00ae forhindrer at disse bakterier kan udvikle sig, og derved forhindre at t\u00f8jet kommer til at lugte af sved.<\/p>\n<p>Polygiene\u00ae er s\u00f8lvsalt partikler som er fremstillet af 100% genanvendt s\u00f8lv. Polygiene\u00ae bliver tilsat t\u00f8jet under skylleprocessen, n\u00e5r t\u00f8jet bliver indfarvet \u2013 og der er derfor ikke anvendt un\u00f8dige ressourcer for at tils\u00e6tte dette. Polygiene er en permanent behandling for tekstiler, og holder hele produktets levetid.<\/p>\n<p><iframe loading=\"lazy\" src=\"https:\/\/www.youtube.com\/embed\/uU4M4HrjKuI\" width=\"100%\" height=\"300\" frameborder=\"0\" allowfullscreen=\"allowfullscreen\"><\/iframe><\/p>\n<hr class=\"solid\" \/>\n","protected":false},"featured_media":42760,"template":"","meta":{"_acf_changed":false,"_price":"299","_stock":"","_tribe_ticket_header":"","_tribe_default_ticket_provider":"","_tribe_ticket_capacity":"60","_ticket_start_date":"","_ticket_end_date":"","_tribe_ticket_show_description":"","_tribe_ticket_show_not_going":false,"_tribe_ticket_use_global_stock":"","_tribe_ticket_global_stock_level":"","_global_stock_mode":"","_global_stock_cap":"","_tribe_rsvp_for_event":"","_tribe_ticket_going_count":"","_tribe_ticket_not_going_count":"","_tribe_tickets_list":"[]","_tribe_ticket_has_attendee_info_fields":false,"_tec_slr_enabled":"","_tec_slr_layout":""},"product_brand":[],"product_cat":[2155,35],"product_tag":[],"class_list":{"0":"post-29667","1":"product","2":"type-product","3":"status-publish","4":"has-post-thumbnail","6":"product_cat-sommersalg-no","7":"product_cat-produkter-no","8":"pa_vaelg-stoerrelse-small-no","9":"pa_vaelg-stoerrelse-medium-no","10":"pa_vaelg-stoerrelse-large-no","11":"pa_vaelg-stoerrelse-x-large-no-2","12":"pa_vaelg-stoerrelse-2xl-no","13":"pa_vaelg-stoerrelse-3xl-no","14":"pa_vaelg-stoerrelse-4xl-no","16":"first","17":"instock","18":"sale","19":"taxable","20":"shipping-taxable","21":"purchasable","22":"product-type-variable","23":"rtwpvs-product"},"acf":[],"yoast_head":"<!-- This site is optimized with the Yoast SEO plugin v26.0 - https:\/\/yoast.com\/wordpress\/plugins\/seo\/ -->\n<title>Ohio - Herre sommerskjorte - Wolf Camper<\/title>\n<meta name=\"description\" content=\"Herre sommerskjorte med suver\u00e6n komfort og h\u00f8j UV-beskyttelse. Materialet er str\u00e6kbart, der giver utrolig bev\u00e6gelsesfrihed i skjorten.\" \/>\n<meta name=\"robots\" content=\"index, follow, max-snippet:-1, max-image-preview:large, max-video-preview:-1\" \/>\n<link rel=\"canonical\" href=\"https:\/\/www.wolfcamper.com\/no\/vare\/ohio-sommerskjorte-til-herrer\/\" \/>\n<meta property=\"og:locale\" content=\"nb_NO\" \/>\n<meta property=\"og:type\" content=\"article\" \/>\n<meta property=\"og:title\" content=\"Ohio - Herre sommerskjorte - Wolf Camper\" \/>\n<meta property=\"og:description\" content=\"Herre sommerskjorte med suver\u00e6n komfort og h\u00f8j UV-beskyttelse. Materialet er str\u00e6kbart, der giver utrolig bev\u00e6gelsesfrihed i skjorten.\" \/>\n<meta property=\"og:url\" content=\"https:\/\/www.wolfcamper.com\/no\/vare\/ohio-sommerskjorte-til-herrer\/\" \/>\n<meta property=\"og:site_name\" content=\"Wolf Camper\" \/>\n<meta property=\"article:modified_time\" content=\"2024-08-30T22:05:47+00:00\" \/>\n<meta property=\"og:image\" content=\"https:\/\/www.wolfcamper.com\/wp-content\/uploads\/2021\/05\/ohio-blaa.png\" \/>\n\t<meta property=\"og:image:width\" content=\"1000\" \/>\n\t<meta property=\"og:image:height\" content=\"1000\" \/>\n\t<meta property=\"og:image:type\" content=\"image\/png\" \/>\n<meta name=\"twitter:card\" content=\"summary_large_image\" \/>\n<script type=\"application\/ld+json\" class=\"yoast-schema-graph\">{\"@context\":\"https:\/\/schema.org\",\"@graph\":[{\"@type\":\"WebPage\",\"@id\":\"https:\/\/www.wolfcamper.com\/no\/vare\/ohio-sommerskjorte-til-herrer\/\",\"url\":\"https:\/\/www.wolfcamper.com\/no\/vare\/ohio-sommerskjorte-til-herrer\/\",\"name\":\"Ohio - Herre sommerskjorte - Wolf Camper\",\"isPartOf\":{\"@id\":\"https:\/\/www.wolfcamper.com\/no\/#website\"},\"primaryImageOfPage\":{\"@id\":\"https:\/\/www.wolfcamper.com\/no\/vare\/ohio-sommerskjorte-til-herrer\/#primaryimage\"},\"image\":{\"@id\":\"https:\/\/www.wolfcamper.com\/no\/vare\/ohio-sommerskjorte-til-herrer\/#primaryimage\"},\"thumbnailUrl\":\"https:\/\/www.wolfcamper.com\/wp-content\/uploads\/2021\/05\/ohio-blaa.png\",\"datePublished\":\"2021-05-25T14:44:54+00:00\",\"dateModified\":\"2024-08-30T22:05:47+00:00\",\"description\":\"Herre sommerskjorte med suver\u00e6n komfort og h\u00f8j UV-beskyttelse. Materialet er str\u00e6kbart, der giver utrolig bev\u00e6gelsesfrihed i skjorten.\",\"breadcrumb\":{\"@id\":\"https:\/\/www.wolfcamper.com\/no\/vare\/ohio-sommerskjorte-til-herrer\/#breadcrumb\"},\"inLanguage\":\"nb-NO\",\"potentialAction\":[{\"@type\":\"ReadAction\",\"target\":[\"https:\/\/www.wolfcamper.com\/no\/vare\/ohio-sommerskjorte-til-herrer\/\"]}]},{\"@type\":\"ImageObject\",\"inLanguage\":\"nb-NO\",\"@id\":\"https:\/\/www.wolfcamper.com\/no\/vare\/ohio-sommerskjorte-til-herrer\/#primaryimage\",\"url\":\"https:\/\/www.wolfcamper.com\/wp-content\/uploads\/2021\/05\/ohio-blaa.png\",\"contentUrl\":\"https:\/\/www.wolfcamper.com\/wp-content\/uploads\/2021\/05\/ohio-blaa.png\",\"width\":1000,\"height\":1000,\"caption\":\"Svedtransporterende let sommerskjorte med str\u00e6k\"},{\"@type\":\"BreadcrumbList\",\"@id\":\"https:\/\/www.wolfcamper.com\/no\/vare\/ohio-sommerskjorte-til-herrer\/#breadcrumb\",\"itemListElement\":[{\"@type\":\"ListItem\",\"position\":1,\"name\":\"Home\",\"item\":\"https:\/\/www.wolfcamper.com\/no\/\"},{\"@type\":\"ListItem\",\"position\":2,\"name\":\"Shop\",\"item\":\"https:\/\/www.wolfcamper.com\/no\/shop-2\/\"},{\"@type\":\"ListItem\",\"position\":3,\"name\":\"Ohio &#8211; Sommerskjorte til herrer &#8211; Bl\u00e5\"}]},{\"@type\":\"WebSite\",\"@id\":\"https:\/\/www.wolfcamper.com\/no\/#website\",\"url\":\"https:\/\/www.wolfcamper.com\/no\/\",\"name\":\"Wolf Camper\",\"description\":\"Wolf Camper\",\"potentialAction\":[{\"@type\":\"SearchAction\",\"target\":{\"@type\":\"EntryPoint\",\"urlTemplate\":\"https:\/\/www.wolfcamper.com\/no\/?s={search_term_string}\"},\"query-input\":{\"@type\":\"PropertyValueSpecification\",\"valueRequired\":true,\"valueName\":\"search_term_string\"}}],\"inLanguage\":\"nb-NO\"}]}<\/script>\n<!-- \/ Yoast SEO plugin. -->","yoast_head_json":{"title":"Ohio - Herre sommerskjorte - Wolf Camper","description":"Herre sommerskjorte med suver\u00e6n komfort og h\u00f8j UV-beskyttelse. Materialet er str\u00e6kbart, der giver utrolig bev\u00e6gelsesfrihed i skjorten.","robots":{"index":"index","follow":"follow","max-snippet":"max-snippet:-1","max-image-preview":"max-image-preview:large","max-video-preview":"max-video-preview:-1"},"canonical":"https:\/\/www.wolfcamper.com\/no\/vare\/ohio-sommerskjorte-til-herrer\/","og_locale":"nb_NO","og_type":"article","og_title":"Ohio - Herre sommerskjorte - Wolf Camper","og_description":"Herre sommerskjorte med suver\u00e6n komfort og h\u00f8j UV-beskyttelse. Materialet er str\u00e6kbart, der giver utrolig bev\u00e6gelsesfrihed i skjorten.","og_url":"https:\/\/www.wolfcamper.com\/no\/vare\/ohio-sommerskjorte-til-herrer\/","og_site_name":"Wolf Camper","article_modified_time":"2024-08-30T22:05:47+00:00","og_image":[{"width":1000,"height":1000,"url":"https:\/\/www.wolfcamper.com\/wp-content\/uploads\/2021\/05\/ohio-blaa.png","type":"image\/png"}],"twitter_card":"summary_large_image","schema":{"@context":"https:\/\/schema.org","@graph":[{"@type":"WebPage","@id":"https:\/\/www.wolfcamper.com\/no\/vare\/ohio-sommerskjorte-til-herrer\/","url":"https:\/\/www.wolfcamper.com\/no\/vare\/ohio-sommerskjorte-til-herrer\/","name":"Ohio - Herre sommerskjorte - Wolf Camper","isPartOf":{"@id":"https:\/\/www.wolfcamper.com\/no\/#website"},"primaryImageOfPage":{"@id":"https:\/\/www.wolfcamper.com\/no\/vare\/ohio-sommerskjorte-til-herrer\/#primaryimage"},"image":{"@id":"https:\/\/www.wolfcamper.com\/no\/vare\/ohio-sommerskjorte-til-herrer\/#primaryimage"},"thumbnailUrl":"https:\/\/www.wolfcamper.com\/wp-content\/uploads\/2021\/05\/ohio-blaa.png","datePublished":"2021-05-25T14:44:54+00:00","dateModified":"2024-08-30T22:05:47+00:00","description":"Herre sommerskjorte med suver\u00e6n komfort og h\u00f8j UV-beskyttelse. Materialet er str\u00e6kbart, der giver utrolig bev\u00e6gelsesfrihed i skjorten.","breadcrumb":{"@id":"https:\/\/www.wolfcamper.com\/no\/vare\/ohio-sommerskjorte-til-herrer\/#breadcrumb"},"inLanguage":"nb-NO","potentialAction":[{"@type":"ReadAction","target":["https:\/\/www.wolfcamper.com\/no\/vare\/ohio-sommerskjorte-til-herrer\/"]}]},{"@type":"ImageObject","inLanguage":"nb-NO","@id":"https:\/\/www.wolfcamper.com\/no\/vare\/ohio-sommerskjorte-til-herrer\/#primaryimage","url":"https:\/\/www.wolfcamper.com\/wp-content\/uploads\/2021\/05\/ohio-blaa.png","contentUrl":"https:\/\/www.wolfcamper.com\/wp-content\/uploads\/2021\/05\/ohio-blaa.png","width":1000,"height":1000,"caption":"Svedtransporterende let sommerskjorte med str\u00e6k"},{"@type":"BreadcrumbList","@id":"https:\/\/www.wolfcamper.com\/no\/vare\/ohio-sommerskjorte-til-herrer\/#breadcrumb","itemListElement":[{"@type":"ListItem","position":1,"name":"Home","item":"https:\/\/www.wolfcamper.com\/no\/"},{"@type":"ListItem","position":2,"name":"Shop","item":"https:\/\/www.wolfcamper.com\/no\/shop-2\/"},{"@type":"ListItem","position":3,"name":"Ohio &#8211; Sommerskjorte til herrer &#8211; Bl\u00e5"}]},{"@type":"WebSite","@id":"https:\/\/www.wolfcamper.com\/no\/#website","url":"https:\/\/www.wolfcamper.com\/no\/","name":"Wolf Camper","description":"Wolf Camper","potentialAction":[{"@type":"SearchAction","target":{"@type":"EntryPoint","urlTemplate":"https:\/\/www.wolfcamper.com\/no\/?s={search_term_string}"},"query-input":{"@type":"PropertyValueSpecification","valueRequired":true,"valueName":"search_term_string"}}],"inLanguage":"nb-NO"}]}},"_links":{"self":[{"href":"https:\/\/www.wolfcamper.com\/no\/wp-json\/wp\/v2\/product\/29667","targetHints":{"allow":["GET"]}}],"collection":[{"href":"https:\/\/www.wolfcamper.com\/no\/wp-json\/wp\/v2\/product"}],"about":[{"href":"https:\/\/www.wolfcamper.com\/no\/wp-json\/wp\/v2\/types\/product"}],"wp:featuredmedia":[{"embeddable":true,"href":"https:\/\/www.wolfcamper.com\/no\/wp-json\/wp\/v2\/media\/42760"}],"wp:attachment":[{"href":"https:\/\/www.wolfcamper.com\/no\/wp-json\/wp\/v2\/media?parent=29667"}],"wp:term":[{"taxonomy":"product_brand","embeddable":true,"href":"https:\/\/www.wolfcamper.com\/no\/wp-json\/wp\/v2\/product_brand?post=29667"},{"taxonomy":"product_cat","embeddable":true,"href":"https:\/\/www.wolfcamper.com\/no\/wp-json\/wp\/v2\/product_cat?post=29667"},{"taxonomy":"product_tag","embeddable":true,"href":"https:\/\/www.wolfcamper.com\/no\/wp-json\/wp\/v2\/product_tag?post=29667"}],"curies":[{"name":"wp","href":"https:\/\/api.w.org\/{rel}","templated":true}]}}