{"id":29655,"date":"2021-05-25T13:02:26","date_gmt":"2021-05-25T14:44:31","guid":{"rendered":"https:\/\/www.wolfcamper.com\/\/vare\/nepal-2\/"},"modified":"2024-08-31T00:05:56","modified_gmt":"2024-08-30T22:05:56","slug":"nepal-lun-genser","status":"publish","type":"product","link":"https:\/\/www.wolfcamper.com\/no\/vare\/nepal-lun-genser\/","title":{"rendered":"Nepal &#8211; Lun genser"},"content":{"rendered":"<p>De svarte kontrastene p\u00e5 jakken er forsterkninger som hjelper til med \u00e5 \u00f8ke levetiden til skjorten og samtidig gi jakken et pent design. Nepal har 2 lommer foran og en liten glidel\u00e5slomme p\u00e5 venstre erme. Skjorten er utstyrt med hette. Nepal er en genser som du kan bruke som yttert\u00f8y i lavsesongen eller under en jakke i den kalde \u00e5rstiden.<\/p>\n","protected":false},"excerpt":{"rendered":"<p>Med Nepal l\u00f8ftes den tradisjonelle fleece-jakke til nye h\u00f8yder. Stoffet er laget av supermyk myk melange fleece. Materialet er b\u00f8rstet p\u00e5 innsiden, noe som gir et flokete preg, og hjelper deg med \u00e5 gj\u00f8re det varmt og mykt.<\/p>\n","protected":false},"featured_media":42835,"template":"","meta":{"_acf_changed":false,"_price":"399","_stock":"","_tribe_ticket_header":"","_tribe_default_ticket_provider":"","_tribe_ticket_capacity":"66","_ticket_start_date":"","_ticket_end_date":"","_tribe_ticket_show_description":"","_tribe_ticket_show_not_going":false,"_tribe_ticket_use_global_stock":"","_tribe_ticket_global_stock_level":"","_global_stock_mode":"","_global_stock_cap":"","_tribe_rsvp_for_event":"","_tribe_ticket_going_count":"","_tribe_ticket_not_going_count":"","_tribe_tickets_list":"[]","_tribe_ticket_has_attendee_info_fields":false,"_tec_slr_enabled":"","_tec_slr_layout":""},"product_brand":[],"product_cat":[2155,35],"product_tag":[],"class_list":{"0":"post-29655","1":"product","2":"type-product","3":"status-publish","4":"has-post-thumbnail","6":"product_cat-sommersalg-no","7":"product_cat-produkter-no","8":"pa_vaelg-stoerrelse-small-no","9":"pa_vaelg-stoerrelse-medium-no","10":"pa_vaelg-stoerrelse-large-no","11":"pa_vaelg-stoerrelse-x-large-no-2","12":"pa_vaelg-stoerrelse-2xl-no","13":"pa_vaelg-stoerrelse-3xl-no","15":"first","16":"instock","17":"sale","18":"taxable","19":"shipping-taxable","20":"purchasable","21":"product-type-variable","22":"rtwpvs-product"},"acf":[],"yoast_head":"<!-- This site is optimized with the Yoast SEO plugin v26.0 - https:\/\/yoast.com\/wordpress\/plugins\/seo\/ -->\n<title>Nepal - Lun genser | I varm fleece - Wolf Camper<\/title>\n<meta name=\"robots\" content=\"index, follow, max-snippet:-1, max-image-preview:large, max-video-preview:-1\" \/>\n<link rel=\"canonical\" href=\"https:\/\/www.wolfcamper.com\/no\/vare\/nepal-lun-genser\/\" \/>\n<meta property=\"og:locale\" content=\"nb_NO\" \/>\n<meta property=\"og:type\" content=\"article\" \/>\n<meta property=\"og:title\" content=\"Nepal - Lun genser | I varm fleece - Wolf Camper\" \/>\n<meta property=\"og:description\" content=\"Med Nepal l\u00f8ftes den tradisjonelle fleece-jakke til nye h\u00f8yder. Stoffet er laget av supermyk myk melange fleece. Materialet er b\u00f8rstet p\u00e5 innsiden, noe som gir et flokete preg, og hjelper deg med \u00e5 gj\u00f8re det varmt og mykt.\" \/>\n<meta property=\"og:url\" content=\"https:\/\/www.wolfcamper.com\/no\/vare\/nepal-lun-genser\/\" \/>\n<meta property=\"og:site_name\" content=\"Wolf Camper\" \/>\n<meta property=\"article:modified_time\" content=\"2024-08-30T22:05:56+00:00\" \/>\n<meta property=\"og:image\" content=\"https:\/\/www.wolfcamper.com\/wp-content\/uploads\/2021\/05\/nepalgrey-3.png\" \/>\n\t<meta property=\"og:image:width\" content=\"1000\" \/>\n\t<meta property=\"og:image:height\" content=\"1000\" \/>\n\t<meta property=\"og:image:type\" content=\"image\/png\" \/>\n<meta name=\"twitter:card\" content=\"summary_large_image\" \/>\n<script type=\"application\/ld+json\" class=\"yoast-schema-graph\">{\"@context\":\"https:\/\/schema.org\",\"@graph\":[{\"@type\":\"WebPage\",\"@id\":\"https:\/\/www.wolfcamper.com\/no\/vare\/nepal-lun-genser\/\",\"url\":\"https:\/\/www.wolfcamper.com\/no\/vare\/nepal-lun-genser\/\",\"name\":\"Nepal - Lun genser | I varm fleece - Wolf Camper\",\"isPartOf\":{\"@id\":\"https:\/\/www.wolfcamper.com\/no\/#website\"},\"primaryImageOfPage\":{\"@id\":\"https:\/\/www.wolfcamper.com\/no\/vare\/nepal-lun-genser\/#primaryimage\"},\"image\":{\"@id\":\"https:\/\/www.wolfcamper.com\/no\/vare\/nepal-lun-genser\/#primaryimage\"},\"thumbnailUrl\":\"https:\/\/www.wolfcamper.com\/wp-content\/uploads\/2021\/05\/nepalgrey-3.png\",\"datePublished\":\"2021-05-25T14:44:31+00:00\",\"dateModified\":\"2024-08-30T22:05:56+00:00\",\"breadcrumb\":{\"@id\":\"https:\/\/www.wolfcamper.com\/no\/vare\/nepal-lun-genser\/#breadcrumb\"},\"inLanguage\":\"nb-NO\",\"potentialAction\":[{\"@type\":\"ReadAction\",\"target\":[\"https:\/\/www.wolfcamper.com\/no\/vare\/nepal-lun-genser\/\"]}]},{\"@type\":\"ImageObject\",\"inLanguage\":\"nb-NO\",\"@id\":\"https:\/\/www.wolfcamper.com\/no\/vare\/nepal-lun-genser\/#primaryimage\",\"url\":\"https:\/\/www.wolfcamper.com\/wp-content\/uploads\/2021\/05\/nepalgrey-3.png\",\"contentUrl\":\"https:\/\/www.wolfcamper.com\/wp-content\/uploads\/2021\/05\/nepalgrey-3.png\",\"width\":1000,\"height\":1000,\"caption\":\"H\u00e6ttetr\u00f8je i bl\u00f8d\"},{\"@type\":\"BreadcrumbList\",\"@id\":\"https:\/\/www.wolfcamper.com\/no\/vare\/nepal-lun-genser\/#breadcrumb\",\"itemListElement\":[{\"@type\":\"ListItem\",\"position\":1,\"name\":\"Home\",\"item\":\"https:\/\/www.wolfcamper.com\/no\/\"},{\"@type\":\"ListItem\",\"position\":2,\"name\":\"Shop\",\"item\":\"https:\/\/www.wolfcamper.com\/no\/shop-2\/\"},{\"@type\":\"ListItem\",\"position\":3,\"name\":\"Nepal &#8211; Lun genser\"}]},{\"@type\":\"WebSite\",\"@id\":\"https:\/\/www.wolfcamper.com\/no\/#website\",\"url\":\"https:\/\/www.wolfcamper.com\/no\/\",\"name\":\"Wolf Camper\",\"description\":\"Wolf Camper\",\"potentialAction\":[{\"@type\":\"SearchAction\",\"target\":{\"@type\":\"EntryPoint\",\"urlTemplate\":\"https:\/\/www.wolfcamper.com\/no\/?s={search_term_string}\"},\"query-input\":{\"@type\":\"PropertyValueSpecification\",\"valueRequired\":true,\"valueName\":\"search_term_string\"}}],\"inLanguage\":\"nb-NO\"}]}<\/script>\n<!-- \/ Yoast SEO plugin. -->","yoast_head_json":{"title":"Nepal - Lun genser | I varm fleece - Wolf Camper","robots":{"index":"index","follow":"follow","max-snippet":"max-snippet:-1","max-image-preview":"max-image-preview:large","max-video-preview":"max-video-preview:-1"},"canonical":"https:\/\/www.wolfcamper.com\/no\/vare\/nepal-lun-genser\/","og_locale":"nb_NO","og_type":"article","og_title":"Nepal - Lun genser | I varm fleece - Wolf Camper","og_description":"Med Nepal l\u00f8ftes den tradisjonelle fleece-jakke til nye h\u00f8yder. Stoffet er laget av supermyk myk melange fleece. Materialet er b\u00f8rstet p\u00e5 innsiden, noe som gir et flokete preg, og hjelper deg med \u00e5 gj\u00f8re det varmt og mykt.","og_url":"https:\/\/www.wolfcamper.com\/no\/vare\/nepal-lun-genser\/","og_site_name":"Wolf Camper","article_modified_time":"2024-08-30T22:05:56+00:00","og_image":[{"width":1000,"height":1000,"url":"https:\/\/www.wolfcamper.com\/wp-content\/uploads\/2021\/05\/nepalgrey-3.png","type":"image\/png"}],"twitter_card":"summary_large_image","schema":{"@context":"https:\/\/schema.org","@graph":[{"@type":"WebPage","@id":"https:\/\/www.wolfcamper.com\/no\/vare\/nepal-lun-genser\/","url":"https:\/\/www.wolfcamper.com\/no\/vare\/nepal-lun-genser\/","name":"Nepal - Lun genser | I varm fleece - Wolf Camper","isPartOf":{"@id":"https:\/\/www.wolfcamper.com\/no\/#website"},"primaryImageOfPage":{"@id":"https:\/\/www.wolfcamper.com\/no\/vare\/nepal-lun-genser\/#primaryimage"},"image":{"@id":"https:\/\/www.wolfcamper.com\/no\/vare\/nepal-lun-genser\/#primaryimage"},"thumbnailUrl":"https:\/\/www.wolfcamper.com\/wp-content\/uploads\/2021\/05\/nepalgrey-3.png","datePublished":"2021-05-25T14:44:31+00:00","dateModified":"2024-08-30T22:05:56+00:00","breadcrumb":{"@id":"https:\/\/www.wolfcamper.com\/no\/vare\/nepal-lun-genser\/#breadcrumb"},"inLanguage":"nb-NO","potentialAction":[{"@type":"ReadAction","target":["https:\/\/www.wolfcamper.com\/no\/vare\/nepal-lun-genser\/"]}]},{"@type":"ImageObject","inLanguage":"nb-NO","@id":"https:\/\/www.wolfcamper.com\/no\/vare\/nepal-lun-genser\/#primaryimage","url":"https:\/\/www.wolfcamper.com\/wp-content\/uploads\/2021\/05\/nepalgrey-3.png","contentUrl":"https:\/\/www.wolfcamper.com\/wp-content\/uploads\/2021\/05\/nepalgrey-3.png","width":1000,"height":1000,"caption":"H\u00e6ttetr\u00f8je i bl\u00f8d"},{"@type":"BreadcrumbList","@id":"https:\/\/www.wolfcamper.com\/no\/vare\/nepal-lun-genser\/#breadcrumb","itemListElement":[{"@type":"ListItem","position":1,"name":"Home","item":"https:\/\/www.wolfcamper.com\/no\/"},{"@type":"ListItem","position":2,"name":"Shop","item":"https:\/\/www.wolfcamper.com\/no\/shop-2\/"},{"@type":"ListItem","position":3,"name":"Nepal &#8211; Lun genser"}]},{"@type":"WebSite","@id":"https:\/\/www.wolfcamper.com\/no\/#website","url":"https:\/\/www.wolfcamper.com\/no\/","name":"Wolf Camper","description":"Wolf Camper","potentialAction":[{"@type":"SearchAction","target":{"@type":"EntryPoint","urlTemplate":"https:\/\/www.wolfcamper.com\/no\/?s={search_term_string}"},"query-input":{"@type":"PropertyValueSpecification","valueRequired":true,"valueName":"search_term_string"}}],"inLanguage":"nb-NO"}]}},"_links":{"self":[{"href":"https:\/\/www.wolfcamper.com\/no\/wp-json\/wp\/v2\/product\/29655","targetHints":{"allow":["GET"]}}],"collection":[{"href":"https:\/\/www.wolfcamper.com\/no\/wp-json\/wp\/v2\/product"}],"about":[{"href":"https:\/\/www.wolfcamper.com\/no\/wp-json\/wp\/v2\/types\/product"}],"wp:featuredmedia":[{"embeddable":true,"href":"https:\/\/www.wolfcamper.com\/no\/wp-json\/wp\/v2\/media\/42835"}],"wp:attachment":[{"href":"https:\/\/www.wolfcamper.com\/no\/wp-json\/wp\/v2\/media?parent=29655"}],"wp:term":[{"taxonomy":"product_brand","embeddable":true,"href":"https:\/\/www.wolfcamper.com\/no\/wp-json\/wp\/v2\/product_brand?post=29655"},{"taxonomy":"product_cat","embeddable":true,"href":"https:\/\/www.wolfcamper.com\/no\/wp-json\/wp\/v2\/product_cat?post=29655"},{"taxonomy":"product_tag","embeddable":true,"href":"https:\/\/www.wolfcamper.com\/no\/wp-json\/wp\/v2\/product_tag?post=29655"}],"curies":[{"name":"wp","href":"https:\/\/api.w.org\/{rel}","templated":true}]}}