{"id":29339,"date":"2021-05-25T12:57:27","date_gmt":"2021-05-25T14:38:46","guid":{"rendered":"https:\/\/www.wolfcamper.com\/\/vare\/gecko-sommersko\/"},"modified":"2024-08-31T00:06:12","modified_gmt":"2024-08-30T22:06:12","slug":"gecko-sommersko","status":"publish","type":"product","link":"https:\/\/www.wolfcamper.com\/no\/vare\/gecko-sommersko\/","title":{"rendered":"Gecko &#8211; Sommersko"},"content":{"rendered":"<p>.<\/p>\n","protected":false},"excerpt":{"rendered":"<p>Sommersko med pustende \u00f8vre og st\u00f8pt st\u00f8tdempende s\u00e5le. Gecko er en utmerket sko for den varme tiden. Den \u00e5pne strukturen i \u00f8vre hjelper deg med \u00e5 holde en behagelig temperatur rundt foten din. Geckos st\u00f8pte lette s\u00e5le gir god st\u00f8tdemping uten \u00e5 v\u00e6re for tung.<\/p>\n","protected":false},"featured_media":43423,"template":"","meta":{"_acf_changed":false,"_price":"199","_stock":"0","_tribe_ticket_header":"","_tribe_default_ticket_provider":"","_tribe_ticket_capacity":"4","_ticket_start_date":"","_ticket_end_date":"","_tribe_ticket_show_description":"","_tribe_ticket_show_not_going":false,"_tribe_ticket_use_global_stock":"","_tribe_ticket_global_stock_level":"","_global_stock_mode":"","_global_stock_cap":"","_tribe_rsvp_for_event":"","_tribe_ticket_going_count":"","_tribe_ticket_not_going_count":"","_tribe_tickets_list":"[]","_tribe_ticket_has_attendee_info_fields":false,"_tec_slr_enabled":"","_tec_slr_layout":""},"product_brand":[],"product_cat":[2171,2155,35,1881,1882],"product_tag":[],"class_list":{"0":"post-29339","1":"product","2":"type-product","3":"status-publish","4":"has-post-thumbnail","6":"product_cat-bf-no","7":"product_cat-sommersalg-no","8":"product_cat-produkter-no","9":"product_cat-fottoy-dame-herre","10":"product_cat-trekkingsko-fritidssko","11":"pa_vaelg-stoerrelse-40-no","12":"pa_vaelg-stoerrelse-41-no","13":"pa_vaelg-stoerrelse-42-no","14":"pa_vaelg-stoerrelse-43-no","15":"pa_vaelg-stoerrelse-44-no","16":"pa_vaelg-stoerrelse-45-no","17":"pa_vaelg-stoerrelse-46-no-2","18":"pa_vaelg-stoerrelse-47-no","20":"first","21":"outofstock","22":"sale","23":"taxable","24":"shipping-taxable","25":"purchasable","26":"product-type-variable","27":"rtwpvs-product"},"acf":[],"yoast_head":"<!-- This site is optimized with the Yoast SEO plugin v26.0 - https:\/\/yoast.com\/wordpress\/plugins\/seo\/ -->\n<title>Gecko - Kj\u00f8p funksjonell sommersko her - Wolf Camper<\/title>\n<meta name=\"description\" content=\"Gecko er en fremragende g\u00e5 sko til den varme tid. Den \u00e5bne struktur i overdelen holder en komfortabel temperatur om din fod. Find den her!\" \/>\n<meta name=\"robots\" content=\"index, follow, max-snippet:-1, max-image-preview:large, max-video-preview:-1\" \/>\n<link rel=\"canonical\" href=\"https:\/\/www.wolfcamper.com\/no\/vare\/gecko-sommersko\/\" \/>\n<meta property=\"og:locale\" content=\"nb_NO\" \/>\n<meta property=\"og:type\" content=\"article\" \/>\n<meta property=\"og:title\" content=\"Gecko - Kj\u00f8p funksjonell sommersko her - Wolf Camper\" \/>\n<meta property=\"og:description\" content=\"Gecko er en fremragende g\u00e5 sko til den varme tid. Den \u00e5bne struktur i overdelen holder en komfortabel temperatur om din fod. Find den her!\" \/>\n<meta property=\"og:url\" content=\"https:\/\/www.wolfcamper.com\/no\/vare\/gecko-sommersko\/\" \/>\n<meta property=\"og:site_name\" content=\"Wolf Camper\" \/>\n<meta property=\"article:modified_time\" content=\"2024-08-30T22:06:12+00:00\" \/>\n<meta property=\"og:image\" content=\"https:\/\/www.wolfcamper.com\/wp-content\/uploads\/2021\/05\/gecko-3.png\" \/>\n\t<meta property=\"og:image:width\" content=\"1000\" \/>\n\t<meta property=\"og:image:height\" content=\"1000\" \/>\n\t<meta property=\"og:image:type\" content=\"image\/png\" \/>\n<meta name=\"twitter:card\" content=\"summary_large_image\" \/>\n<script type=\"application\/ld+json\" class=\"yoast-schema-graph\">{\"@context\":\"https:\/\/schema.org\",\"@graph\":[{\"@type\":\"WebPage\",\"@id\":\"https:\/\/www.wolfcamper.com\/no\/vare\/gecko-sommersko\/\",\"url\":\"https:\/\/www.wolfcamper.com\/no\/vare\/gecko-sommersko\/\",\"name\":\"Gecko - Kj\u00f8p funksjonell sommersko her - Wolf Camper\",\"isPartOf\":{\"@id\":\"https:\/\/www.wolfcamper.com\/no\/#website\"},\"primaryImageOfPage\":{\"@id\":\"https:\/\/www.wolfcamper.com\/no\/vare\/gecko-sommersko\/#primaryimage\"},\"image\":{\"@id\":\"https:\/\/www.wolfcamper.com\/no\/vare\/gecko-sommersko\/#primaryimage\"},\"thumbnailUrl\":\"https:\/\/www.wolfcamper.com\/wp-content\/uploads\/2021\/05\/gecko-3.png\",\"datePublished\":\"2021-05-25T14:38:46+00:00\",\"dateModified\":\"2024-08-30T22:06:12+00:00\",\"description\":\"Gecko er en fremragende g\u00e5 sko til den varme tid. Den \u00e5bne struktur i overdelen holder en komfortabel temperatur om din fod. Find den her!\",\"breadcrumb\":{\"@id\":\"https:\/\/www.wolfcamper.com\/no\/vare\/gecko-sommersko\/#breadcrumb\"},\"inLanguage\":\"nb-NO\",\"potentialAction\":[{\"@type\":\"ReadAction\",\"target\":[\"https:\/\/www.wolfcamper.com\/no\/vare\/gecko-sommersko\/\"]}]},{\"@type\":\"ImageObject\",\"inLanguage\":\"nb-NO\",\"@id\":\"https:\/\/www.wolfcamper.com\/no\/vare\/gecko-sommersko\/#primaryimage\",\"url\":\"https:\/\/www.wolfcamper.com\/wp-content\/uploads\/2021\/05\/gecko-3.png\",\"contentUrl\":\"https:\/\/www.wolfcamper.com\/wp-content\/uploads\/2021\/05\/gecko-3.png\",\"width\":1000,\"height\":1000,\"caption\":\"Sommersko med ventilerende overdel i bl\u00e5 med gr\u00e5 detaljer\"},{\"@type\":\"BreadcrumbList\",\"@id\":\"https:\/\/www.wolfcamper.com\/no\/vare\/gecko-sommersko\/#breadcrumb\",\"itemListElement\":[{\"@type\":\"ListItem\",\"position\":1,\"name\":\"Home\",\"item\":\"https:\/\/www.wolfcamper.com\/no\/\"},{\"@type\":\"ListItem\",\"position\":2,\"name\":\"Shop\",\"item\":\"https:\/\/www.wolfcamper.com\/no\/shop-2\/\"},{\"@type\":\"ListItem\",\"position\":3,\"name\":\"Gecko &#8211; Sommersko\"}]},{\"@type\":\"WebSite\",\"@id\":\"https:\/\/www.wolfcamper.com\/no\/#website\",\"url\":\"https:\/\/www.wolfcamper.com\/no\/\",\"name\":\"Wolf Camper\",\"description\":\"Wolf Camper\",\"potentialAction\":[{\"@type\":\"SearchAction\",\"target\":{\"@type\":\"EntryPoint\",\"urlTemplate\":\"https:\/\/www.wolfcamper.com\/no\/?s={search_term_string}\"},\"query-input\":{\"@type\":\"PropertyValueSpecification\",\"valueRequired\":true,\"valueName\":\"search_term_string\"}}],\"inLanguage\":\"nb-NO\"}]}<\/script>\n<!-- \/ Yoast SEO plugin. -->","yoast_head_json":{"title":"Gecko - Kj\u00f8p funksjonell sommersko her - Wolf Camper","description":"Gecko er en fremragende g\u00e5 sko til den varme tid. Den \u00e5bne struktur i overdelen holder en komfortabel temperatur om din fod. Find den her!","robots":{"index":"index","follow":"follow","max-snippet":"max-snippet:-1","max-image-preview":"max-image-preview:large","max-video-preview":"max-video-preview:-1"},"canonical":"https:\/\/www.wolfcamper.com\/no\/vare\/gecko-sommersko\/","og_locale":"nb_NO","og_type":"article","og_title":"Gecko - Kj\u00f8p funksjonell sommersko her - Wolf Camper","og_description":"Gecko er en fremragende g\u00e5 sko til den varme tid. Den \u00e5bne struktur i overdelen holder en komfortabel temperatur om din fod. Find den her!","og_url":"https:\/\/www.wolfcamper.com\/no\/vare\/gecko-sommersko\/","og_site_name":"Wolf Camper","article_modified_time":"2024-08-30T22:06:12+00:00","og_image":[{"width":1000,"height":1000,"url":"https:\/\/www.wolfcamper.com\/wp-content\/uploads\/2021\/05\/gecko-3.png","type":"image\/png"}],"twitter_card":"summary_large_image","schema":{"@context":"https:\/\/schema.org","@graph":[{"@type":"WebPage","@id":"https:\/\/www.wolfcamper.com\/no\/vare\/gecko-sommersko\/","url":"https:\/\/www.wolfcamper.com\/no\/vare\/gecko-sommersko\/","name":"Gecko - Kj\u00f8p funksjonell sommersko her - Wolf Camper","isPartOf":{"@id":"https:\/\/www.wolfcamper.com\/no\/#website"},"primaryImageOfPage":{"@id":"https:\/\/www.wolfcamper.com\/no\/vare\/gecko-sommersko\/#primaryimage"},"image":{"@id":"https:\/\/www.wolfcamper.com\/no\/vare\/gecko-sommersko\/#primaryimage"},"thumbnailUrl":"https:\/\/www.wolfcamper.com\/wp-content\/uploads\/2021\/05\/gecko-3.png","datePublished":"2021-05-25T14:38:46+00:00","dateModified":"2024-08-30T22:06:12+00:00","description":"Gecko er en fremragende g\u00e5 sko til den varme tid. Den \u00e5bne struktur i overdelen holder en komfortabel temperatur om din fod. Find den her!","breadcrumb":{"@id":"https:\/\/www.wolfcamper.com\/no\/vare\/gecko-sommersko\/#breadcrumb"},"inLanguage":"nb-NO","potentialAction":[{"@type":"ReadAction","target":["https:\/\/www.wolfcamper.com\/no\/vare\/gecko-sommersko\/"]}]},{"@type":"ImageObject","inLanguage":"nb-NO","@id":"https:\/\/www.wolfcamper.com\/no\/vare\/gecko-sommersko\/#primaryimage","url":"https:\/\/www.wolfcamper.com\/wp-content\/uploads\/2021\/05\/gecko-3.png","contentUrl":"https:\/\/www.wolfcamper.com\/wp-content\/uploads\/2021\/05\/gecko-3.png","width":1000,"height":1000,"caption":"Sommersko med ventilerende overdel i bl\u00e5 med gr\u00e5 detaljer"},{"@type":"BreadcrumbList","@id":"https:\/\/www.wolfcamper.com\/no\/vare\/gecko-sommersko\/#breadcrumb","itemListElement":[{"@type":"ListItem","position":1,"name":"Home","item":"https:\/\/www.wolfcamper.com\/no\/"},{"@type":"ListItem","position":2,"name":"Shop","item":"https:\/\/www.wolfcamper.com\/no\/shop-2\/"},{"@type":"ListItem","position":3,"name":"Gecko &#8211; Sommersko"}]},{"@type":"WebSite","@id":"https:\/\/www.wolfcamper.com\/no\/#website","url":"https:\/\/www.wolfcamper.com\/no\/","name":"Wolf Camper","description":"Wolf Camper","potentialAction":[{"@type":"SearchAction","target":{"@type":"EntryPoint","urlTemplate":"https:\/\/www.wolfcamper.com\/no\/?s={search_term_string}"},"query-input":{"@type":"PropertyValueSpecification","valueRequired":true,"valueName":"search_term_string"}}],"inLanguage":"nb-NO"}]}},"_links":{"self":[{"href":"https:\/\/www.wolfcamper.com\/no\/wp-json\/wp\/v2\/product\/29339","targetHints":{"allow":["GET"]}}],"collection":[{"href":"https:\/\/www.wolfcamper.com\/no\/wp-json\/wp\/v2\/product"}],"about":[{"href":"https:\/\/www.wolfcamper.com\/no\/wp-json\/wp\/v2\/types\/product"}],"wp:featuredmedia":[{"embeddable":true,"href":"https:\/\/www.wolfcamper.com\/no\/wp-json\/wp\/v2\/media\/43423"}],"wp:attachment":[{"href":"https:\/\/www.wolfcamper.com\/no\/wp-json\/wp\/v2\/media?parent=29339"}],"wp:term":[{"taxonomy":"product_brand","embeddable":true,"href":"https:\/\/www.wolfcamper.com\/no\/wp-json\/wp\/v2\/product_brand?post=29339"},{"taxonomy":"product_cat","embeddable":true,"href":"https:\/\/www.wolfcamper.com\/no\/wp-json\/wp\/v2\/product_cat?post=29339"},{"taxonomy":"product_tag","embeddable":true,"href":"https:\/\/www.wolfcamper.com\/no\/wp-json\/wp\/v2\/product_tag?post=29339"}],"curies":[{"name":"wp","href":"https:\/\/api.w.org\/{rel}","templated":true}]}}