{"id":41756,"date":"2021-03-31T08:46:33","date_gmt":"2021-03-31T06:46:33","guid":{"rendered":"https:\/\/www.wolfcamper.com\/\/historien-om-wolf-camper\/"},"modified":"2021-11-04T11:48:41","modified_gmt":"2021-11-04T10:48:41","slug":"geschichte-von-wolf-camper","status":"publish","type":"page","link":"https:\/\/www.wolfcamper.com\/de\/geschichte-von-wolf-camper\/","title":{"rendered":"Die Geschichte von Wolf Camper"},"content":{"rendered":"<h2>\n<p>Unsere Wurzeln<\/p>\n<\/h2>\n<div>\n<p>WOLF CAMPER wurde im Jahr 1992 in D\u00e4nemark gegr\u00fcndet. Wir hatten den Wunsch, anderen zu einer intensiven Naturverbundenheit zu verhelfen, die wir nach einem aktiven Tag in der Natur beim gemeinsamen Sitzen am Feuer versp\u00fcrten. Wir begannen als kleines Hobbyunternehmen, das sich auf die Entwicklung von Leichtzelten konzentrierte. Schnell wurden gr\u00f6\u00dfere R\u00e4umlichkeiten ben\u00f6tigt und 1999 haben wir uns als professionelles Unternehmen etabliert. Im Jahr 2003 wurde unser Domizil auf einem sch\u00f6nen Naturgrundst\u00fcck in Taars in Nordj\u00fctland, D\u00e4nemark gebaut. Unsere Produkte gewinnen im Ausland immer mehr an Aufmerksamkeit und heute besteht unser Stamm aus Kunden aus aller Welt, die unsere Liebe zur Natur teilen \u2013 und die tiefe Freundschaft, die wir erleben, wenn wir die Natur in vollen Z\u00fcgen mit unseren Freunden und unserer Familie genie\u00dfen.<\/p>\n<\/div>\n<p><img decoding=\"async\" src=\"\/wolf\/wp-content\/uploads\/2021\/03\/Indianerhus_domicil_940.jpg\" alt=\"\"><br \/>\n<img decoding=\"async\" src=\"\/wolf\/wp-content\/uploads\/2021\/03\/baal.png\" alt=\"\"><\/p>\n<h2>\n<p>Unser Traum<\/p>\n<\/h2>\n<div>\n<p>Wir bei WOLF CAMPER tr\u00e4umen davon, jedem den Weg in die Natur zu erm\u00f6glichen. Wir m\u00f6chten Menschen helfen, den Zusammenhalt mit der Natur zu erleben \u2013 und ihre Beziehungen zu anderen durch fantastische Naturerlebnisse st\u00e4rken. Nach ein paar Stunden in der Natur atmet man anders. Das einfachste Essen wird nach einer Tageswanderung in Sonne und Wind zum Gourmet. Die Gesichter um das Feuer leuchten im Schein der Flammen, und die M\u00fcdigkeit im K\u00f6rper l\u00f6st sich in Reden und Lachen. Im Einklang mit der Natur zu sein ist ein Gef\u00fchl von Ausgeglichenheit und Leichtigkeit. Das Gef\u00fchl entsteht, wenn sich Mensch und Natur auf Augenh\u00f6he begegnen. Wir tr\u00e4umen davon, Ger\u00e4te f\u00fcr aktive Menschen zu schaffen, die eine Qualit\u00e4t und Finesse aufweisen, die das einfache Leben leicht machen.<\/p>\n<\/div>\n<h2>\n<p>Unsere Inspiration<\/p>\n<\/h2>\n<div>\n<p>Der Indianer im Logo von WOLF CAMPER symbolisiert die urspr\u00fcngliche Verbundenheit des Menschen mit der Natur. Die F\u00e4higkeit der Indianer, mit den Elementen zu kooperieren und die Ressourcen der Natur respektvoll zu nutzen, ist unsere grundlegende Inspiration. Der Indianer ist eng mit seinem Stamm verwandt. Das Miteinander wird durch rituelle Handlungen, Ahnengeschichten und die Weitergabe des kulturellen Erbes des Stammes an die j\u00fcngere Generation gest\u00e4rkt. Wir sind inspiriert von Gemeinschaft, Freiheit und dem einfachen Leben im Einklang mit der Natur.<\/p>\n<\/div>\n<p><img decoding=\"async\" src=\"\/wolf\/wp-content\/uploads\/2021\/03\/logo300px.png\" alt=\"\"><br \/>\n<img decoding=\"async\" src=\"\/wolf\/wp-content\/uploads\/2021\/03\/produkter.png\" alt=\"\"><\/p>\n<h2>\n<p>Unsere Produkte<\/p>\n<\/h2>\n<div>\n<p>WOLF CAMPER entwickelt technische Outdoor-Produkte in Top-Qualit\u00e4t, damit unsere Kunden gute Erfahrungen in der Natur machen k\u00f6nnen. Unsere Produkte sind langlebig, funktional und angenehm zu tragen, und wir streben nach zeitloser Einfachheit in unserem Design. Bei der Bewegung in der Natur ist die richtige Ausr\u00fcstung entscheidend f\u00fcr das Erlebnis. Die Kleidung soll sich wie ein nat\u00fcrliches K\u00f6rperteil anf\u00fchlen und gleichzeitig die Haut sch\u00fctzen und atmen lassen. Die praktische Ausr\u00fcstung soll die t\u00e4glichen Rituale in der Natur leicht handhabbar machen. Unsere \u00fcber 25-j\u00e4hrige Erfahrung in der Branche hat uns gezeigt, dass wir am meisten lernen, wenn wir mit den Menschen zusammenarbeiten, die unsere Produkte verwenden. Deshalb sch\u00e4tzen wir den Dialog mit unseren Kunden und nehmen alle guten Anregungen an unsere renommierten Designer und Designer weiter.<\/p>\n<\/div>\n<h2>\n<p>Unsere Organisation<\/p>\n<\/h2>\n<div>\n<p>Mit WOLF CAMPER haben wir eine Organisation geschaffen, in der wir die M\u00f6glichkeit haben, die Qualit\u00e4t des Produkts w\u00e4hrend des gesamten Entwicklungsprozesses sicherzustellen. Wir sind von der Idee an dabei, nehmen zu jedem Detail in der Produktion Stellung und testen das Produkt selbst, bevor es beim Kunden ankommt. Unsere Organisation verf\u00fcgt \u00fcber eine eingebaute Flexibilit\u00e4t, die es uns erm\u00f6glicht, schnell eine Entscheidung zu treffen und Ma\u00dfnahmen zu ergreifen, wenn eine neue Idee getestet werden muss. Gleichzeitig vermeiden wir teure Zwischenh\u00e4ndler, sodass wir qualitativ hochwertige Produkte zu guten Preisen verkaufen k\u00f6nnen. Wir verkaufen unsere Produkte haupts\u00e4chlich \u00fcber unseren Webshop und in unseren eigenen Gesch\u00e4ften. Es gibt uns eine N\u00e4he zu den Kunden, was bedeutet, dass wir den besten Kundenservice bieten und gleichzeitig den Einblick in die Bed\u00fcrfnisse der Kunden erhalten, was uns zu einer der innovativsten Outdoor-Marken D\u00e4nemarks macht.<\/p>\n<\/div>\n<p><img decoding=\"async\" src=\"\/wolf\/wp-content\/uploads\/2021\/03\/stammen.png\" alt=\"\"><br \/>\n<img decoding=\"async\" src=\"\/wolf\/wp-content\/uploads\/2021\/03\/baalhytte.png\" alt=\"\"><\/p>\n<h2>\n<p>Unsere Events<\/p>\n<\/h2>\n<div>\n<p>Unser Naturgrundst\u00fcck ist zu unserem Spielplatz geworden und im Fr\u00fchjahr 2019 haben wir unseren neuesten Traum verwirklicht \u2013 eine Lagerfeuerh\u00fctte mit Platz f\u00fcr 80 Personen \u2013 ein gem\u00fctlicher Treffpunkt f\u00fcr naturverbundene Aktive. Die Lagerfeuerh\u00fctte dient als Treffpunkt f\u00fcr Kurse und Informationsveranstaltungen zu Outdoor-Ausfl\u00fcgen, Teambuilding-Ausfl\u00fcgen, Vortr\u00e4gen etc.<\/p>\n<\/div>\n<p><!--more--><br \/>\n<!-- {\"type\":\"layout\",\"children\":[{\"type\":\"section\",\"props\":{\"style\":\"default\",\"width\":\"default\",\"vertical_align\":\"middle\",\"title_position\":\"top-left\",\"title_rotation\":\"left\",\"title_breakpoint\":\"xl\",\"image_position\":\"center-center\"},\"children\":[{\"type\":\"row\",\"props\":{\"layout\":\"1-2,1-2\"},\"children\":[{\"type\":\"column\",\"props\":{\"image_position\":\"center-center\",\"media_overlay_gradient\":\"\",\"width_medium\":\"1-2\",\"vertical_align\":\"middle\"},\"children\":[{\"type\":\"headline\",\"props\":{\"title_element\":\"h2\",\"content\":\"\n\n<p>Unsere Wurzeln<\\\/p>\"}},{\"type\":\"text\",\"props\":{\"margin\":\"default\",\"column_breakpoint\":\"m\",\"content\":\"\n\n<p>WOLF CAMPER wurde im Jahr 1992 in D\\u00e4nemark gegr\\u00fcndet. Wir hatten den Wunsch, anderen zu einer intensiven Naturverbundenheit zu verhelfen, die wir nach einem aktiven Tag in der Natur beim gemeinsamen Sitzen am Feuer versp\\u00fcrten. Wir begannen als kleines Hobbyunternehmen, das sich auf die Entwicklung von Leichtzelten konzentrierte. Schnell wurden gr\\u00f6\\u00dfere R\\u00e4umlichkeiten ben\\u00f6tigt und 1999 haben wir uns als professionelles Unternehmen etabliert. Im Jahr 2003 wurde unser Domizil auf einem sch\\u00f6nen Naturgrundst\\u00fcck in Taars in Nordj\\u00fctland, D\\u00e4nemark gebaut. Unsere Produkte gewinnen im Ausland immer mehr an Aufmerksamkeit und heute besteht unser Stamm aus Kunden aus aller Welt, die unsere Liebe zur Natur teilen \\u2013 und die tiefe Freundschaft, die wir erleben, wenn wir die Natur in vollen Z\\u00fcgen mit unseren Freunden und unserer Familie genie\\u00dfen.<\\\/p>\"}}]},{\"type\":\"column\",\"props\":{\"image_position\":\"center-center\",\"media_overlay_gradient\":\"\",\"width_medium\":\"1-2\",\"image\":\"\"},\"children\":[{\"type\":\"image\",\"props\":{\"margin\":\"default\",\"image_svg_color\":\"emphasis\",\"image\":\"wp-content\\\/uploads\\\/2021\\\/03\\\/Indianerhus_domicil_940.jpg\"}}]}]},{\"type\":\"row\",\"props\":{\"layout\":\"1-2,1-2\"},\"children\":[{\"type\":\"column\",\"props\":{\"image_position\":\"center-center\",\"media_overlay_gradient\":\"\",\"width_medium\":\"1-2\"},\"children\":[{\"type\":\"image\",\"props\":{\"margin\":\"default\",\"image_svg_color\":\"emphasis\",\"image\":\"wp-content\\\/uploads\\\/2021\\\/03\\\/baal.png\",\"image_width\":\"800\"}}]},{\"type\":\"column\",\"props\":{\"image_position\":\"center-center\",\"media_overlay_gradient\":\"\",\"width_medium\":\"1-2\",\"image\":\"\",\"vertical_align\":\"middle\"},\"children\":[{\"type\":\"headline\",\"props\":{\"title_element\":\"h2\",\"content\":\"\n\n<p>Unser Traum<\\\/p>\"}},{\"type\":\"text\",\"props\":{\"margin\":\"default\",\"column_breakpoint\":\"m\",\"content\":\"\n\n<p>Wir bei WOLF CAMPER tr\\u00e4umen davon, jedem den Weg in die Natur zu erm\\u00f6glichen. Wir m\\u00f6chten Menschen helfen, den Zusammenhalt mit der Natur zu erleben \\u2013 und ihre Beziehungen zu anderen durch fantastische Naturerlebnisse st\\u00e4rken. Nach ein paar Stunden in der Natur atmet man anders. Das einfachste Essen wird nach einer Tageswanderung in Sonne und Wind zum Gourmet. Die Gesichter um das Feuer leuchten im Schein der Flammen, und die M\\u00fcdigkeit im K\\u00f6rper l\\u00f6st sich in Reden und Lachen. Im Einklang mit der Natur zu sein ist ein Gef\\u00fchl von Ausgeglichenheit und Leichtigkeit. Das Gef\\u00fchl entsteht, wenn sich Mensch und Natur auf Augenh\\u00f6he begegnen. Wir tr\\u00e4umen davon, Ger\\u00e4te f\\u00fcr aktive Menschen zu schaffen, die eine Qualit\\u00e4t und Finesse aufweisen, die das einfache Leben leicht machen.<\\\/p>\"}}]}]},{\"type\":\"row\",\"props\":{\"layout\":\"1-2,1-2\"},\"children\":[{\"type\":\"column\",\"props\":{\"image_position\":\"center-center\",\"media_overlay_gradient\":\"\",\"width_medium\":\"1-2\",\"vertical_align\":\"middle\"},\"children\":[{\"type\":\"headline\",\"props\":{\"title_element\":\"h2\",\"content\":\"\n\n<p>Unsere Inspiration<\\\/p>\"}},{\"type\":\"text\",\"props\":{\"margin\":\"default\",\"column_breakpoint\":\"m\",\"content\":\"\n\n<p>Der Indianer im Logo von WOLF CAMPER symbolisiert die urspr\\u00fcngliche Verbundenheit des Menschen mit der Natur. Die F\\u00e4higkeit der Indianer, mit den Elementen zu kooperieren und die Ressourcen der Natur respektvoll zu nutzen, ist unsere grundlegende Inspiration. Der Indianer ist eng mit seinem Stamm verwandt. Das Miteinander wird durch rituelle Handlungen, Ahnengeschichten und die Weitergabe des kulturellen Erbes des Stammes an die j\\u00fcngere Generation gest\\u00e4rkt. Wir sind inspiriert von Gemeinschaft, Freiheit und dem einfachen Leben im Einklang mit der Natur.<\\\/p>\"}}]},{\"type\":\"column\",\"props\":{\"image_position\":\"center-center\",\"media_overlay_gradient\":\"\",\"width_medium\":\"1-2\",\"image\":\"\",\"vertical_align\":\"middle\"},\"children\":[{\"type\":\"image\",\"props\":{\"margin\":\"default\",\"image_svg_color\":\"emphasis\",\"image\":\"wp-content\\\/uploads\\\/2021\\\/03\\\/logo300px.png\",\"text_align\":\"center\"}}]}]},{\"type\":\"row\",\"props\":{\"layout\":\"1-2,1-2\"},\"children\":[{\"type\":\"column\",\"props\":{\"image_position\":\"center-center\",\"media_overlay_gradient\":\"\",\"width_medium\":\"1-2\"},\"children\":[{\"type\":\"image\",\"props\":{\"margin\":\"default\",\"image_svg_color\":\"emphasis\",\"image\":\"wp-content\\\/uploads\\\/2021\\\/03\\\/produkter.png\",\"image_width\":\"800\"}}]},{\"type\":\"column\",\"props\":{\"image_position\":\"center-center\",\"media_overlay_gradient\":\"\",\"width_medium\":\"1-2\",\"image\":\"\",\"vertical_align\":\"middle\"},\"children\":[{\"type\":\"headline\",\"props\":{\"title_element\":\"h2\",\"content\":\"\n\n<p>Unsere Produkte<\\\/p>\"}},{\"type\":\"text\",\"props\":{\"margin\":\"default\",\"column_breakpoint\":\"m\",\"content\":\"\n\n<p>WOLF CAMPER entwickelt technische Outdoor-Produkte in Top-Qualit\\u00e4t, damit unsere Kunden gute Erfahrungen in der Natur machen k\\u00f6nnen. Unsere Produkte sind langlebig, funktional und angenehm zu tragen, und wir streben nach zeitloser Einfachheit in unserem Design. Bei der Bewegung in der Natur ist die richtige Ausr\\u00fcstung entscheidend f\\u00fcr das Erlebnis. Die Kleidung soll sich wie ein nat\\u00fcrliches K\\u00f6rperteil anf\\u00fchlen und gleichzeitig die Haut sch\\u00fctzen und atmen lassen. Die praktische Ausr\\u00fcstung soll die t\\u00e4glichen Rituale in der Natur leicht handhabbar machen. Unsere \\u00fcber 25-j\\u00e4hrige Erfahrung in der Branche hat uns gezeigt, dass wir am meisten lernen, wenn wir mit den Menschen zusammenarbeiten, die unsere Produkte verwenden. Deshalb sch\\u00e4tzen wir den Dialog mit unseren Kunden und nehmen alle guten Anregungen an unsere renommierten Designer und Designer weiter.<\\\/p>\"}}]}]},{\"type\":\"row\",\"props\":{\"layout\":\"1-2,1-2\"},\"children\":[{\"type\":\"column\",\"props\":{\"image_position\":\"center-center\",\"media_overlay_gradient\":\"\",\"width_medium\":\"1-2\",\"vertical_align\":\"middle\"},\"children\":[{\"type\":\"headline\",\"props\":{\"title_element\":\"h2\",\"content\":\"\n\n<p>Unsere Organisation<\\\/p>\"}},{\"type\":\"text\",\"props\":{\"margin\":\"default\",\"column_breakpoint\":\"m\",\"content\":\"\n\n<p>Mit WOLF CAMPER haben wir eine Organisation geschaffen, in der wir die M\\u00f6glichkeit haben, die Qualit\\u00e4t des Produkts w\\u00e4hrend des gesamten Entwicklungsprozesses sicherzustellen. Wir sind von der Idee an dabei, nehmen zu jedem Detail in der Produktion Stellung und testen das Produkt selbst, bevor es beim Kunden ankommt. Unsere Organisation verf\\u00fcgt \\u00fcber eine eingebaute Flexibilit\\u00e4t, die es uns erm\\u00f6glicht, schnell eine Entscheidung zu treffen und Ma\\u00dfnahmen zu ergreifen, wenn eine neue Idee getestet werden muss. Gleichzeitig vermeiden wir teure Zwischenh\\u00e4ndler, sodass wir qualitativ hochwertige Produkte zu guten Preisen verkaufen k\\u00f6nnen. Wir verkaufen unsere Produkte haupts\\u00e4chlich \\u00fcber unseren Webshop und in unseren eigenen Gesch\\u00e4ften. Es gibt uns eine N\\u00e4he zu den Kunden, was bedeutet, dass wir den besten Kundenservice bieten und gleichzeitig den Einblick in die Bed\\u00fcrfnisse der Kunden erhalten, was uns zu einer der innovativsten Outdoor-Marken D\\u00e4nemarks macht.<\\\/p>\"}}]},{\"type\":\"column\",\"props\":{\"image_position\":\"center-center\",\"media_overlay_gradient\":\"\",\"width_medium\":\"1-2\",\"image\":\"\",\"vertical_align\":\"middle\"},\"children\":[{\"type\":\"image\",\"props\":{\"margin\":\"default\",\"image_svg_color\":\"emphasis\",\"image\":\"wp-content\\\/uploads\\\/2021\\\/03\\\/stammen.png\",\"text_align\":\"center\"}}]}]},{\"type\":\"row\",\"props\":{\"layout\":\"1-2,1-2\"},\"children\":[{\"type\":\"column\",\"props\":{\"image_position\":\"center-center\",\"media_overlay_gradient\":\"\",\"width_medium\":\"1-2\"},\"children\":[{\"type\":\"image\",\"props\":{\"margin\":\"default\",\"image_svg_color\":\"emphasis\",\"image\":\"wp-content\\\/uploads\\\/2021\\\/03\\\/baalhytte.png\",\"image_width\":\"800\"}}]},{\"type\":\"column\",\"props\":{\"image_position\":\"center-center\",\"media_overlay_gradient\":\"\",\"width_medium\":\"1-2\",\"image\":\"\",\"vertical_align\":\"middle\"},\"children\":[{\"type\":\"headline\",\"props\":{\"title_element\":\"h2\",\"content\":\"\n\n<p>Unsere Events<\\\/p>\"}},{\"type\":\"text\",\"props\":{\"margin\":\"default\",\"column_breakpoint\":\"m\",\"content\":\"\n\n<p>Unser Naturgrundst\\u00fcck ist zu unserem Spielplatz geworden und im Fr\\u00fchjahr 2019 haben wir unseren neuesten Traum verwirklicht \\u2013 eine Lagerfeuerh\\u00fctte mit Platz f\\u00fcr 80 Personen \\u2013 ein gem\\u00fctlicher Treffpunkt f\\u00fcr naturverbundene Aktive. Die Lagerfeuerh\\u00fctte dient als Treffpunkt f\\u00fcr Kurse und Informationsveranstaltungen zu Outdoor-Ausfl\\u00fcgen, Teambuilding-Ausfl\\u00fcgen, Vortr\\u00e4gen etc.<\\\/p>\"}}]}]}]}],\"version\":\"2.6.9\"} --><\/p>\n","protected":false},"excerpt":{"rendered":"<p>Unsere Wurzeln WOLF CAMPER wurde im Jahr 1992 in D\u00e4nemark gegr\u00fcndet. Wir hatten den Wunsch, anderen zu einer intensiven Naturverbundenheit zu verhelfen, die wir nach einem aktiven Tag in der Natur beim gemeinsamen Sitzen am Feuer versp\u00fcrten. Wir begannen als kleines Hobbyunternehmen, das sich auf die Entwicklung von Leichtzelten konzentrierte. Schnell wurden gr\u00f6\u00dfere R\u00e4umlichkeiten ben\u00f6tigt [&hellip;]<\/p>\n","protected":false},"author":11,"featured_media":0,"parent":0,"menu_order":0,"comment_status":"closed","ping_status":"closed","template":"","meta":{"_acf_changed":false,"_price":"","_stock":"","_tribe_ticket_header":"","_tribe_default_ticket_provider":"","_tribe_ticket_capacity":"0","_ticket_start_date":"","_ticket_end_date":"","_tribe_ticket_show_description":"","_tribe_ticket_show_not_going":false,"_tribe_ticket_use_global_stock":"","_tribe_ticket_global_stock_level":"","_global_stock_mode":"","_global_stock_cap":"","_tribe_rsvp_for_event":"","_tribe_ticket_going_count":"","_tribe_ticket_not_going_count":"","_tribe_tickets_list":"[]","_tribe_ticket_has_attendee_info_fields":false,"footnotes":""},"class_list":["post-41756","page","type-page","status-publish","hentry"],"acf":[],"yoast_head":"<!-- This site is optimized with the Yoast SEO plugin v26.0 - https:\/\/yoast.com\/wordpress\/plugins\/seo\/ -->\n<title>Die Geschichte von Wolf Camper | Unsere Mission und Organisation<\/title>\n<meta name=\"robots\" content=\"index, follow, max-snippet:-1, max-image-preview:large, max-video-preview:-1\" \/>\n<link rel=\"canonical\" href=\"https:\/\/www.wolfcamper.com\/de\/geschichte-von-wolf-camper\/\" \/>\n<meta property=\"og:locale\" content=\"de_DE\" \/>\n<meta property=\"og:type\" content=\"article\" \/>\n<meta property=\"og:title\" content=\"Die Geschichte von Wolf Camper | Unsere Mission und Organisation\" \/>\n<meta property=\"og:description\" content=\"Unsere Wurzeln WOLF CAMPER wurde im Jahr 1992 in D\u00e4nemark gegr\u00fcndet. Wir hatten den Wunsch, anderen zu einer intensiven Naturverbundenheit zu verhelfen, die wir nach einem aktiven Tag in der Natur beim gemeinsamen Sitzen am Feuer versp\u00fcrten. Wir begannen als kleines Hobbyunternehmen, das sich auf die Entwicklung von Leichtzelten konzentrierte. Schnell wurden gr\u00f6\u00dfere R\u00e4umlichkeiten ben\u00f6tigt [&hellip;]\" \/>\n<meta property=\"og:url\" content=\"https:\/\/www.wolfcamper.com\/de\/geschichte-von-wolf-camper\/\" \/>\n<meta property=\"og:site_name\" content=\"Wolf Camper\" \/>\n<meta property=\"article:modified_time\" content=\"2021-11-04T10:48:41+00:00\" \/>\n<meta property=\"og:image\" content=\"https:\/\/www.wolfcamper.com\/wolf\/wp-content\/uploads\/2021\/03\/Indianerhus_domicil_940.jpg\" \/>\n<meta name=\"twitter:card\" content=\"summary_large_image\" \/>\n<meta name=\"twitter:label1\" content=\"Gesch\u00e4tzte Lesezeit\" \/>\n\t<meta name=\"twitter:data1\" content=\"4\u00a0Minuten\" \/>\n<script type=\"application\/ld+json\" class=\"yoast-schema-graph\">{\"@context\":\"https:\/\/schema.org\",\"@graph\":[{\"@type\":\"WebPage\",\"@id\":\"https:\/\/www.wolfcamper.com\/de\/geschichte-von-wolf-camper\/\",\"url\":\"https:\/\/www.wolfcamper.com\/de\/geschichte-von-wolf-camper\/\",\"name\":\"Die Geschichte von Wolf Camper | Unsere Mission und Organisation\",\"isPartOf\":{\"@id\":\"https:\/\/www.wolfcamper.com\/de\/#website\"},\"datePublished\":\"2021-03-31T06:46:33+00:00\",\"dateModified\":\"2021-11-04T10:48:41+00:00\",\"breadcrumb\":{\"@id\":\"https:\/\/www.wolfcamper.com\/de\/geschichte-von-wolf-camper\/#breadcrumb\"},\"inLanguage\":\"de\",\"potentialAction\":[{\"@type\":\"ReadAction\",\"target\":[\"https:\/\/www.wolfcamper.com\/de\/geschichte-von-wolf-camper\/\"]}]},{\"@type\":\"BreadcrumbList\",\"@id\":\"https:\/\/www.wolfcamper.com\/de\/geschichte-von-wolf-camper\/#breadcrumb\",\"itemListElement\":[{\"@type\":\"ListItem\",\"position\":1,\"name\":\"Home\",\"item\":\"https:\/\/www.wolfcamper.com\/de\/\"},{\"@type\":\"ListItem\",\"position\":2,\"name\":\"Die Geschichte von Wolf Camper\"}]},{\"@type\":\"WebSite\",\"@id\":\"https:\/\/www.wolfcamper.com\/de\/#website\",\"url\":\"https:\/\/www.wolfcamper.com\/de\/\",\"name\":\"Wolf Camper\",\"description\":\"Wolf Camper\",\"potentialAction\":[{\"@type\":\"SearchAction\",\"target\":{\"@type\":\"EntryPoint\",\"urlTemplate\":\"https:\/\/www.wolfcamper.com\/de\/?s={search_term_string}\"},\"query-input\":{\"@type\":\"PropertyValueSpecification\",\"valueRequired\":true,\"valueName\":\"search_term_string\"}}],\"inLanguage\":\"de\"}]}<\/script>\n<!-- \/ Yoast SEO plugin. -->","yoast_head_json":{"title":"Die Geschichte von Wolf Camper | Unsere Mission und Organisation","robots":{"index":"index","follow":"follow","max-snippet":"max-snippet:-1","max-image-preview":"max-image-preview:large","max-video-preview":"max-video-preview:-1"},"canonical":"https:\/\/www.wolfcamper.com\/de\/geschichte-von-wolf-camper\/","og_locale":"de_DE","og_type":"article","og_title":"Die Geschichte von Wolf Camper | Unsere Mission und Organisation","og_description":"Unsere Wurzeln WOLF CAMPER wurde im Jahr 1992 in D\u00e4nemark gegr\u00fcndet. Wir hatten den Wunsch, anderen zu einer intensiven Naturverbundenheit zu verhelfen, die wir nach einem aktiven Tag in der Natur beim gemeinsamen Sitzen am Feuer versp\u00fcrten. Wir begannen als kleines Hobbyunternehmen, das sich auf die Entwicklung von Leichtzelten konzentrierte. Schnell wurden gr\u00f6\u00dfere R\u00e4umlichkeiten ben\u00f6tigt [&hellip;]","og_url":"https:\/\/www.wolfcamper.com\/de\/geschichte-von-wolf-camper\/","og_site_name":"Wolf Camper","article_modified_time":"2021-11-04T10:48:41+00:00","og_image":[{"url":"https:\/\/www.wolfcamper.com\/wolf\/wp-content\/uploads\/2021\/03\/Indianerhus_domicil_940.jpg","type":"","width":"","height":""}],"twitter_card":"summary_large_image","twitter_misc":{"Gesch\u00e4tzte Lesezeit":"4\u00a0Minuten"},"schema":{"@context":"https:\/\/schema.org","@graph":[{"@type":"WebPage","@id":"https:\/\/www.wolfcamper.com\/de\/geschichte-von-wolf-camper\/","url":"https:\/\/www.wolfcamper.com\/de\/geschichte-von-wolf-camper\/","name":"Die Geschichte von Wolf Camper | Unsere Mission und Organisation","isPartOf":{"@id":"https:\/\/www.wolfcamper.com\/de\/#website"},"datePublished":"2021-03-31T06:46:33+00:00","dateModified":"2021-11-04T10:48:41+00:00","breadcrumb":{"@id":"https:\/\/www.wolfcamper.com\/de\/geschichte-von-wolf-camper\/#breadcrumb"},"inLanguage":"de","potentialAction":[{"@type":"ReadAction","target":["https:\/\/www.wolfcamper.com\/de\/geschichte-von-wolf-camper\/"]}]},{"@type":"BreadcrumbList","@id":"https:\/\/www.wolfcamper.com\/de\/geschichte-von-wolf-camper\/#breadcrumb","itemListElement":[{"@type":"ListItem","position":1,"name":"Home","item":"https:\/\/www.wolfcamper.com\/de\/"},{"@type":"ListItem","position":2,"name":"Die Geschichte von Wolf Camper"}]},{"@type":"WebSite","@id":"https:\/\/www.wolfcamper.com\/de\/#website","url":"https:\/\/www.wolfcamper.com\/de\/","name":"Wolf Camper","description":"Wolf Camper","potentialAction":[{"@type":"SearchAction","target":{"@type":"EntryPoint","urlTemplate":"https:\/\/www.wolfcamper.com\/de\/?s={search_term_string}"},"query-input":{"@type":"PropertyValueSpecification","valueRequired":true,"valueName":"search_term_string"}}],"inLanguage":"de"}]}},"_links":{"self":[{"href":"https:\/\/www.wolfcamper.com\/de\/wp-json\/wp\/v2\/pages\/41756","targetHints":{"allow":["GET"]}}],"collection":[{"href":"https:\/\/www.wolfcamper.com\/de\/wp-json\/wp\/v2\/pages"}],"about":[{"href":"https:\/\/www.wolfcamper.com\/de\/wp-json\/wp\/v2\/types\/page"}],"author":[{"embeddable":true,"href":"https:\/\/www.wolfcamper.com\/de\/wp-json\/wp\/v2\/users\/11"}],"replies":[{"embeddable":true,"href":"https:\/\/www.wolfcamper.com\/de\/wp-json\/wp\/v2\/comments?post=41756"}],"version-history":[{"count":5,"href":"https:\/\/www.wolfcamper.com\/de\/wp-json\/wp\/v2\/pages\/41756\/revisions"}],"predecessor-version":[{"id":46462,"href":"https:\/\/www.wolfcamper.com\/de\/wp-json\/wp\/v2\/pages\/41756\/revisions\/46462"}],"wp:attachment":[{"href":"https:\/\/www.wolfcamper.com\/de\/wp-json\/wp\/v2\/media?parent=41756"}],"curies":[{"name":"wp","href":"https:\/\/api.w.org\/{rel}","templated":true}]}}