{"id":95491,"date":"2024-12-17T11:32:22","date_gmt":"2024-12-17T10:32:22","guid":{"rendered":"https:\/\/www.wolfcamper.com\/?post_type=product&#038;p=95491"},"modified":"2026-05-08T15:24:57","modified_gmt":"2026-05-08T13:24:57","slug":"oklahoma-let-sommerskjorte-navy","status":"publish","type":"product","link":"https:\/\/www.wolfcamper.com\/da\/vare\/oklahoma-let-sommerskjorte-navy\/","title":{"rendered":"Oklahoma &#8211; Let sommerskjorte &#8211; navy"},"content":{"rendered":"<hr class=\"solid\" \/>\n","protected":false},"excerpt":{"rendered":"<h3>Forrygende, ultralet sommerskjorte til herrer.<\/h3>\n<p>Oklahoma er fremstillet i et fjerlet, str\u00e6kbart materiale som er super behageligt i sommervarmen. Hvis skjorten bliver v\u00e5d, t\u00f8rrer den i l\u00f8bet af absolut ingen tid. Skjorten er med korte \u00e6rmer, har en enkelt brystlomme, og f\u00e5s i 3 farver med diskret ternet m\u00f8nster. En sommerskjorte i den absolutte superliga.<\/p>\n","protected":false},"featured_media":99858,"template":"","meta":{"_acf_changed":false,"_price":"699","_stock":"","_tribe_ticket_header":"","_tribe_default_ticket_provider":"","_tribe_ticket_capacity":"7","_ticket_start_date":"","_ticket_end_date":"","_tribe_ticket_show_description":"","_tribe_ticket_show_not_going":false,"_tribe_ticket_use_global_stock":"","_tribe_ticket_global_stock_level":"","_global_stock_mode":"","_global_stock_cap":"","_tribe_rsvp_for_event":"","_tribe_ticket_going_count":"","_tribe_ticket_not_going_count":"","_tribe_tickets_list":"[]","_tribe_ticket_has_attendee_info_fields":false,"_tec_slr_enabled":"","_tec_slr_layout":""},"product_brand":[],"product_cat":[1787,2204,2111,2199,16,663],"product_tag":[],"class_list":{"0":"post-95491","1":"product","2":"type-product","3":"status-publish","4":"has-post-thumbnail","6":"product_cat-sommerklar","7":"product_cat-holland-2","8":"product_cat-sommerskjorter","9":"product_cat-sommerskjorter-til-herrer","10":"product_cat-produkter","11":"product_cat-skjorter-herrer","12":"pa_vaelg-stoerrelse-small","13":"pa_vaelg-stoerrelse-medium","14":"pa_vaelg-stoerrelse-large","15":"pa_vaelg-stoerrelse-x-large","16":"pa_vaelg-stoerrelse-2xl","17":"pa_vaelg-stoerrelse-3xl","18":"pa_vaelg-stoerrelse-4xl","20":"first","21":"instock","22":"taxable","23":"shipping-taxable","24":"purchasable","25":"product-type-variable","26":"rtwpvs-product"},"acf":[],"yoast_head":"<!-- This site is optimized with the Yoast SEO plugin v26.0 - https:\/\/yoast.com\/wordpress\/plugins\/seo\/ -->\n<title>Oklahoma - Let sommerskjorte - navy - Wolf Camper<\/title>\n<meta name=\"robots\" content=\"index, follow, max-snippet:-1, max-image-preview:large, max-video-preview:-1\" \/>\n<link rel=\"canonical\" href=\"https:\/\/www.wolfcamper.com\/da\/vare\/oklahoma-let-sommerskjorte-navy\/\" \/>\n<meta property=\"og:locale\" content=\"da_DK\" \/>\n<meta property=\"og:type\" content=\"article\" \/>\n<meta property=\"og:title\" content=\"Oklahoma - Let sommerskjorte - navy - Wolf Camper\" \/>\n<meta property=\"og:description\" content=\"Forrygende, ultralet sommerskjorte til herrer. Oklahoma er fremstillet i et fjerlet, str\u00e6kbart materiale som er super behageligt i sommervarmen. Hvis skjorten bliver v\u00e5d, t\u00f8rrer den i l\u00f8bet af absolut ingen tid. Skjorten er med korte \u00e6rmer, har en enkelt brystlomme, og f\u00e5s i 3 farver med diskret ternet m\u00f8nster. En sommerskjorte i den absolutte superliga.\" \/>\n<meta property=\"og:url\" content=\"https:\/\/www.wolfcamper.com\/da\/vare\/oklahoma-let-sommerskjorte-navy\/\" \/>\n<meta property=\"og:site_name\" content=\"Wolf Camper\" \/>\n<meta property=\"article:modified_time\" content=\"2026-05-08T13:24:57+00:00\" \/>\n<meta property=\"og:image\" content=\"https:\/\/www.wolfcamper.com\/wp-content\/uploads\/2024\/12\/oklahoma-navy.png\" \/>\n\t<meta property=\"og:image:width\" content=\"1000\" \/>\n\t<meta property=\"og:image:height\" content=\"1000\" \/>\n\t<meta property=\"og:image:type\" content=\"image\/png\" \/>\n<meta name=\"twitter:card\" content=\"summary_large_image\" \/>\n<meta name=\"twitter:label1\" content=\"Estimeret l\u00e6setid\" \/>\n\t<meta name=\"twitter:data1\" content=\"1 minut\" \/>\n<script type=\"application\/ld+json\" class=\"yoast-schema-graph\">{\"@context\":\"https:\/\/schema.org\",\"@graph\":[{\"@type\":\"WebPage\",\"@id\":\"https:\/\/www.wolfcamper.com\/da\/vare\/oklahoma-let-sommerskjorte-navy\/\",\"url\":\"https:\/\/www.wolfcamper.com\/da\/vare\/oklahoma-let-sommerskjorte-navy\/\",\"name\":\"Oklahoma - Let sommerskjorte - navy - Wolf Camper\",\"isPartOf\":{\"@id\":\"https:\/\/www.wolfcamper.com\/da\/#website\"},\"primaryImageOfPage\":{\"@id\":\"https:\/\/www.wolfcamper.com\/da\/vare\/oklahoma-let-sommerskjorte-navy\/#primaryimage\"},\"image\":{\"@id\":\"https:\/\/www.wolfcamper.com\/da\/vare\/oklahoma-let-sommerskjorte-navy\/#primaryimage\"},\"thumbnailUrl\":\"https:\/\/www.wolfcamper.com\/wp-content\/uploads\/2024\/12\/oklahoma-navy.png\",\"datePublished\":\"2024-12-17T10:32:22+00:00\",\"dateModified\":\"2026-05-08T13:24:57+00:00\",\"breadcrumb\":{\"@id\":\"https:\/\/www.wolfcamper.com\/da\/vare\/oklahoma-let-sommerskjorte-navy\/#breadcrumb\"},\"inLanguage\":\"da-DK\",\"potentialAction\":[{\"@type\":\"ReadAction\",\"target\":[\"https:\/\/www.wolfcamper.com\/da\/vare\/oklahoma-let-sommerskjorte-navy\/\"]}]},{\"@type\":\"ImageObject\",\"inLanguage\":\"da-DK\",\"@id\":\"https:\/\/www.wolfcamper.com\/da\/vare\/oklahoma-let-sommerskjorte-navy\/#primaryimage\",\"url\":\"https:\/\/www.wolfcamper.com\/wp-content\/uploads\/2024\/12\/oklahoma-navy.png\",\"contentUrl\":\"https:\/\/www.wolfcamper.com\/wp-content\/uploads\/2024\/12\/oklahoma-navy.png\",\"width\":1000,\"height\":1000},{\"@type\":\"BreadcrumbList\",\"@id\":\"https:\/\/www.wolfcamper.com\/da\/vare\/oklahoma-let-sommerskjorte-navy\/#breadcrumb\",\"itemListElement\":[{\"@type\":\"ListItem\",\"position\":1,\"name\":\"Home\",\"item\":\"https:\/\/www.wolfcamper.com\/da\/\"},{\"@type\":\"ListItem\",\"position\":2,\"name\":\"Shop\",\"item\":\"https:\/\/www.wolfcamper.com\/da\/shop\/\"},{\"@type\":\"ListItem\",\"position\":3,\"name\":\"Oklahoma &#8211; Let sommerskjorte &#8211; navy\"}]},{\"@type\":\"WebSite\",\"@id\":\"https:\/\/www.wolfcamper.com\/da\/#website\",\"url\":\"https:\/\/www.wolfcamper.com\/da\/\",\"name\":\"Wolf Camper\",\"description\":\"Wolf Camper\",\"potentialAction\":[{\"@type\":\"SearchAction\",\"target\":{\"@type\":\"EntryPoint\",\"urlTemplate\":\"https:\/\/www.wolfcamper.com\/da\/?s={search_term_string}\"},\"query-input\":{\"@type\":\"PropertyValueSpecification\",\"valueRequired\":true,\"valueName\":\"search_term_string\"}}],\"inLanguage\":\"da-DK\"}]}<\/script>\n<!-- \/ Yoast SEO plugin. -->","yoast_head_json":{"title":"Oklahoma - Let sommerskjorte - navy - Wolf Camper","robots":{"index":"index","follow":"follow","max-snippet":"max-snippet:-1","max-image-preview":"max-image-preview:large","max-video-preview":"max-video-preview:-1"},"canonical":"https:\/\/www.wolfcamper.com\/da\/vare\/oklahoma-let-sommerskjorte-navy\/","og_locale":"da_DK","og_type":"article","og_title":"Oklahoma - Let sommerskjorte - navy - Wolf Camper","og_description":"Forrygende, ultralet sommerskjorte til herrer. Oklahoma er fremstillet i et fjerlet, str\u00e6kbart materiale som er super behageligt i sommervarmen. Hvis skjorten bliver v\u00e5d, t\u00f8rrer den i l\u00f8bet af absolut ingen tid. Skjorten er med korte \u00e6rmer, har en enkelt brystlomme, og f\u00e5s i 3 farver med diskret ternet m\u00f8nster. En sommerskjorte i den absolutte superliga.","og_url":"https:\/\/www.wolfcamper.com\/da\/vare\/oklahoma-let-sommerskjorte-navy\/","og_site_name":"Wolf Camper","article_modified_time":"2026-05-08T13:24:57+00:00","og_image":[{"width":1000,"height":1000,"url":"https:\/\/www.wolfcamper.com\/wp-content\/uploads\/2024\/12\/oklahoma-navy.png","type":"image\/png"}],"twitter_card":"summary_large_image","twitter_misc":{"Estimeret l\u00e6setid":"1 minut"},"schema":{"@context":"https:\/\/schema.org","@graph":[{"@type":"WebPage","@id":"https:\/\/www.wolfcamper.com\/da\/vare\/oklahoma-let-sommerskjorte-navy\/","url":"https:\/\/www.wolfcamper.com\/da\/vare\/oklahoma-let-sommerskjorte-navy\/","name":"Oklahoma - Let sommerskjorte - navy - Wolf Camper","isPartOf":{"@id":"https:\/\/www.wolfcamper.com\/da\/#website"},"primaryImageOfPage":{"@id":"https:\/\/www.wolfcamper.com\/da\/vare\/oklahoma-let-sommerskjorte-navy\/#primaryimage"},"image":{"@id":"https:\/\/www.wolfcamper.com\/da\/vare\/oklahoma-let-sommerskjorte-navy\/#primaryimage"},"thumbnailUrl":"https:\/\/www.wolfcamper.com\/wp-content\/uploads\/2024\/12\/oklahoma-navy.png","datePublished":"2024-12-17T10:32:22+00:00","dateModified":"2026-05-08T13:24:57+00:00","breadcrumb":{"@id":"https:\/\/www.wolfcamper.com\/da\/vare\/oklahoma-let-sommerskjorte-navy\/#breadcrumb"},"inLanguage":"da-DK","potentialAction":[{"@type":"ReadAction","target":["https:\/\/www.wolfcamper.com\/da\/vare\/oklahoma-let-sommerskjorte-navy\/"]}]},{"@type":"ImageObject","inLanguage":"da-DK","@id":"https:\/\/www.wolfcamper.com\/da\/vare\/oklahoma-let-sommerskjorte-navy\/#primaryimage","url":"https:\/\/www.wolfcamper.com\/wp-content\/uploads\/2024\/12\/oklahoma-navy.png","contentUrl":"https:\/\/www.wolfcamper.com\/wp-content\/uploads\/2024\/12\/oklahoma-navy.png","width":1000,"height":1000},{"@type":"BreadcrumbList","@id":"https:\/\/www.wolfcamper.com\/da\/vare\/oklahoma-let-sommerskjorte-navy\/#breadcrumb","itemListElement":[{"@type":"ListItem","position":1,"name":"Home","item":"https:\/\/www.wolfcamper.com\/da\/"},{"@type":"ListItem","position":2,"name":"Shop","item":"https:\/\/www.wolfcamper.com\/da\/shop\/"},{"@type":"ListItem","position":3,"name":"Oklahoma &#8211; Let sommerskjorte &#8211; navy"}]},{"@type":"WebSite","@id":"https:\/\/www.wolfcamper.com\/da\/#website","url":"https:\/\/www.wolfcamper.com\/da\/","name":"Wolf Camper","description":"Wolf Camper","potentialAction":[{"@type":"SearchAction","target":{"@type":"EntryPoint","urlTemplate":"https:\/\/www.wolfcamper.com\/da\/?s={search_term_string}"},"query-input":{"@type":"PropertyValueSpecification","valueRequired":true,"valueName":"search_term_string"}}],"inLanguage":"da-DK"}]}},"_links":{"self":[{"href":"https:\/\/www.wolfcamper.com\/da\/wp-json\/wp\/v2\/product\/95491","targetHints":{"allow":["GET"]}}],"collection":[{"href":"https:\/\/www.wolfcamper.com\/da\/wp-json\/wp\/v2\/product"}],"about":[{"href":"https:\/\/www.wolfcamper.com\/da\/wp-json\/wp\/v2\/types\/product"}],"wp:featuredmedia":[{"embeddable":true,"href":"https:\/\/www.wolfcamper.com\/da\/wp-json\/wp\/v2\/media\/99858"}],"wp:attachment":[{"href":"https:\/\/www.wolfcamper.com\/da\/wp-json\/wp\/v2\/media?parent=95491"}],"wp:term":[{"taxonomy":"product_brand","embeddable":true,"href":"https:\/\/www.wolfcamper.com\/da\/wp-json\/wp\/v2\/product_brand?post=95491"},{"taxonomy":"product_cat","embeddable":true,"href":"https:\/\/www.wolfcamper.com\/da\/wp-json\/wp\/v2\/product_cat?post=95491"},{"taxonomy":"product_tag","embeddable":true,"href":"https:\/\/www.wolfcamper.com\/da\/wp-json\/wp\/v2\/product_tag?post=95491"}],"curies":[{"name":"wp","href":"https:\/\/api.w.org\/{rel}","templated":true}]}}