{"id":85043,"date":"2023-10-04T14:51:37","date_gmt":"2023-10-04T12:51:37","guid":{"rendered":"https:\/\/www.wolfcamper.com\/?post_type=product&#038;p=85043"},"modified":"2026-05-01T11:34:32","modified_gmt":"2026-05-01T09:34:32","slug":"nahele-vandtaet-skaljakke-til-herrer-oliven-graa","status":"publish","type":"product","link":"https:\/\/www.wolfcamper.com\/da\/vare\/nahele-vandtaet-skaljakke-til-herrer-oliven-graa\/","title":{"rendered":"Nahele vandt\u00e6t skaljakke til herrer, oliven\/gr\u00e5"},"content":{"rendered":"","protected":false},"excerpt":{"rendered":"<h3>Vores bedste herrejakke nogensinde!<\/h3>\n<p>Fantastisk jakke med super komfort. Dette er en af de mest avancerede jakker du vil st\u00f8de p\u00e5. Jakken er fremragende til alle former for outdoorbrug. Jakken er fremstillet i l\u00e6kkert, bl\u00f8dt, str\u00e6kbart materiale. Den har PFC fri membran, og forseglede syninger. Den aftagelige h\u00e6tte kan sn\u00f8res ind til hovedet, og den bl\u00f8de krave s\u00e6tter bare en tyk streg under det h\u00f8je niveau denne jakke befinder sig p\u00e5.<\/p>\n<p><strong>Af de mange detaljer kan n\u00e6vnes:<\/strong><\/p>\n<ul>\n<li>Bl\u00f8dt og str\u00e6kbart materiale for h\u00f8j komfort.<\/li>\n<li>PFC fri membran med et vands\u00f8jletryk p\u00e5 10.000 mm &#8211; og et \u00e5ndbarhedstal p\u00e5 10.000g\/m2\/24hrs<\/li>\n<li>Vandt\u00e6tte YKK lynl\u00e5se<\/li>\n<li>Indvendig windstopper ved h\u00e5ndled<\/li>\n<li>Udluftning under armene<\/li>\n<li>Inderlomme med lynl\u00e5s<\/li>\n<li>Easy-pull elasik for justering ved hoften<\/li>\n<\/ul>\n<p>Her er simpelthen tale om en jakke i den absolutte superliga. Du kan l\u00e6se mere om \u00e5ndbarhed og vands\u00f8jletryk <a href=\"https:\/\/www.wolfcamper.com\/da\/styr-paa-aandbarhed-og-vandsoejletryk\/\" target=\"_blank\" rel=\"noopener\"><strong>her<\/strong><\/a>.<\/p>\n","protected":false},"featured_media":85356,"template":"","meta":{"_acf_changed":false,"_price":"1699","_stock":"","_tribe_ticket_header":"","_tribe_default_ticket_provider":"","_tribe_ticket_capacity":"9","_ticket_start_date":"","_ticket_end_date":"","_tribe_ticket_show_description":"","_tribe_ticket_show_not_going":false,"_tribe_ticket_use_global_stock":"","_tribe_ticket_global_stock_level":"","_global_stock_mode":"","_global_stock_cap":"","_tribe_rsvp_for_event":"","_tribe_ticket_going_count":"","_tribe_ticket_not_going_count":"","_tribe_tickets_list":"[]","_tribe_ticket_has_attendee_info_fields":false,"_tec_slr_enabled":"","_tec_slr_layout":""},"product_brand":[],"product_cat":[2148,2031,2025,2064,2038,16,657,621,594],"product_tag":[],"class_list":{"0":"post-85043","1":"product","2":"type-product","3":"status-publish","4":"has-post-thumbnail","6":"product_cat-funktionel-beklaedning-til-efteraaret","7":"product_cat-skaljakker","8":"product_cat-foraarherrer","9":"product_cat-vandtaet-toej-til-damer-og-herrer","10":"product_cat-jakker22","11":"product_cat-produkter","12":"product_cat-efteraar","13":"product_cat-herretoj","14":"product_cat-jakker-herrer","15":"pa_vaelg-stoerrelse-small","16":"pa_vaelg-stoerrelse-medium","17":"pa_vaelg-stoerrelse-large","18":"pa_vaelg-stoerrelse-x-large","19":"pa_vaelg-stoerrelse-2xl","20":"pa_vaelg-stoerrelse-3xl","21":"pa_vaelg-stoerrelse-4xl","23":"first","24":"instock","25":"taxable","26":"shipping-taxable","27":"purchasable","28":"product-type-variable","29":"rtwpvs-product"},"acf":[],"yoast_head":"<!-- This site is optimized with the Yoast SEO plugin v26.0 - https:\/\/yoast.com\/wordpress\/plugins\/seo\/ -->\n<title>Nahele vandt\u00e6t skaljakke til herrer, oliven\/gr\u00e5 - Wolf Camper<\/title>\n<meta name=\"robots\" content=\"index, follow, max-snippet:-1, max-image-preview:large, max-video-preview:-1\" \/>\n<link rel=\"canonical\" href=\"https:\/\/www.wolfcamper.com\/da\/vare\/nahele-vandtaet-skaljakke-til-herrer-oliven-graa\/\" \/>\n<meta property=\"og:locale\" content=\"da_DK\" \/>\n<meta property=\"og:type\" content=\"article\" \/>\n<meta property=\"og:title\" content=\"Nahele vandt\u00e6t skaljakke til herrer, oliven\/gr\u00e5 - Wolf Camper\" \/>\n<meta property=\"og:description\" content=\"Vores bedste herrejakke nogensinde! Fantastisk jakke med super komfort. Dette er en af de mest avancerede jakker du vil st\u00f8de p\u00e5. Jakken er fremragende til alle former for outdoorbrug. Jakken er fremstillet i l\u00e6kkert, bl\u00f8dt, str\u00e6kbart materiale. Den har PFC fri membran, og forseglede syninger. Den aftagelige h\u00e6tte kan sn\u00f8res ind til hovedet, og den bl\u00f8de krave s\u00e6tter bare en tyk streg under det h\u00f8je niveau denne jakke befinder sig p\u00e5.  Af de mange detaljer kan n\u00e6vnes:   Bl\u00f8dt og str\u00e6kbart materiale for h\u00f8j komfort.  PFC fri membran med et vands\u00f8jletryk p\u00e5 10.000 mm - og et \u00e5ndbarhedstal p\u00e5 10.000g\/m2\/24hrs  Vandt\u00e6tte YKK lynl\u00e5se  Indvendig windstopper ved h\u00e5ndled  Udluftning under armene  Inderlomme med lynl\u00e5s  Easy-pull elasik for justering ved hoften  Her er simpelthen tale om en jakke i den absolutte superliga. Du kan l\u00e6se mere om \u00e5ndbarhed og vands\u00f8jletryk her.\" \/>\n<meta property=\"og:url\" content=\"https:\/\/www.wolfcamper.com\/da\/vare\/nahele-vandtaet-skaljakke-til-herrer-oliven-graa\/\" \/>\n<meta property=\"og:site_name\" content=\"Wolf Camper\" \/>\n<meta property=\"article:modified_time\" content=\"2026-05-01T09:34:32+00:00\" \/>\n<meta property=\"og:image\" content=\"https:\/\/www.wolfcamper.com\/wp-content\/uploads\/2023\/10\/nahele-olive-front.png\" \/>\n\t<meta property=\"og:image:width\" content=\"1000\" \/>\n\t<meta property=\"og:image:height\" content=\"1000\" \/>\n\t<meta property=\"og:image:type\" content=\"image\/png\" \/>\n<meta name=\"twitter:card\" content=\"summary_large_image\" \/>\n<script type=\"application\/ld+json\" class=\"yoast-schema-graph\">{\"@context\":\"https:\/\/schema.org\",\"@graph\":[{\"@type\":\"WebPage\",\"@id\":\"https:\/\/www.wolfcamper.com\/da\/vare\/nahele-vandtaet-skaljakke-til-herrer-oliven-graa\/\",\"url\":\"https:\/\/www.wolfcamper.com\/da\/vare\/nahele-vandtaet-skaljakke-til-herrer-oliven-graa\/\",\"name\":\"Nahele vandt\u00e6t skaljakke til herrer, oliven\/gr\u00e5 - Wolf Camper\",\"isPartOf\":{\"@id\":\"https:\/\/www.wolfcamper.com\/da\/#website\"},\"primaryImageOfPage\":{\"@id\":\"https:\/\/www.wolfcamper.com\/da\/vare\/nahele-vandtaet-skaljakke-til-herrer-oliven-graa\/#primaryimage\"},\"image\":{\"@id\":\"https:\/\/www.wolfcamper.com\/da\/vare\/nahele-vandtaet-skaljakke-til-herrer-oliven-graa\/#primaryimage\"},\"thumbnailUrl\":\"https:\/\/www.wolfcamper.com\/wp-content\/uploads\/2023\/10\/nahele-olive-front.png\",\"datePublished\":\"2023-10-04T12:51:37+00:00\",\"dateModified\":\"2026-05-01T09:34:32+00:00\",\"breadcrumb\":{\"@id\":\"https:\/\/www.wolfcamper.com\/da\/vare\/nahele-vandtaet-skaljakke-til-herrer-oliven-graa\/#breadcrumb\"},\"inLanguage\":\"da-DK\",\"potentialAction\":[{\"@type\":\"ReadAction\",\"target\":[\"https:\/\/www.wolfcamper.com\/da\/vare\/nahele-vandtaet-skaljakke-til-herrer-oliven-graa\/\"]}]},{\"@type\":\"ImageObject\",\"inLanguage\":\"da-DK\",\"@id\":\"https:\/\/www.wolfcamper.com\/da\/vare\/nahele-vandtaet-skaljakke-til-herrer-oliven-graa\/#primaryimage\",\"url\":\"https:\/\/www.wolfcamper.com\/wp-content\/uploads\/2023\/10\/nahele-olive-front.png\",\"contentUrl\":\"https:\/\/www.wolfcamper.com\/wp-content\/uploads\/2023\/10\/nahele-olive-front.png\",\"width\":1000,\"height\":1000},{\"@type\":\"BreadcrumbList\",\"@id\":\"https:\/\/www.wolfcamper.com\/da\/vare\/nahele-vandtaet-skaljakke-til-herrer-oliven-graa\/#breadcrumb\",\"itemListElement\":[{\"@type\":\"ListItem\",\"position\":1,\"name\":\"Home\",\"item\":\"https:\/\/www.wolfcamper.com\/da\/\"},{\"@type\":\"ListItem\",\"position\":2,\"name\":\"Shop\",\"item\":\"https:\/\/www.wolfcamper.com\/da\/shop\/\"},{\"@type\":\"ListItem\",\"position\":3,\"name\":\"Nahele vandt\u00e6t skaljakke til herrer, oliven\/gr\u00e5\"}]},{\"@type\":\"WebSite\",\"@id\":\"https:\/\/www.wolfcamper.com\/da\/#website\",\"url\":\"https:\/\/www.wolfcamper.com\/da\/\",\"name\":\"Wolf Camper\",\"description\":\"Wolf Camper\",\"potentialAction\":[{\"@type\":\"SearchAction\",\"target\":{\"@type\":\"EntryPoint\",\"urlTemplate\":\"https:\/\/www.wolfcamper.com\/da\/?s={search_term_string}\"},\"query-input\":{\"@type\":\"PropertyValueSpecification\",\"valueRequired\":true,\"valueName\":\"search_term_string\"}}],\"inLanguage\":\"da-DK\"}]}<\/script>\n<!-- \/ Yoast SEO plugin. -->","yoast_head_json":{"title":"Nahele vandt\u00e6t skaljakke til herrer, oliven\/gr\u00e5 - Wolf Camper","robots":{"index":"index","follow":"follow","max-snippet":"max-snippet:-1","max-image-preview":"max-image-preview:large","max-video-preview":"max-video-preview:-1"},"canonical":"https:\/\/www.wolfcamper.com\/da\/vare\/nahele-vandtaet-skaljakke-til-herrer-oliven-graa\/","og_locale":"da_DK","og_type":"article","og_title":"Nahele vandt\u00e6t skaljakke til herrer, oliven\/gr\u00e5 - Wolf Camper","og_description":"Vores bedste herrejakke nogensinde! Fantastisk jakke med super komfort. Dette er en af de mest avancerede jakker du vil st\u00f8de p\u00e5. Jakken er fremragende til alle former for outdoorbrug. Jakken er fremstillet i l\u00e6kkert, bl\u00f8dt, str\u00e6kbart materiale. Den har PFC fri membran, og forseglede syninger. Den aftagelige h\u00e6tte kan sn\u00f8res ind til hovedet, og den bl\u00f8de krave s\u00e6tter bare en tyk streg under det h\u00f8je niveau denne jakke befinder sig p\u00e5.  Af de mange detaljer kan n\u00e6vnes:   Bl\u00f8dt og str\u00e6kbart materiale for h\u00f8j komfort.  PFC fri membran med et vands\u00f8jletryk p\u00e5 10.000 mm - og et \u00e5ndbarhedstal p\u00e5 10.000g\/m2\/24hrs  Vandt\u00e6tte YKK lynl\u00e5se  Indvendig windstopper ved h\u00e5ndled  Udluftning under armene  Inderlomme med lynl\u00e5s  Easy-pull elasik for justering ved hoften  Her er simpelthen tale om en jakke i den absolutte superliga. Du kan l\u00e6se mere om \u00e5ndbarhed og vands\u00f8jletryk her.","og_url":"https:\/\/www.wolfcamper.com\/da\/vare\/nahele-vandtaet-skaljakke-til-herrer-oliven-graa\/","og_site_name":"Wolf Camper","article_modified_time":"2026-05-01T09:34:32+00:00","og_image":[{"width":1000,"height":1000,"url":"https:\/\/www.wolfcamper.com\/wp-content\/uploads\/2023\/10\/nahele-olive-front.png","type":"image\/png"}],"twitter_card":"summary_large_image","schema":{"@context":"https:\/\/schema.org","@graph":[{"@type":"WebPage","@id":"https:\/\/www.wolfcamper.com\/da\/vare\/nahele-vandtaet-skaljakke-til-herrer-oliven-graa\/","url":"https:\/\/www.wolfcamper.com\/da\/vare\/nahele-vandtaet-skaljakke-til-herrer-oliven-graa\/","name":"Nahele vandt\u00e6t skaljakke til herrer, oliven\/gr\u00e5 - Wolf Camper","isPartOf":{"@id":"https:\/\/www.wolfcamper.com\/da\/#website"},"primaryImageOfPage":{"@id":"https:\/\/www.wolfcamper.com\/da\/vare\/nahele-vandtaet-skaljakke-til-herrer-oliven-graa\/#primaryimage"},"image":{"@id":"https:\/\/www.wolfcamper.com\/da\/vare\/nahele-vandtaet-skaljakke-til-herrer-oliven-graa\/#primaryimage"},"thumbnailUrl":"https:\/\/www.wolfcamper.com\/wp-content\/uploads\/2023\/10\/nahele-olive-front.png","datePublished":"2023-10-04T12:51:37+00:00","dateModified":"2026-05-01T09:34:32+00:00","breadcrumb":{"@id":"https:\/\/www.wolfcamper.com\/da\/vare\/nahele-vandtaet-skaljakke-til-herrer-oliven-graa\/#breadcrumb"},"inLanguage":"da-DK","potentialAction":[{"@type":"ReadAction","target":["https:\/\/www.wolfcamper.com\/da\/vare\/nahele-vandtaet-skaljakke-til-herrer-oliven-graa\/"]}]},{"@type":"ImageObject","inLanguage":"da-DK","@id":"https:\/\/www.wolfcamper.com\/da\/vare\/nahele-vandtaet-skaljakke-til-herrer-oliven-graa\/#primaryimage","url":"https:\/\/www.wolfcamper.com\/wp-content\/uploads\/2023\/10\/nahele-olive-front.png","contentUrl":"https:\/\/www.wolfcamper.com\/wp-content\/uploads\/2023\/10\/nahele-olive-front.png","width":1000,"height":1000},{"@type":"BreadcrumbList","@id":"https:\/\/www.wolfcamper.com\/da\/vare\/nahele-vandtaet-skaljakke-til-herrer-oliven-graa\/#breadcrumb","itemListElement":[{"@type":"ListItem","position":1,"name":"Home","item":"https:\/\/www.wolfcamper.com\/da\/"},{"@type":"ListItem","position":2,"name":"Shop","item":"https:\/\/www.wolfcamper.com\/da\/shop\/"},{"@type":"ListItem","position":3,"name":"Nahele vandt\u00e6t skaljakke til herrer, oliven\/gr\u00e5"}]},{"@type":"WebSite","@id":"https:\/\/www.wolfcamper.com\/da\/#website","url":"https:\/\/www.wolfcamper.com\/da\/","name":"Wolf Camper","description":"Wolf Camper","potentialAction":[{"@type":"SearchAction","target":{"@type":"EntryPoint","urlTemplate":"https:\/\/www.wolfcamper.com\/da\/?s={search_term_string}"},"query-input":{"@type":"PropertyValueSpecification","valueRequired":true,"valueName":"search_term_string"}}],"inLanguage":"da-DK"}]}},"_links":{"self":[{"href":"https:\/\/www.wolfcamper.com\/da\/wp-json\/wp\/v2\/product\/85043","targetHints":{"allow":["GET"]}}],"collection":[{"href":"https:\/\/www.wolfcamper.com\/da\/wp-json\/wp\/v2\/product"}],"about":[{"href":"https:\/\/www.wolfcamper.com\/da\/wp-json\/wp\/v2\/types\/product"}],"wp:featuredmedia":[{"embeddable":true,"href":"https:\/\/www.wolfcamper.com\/da\/wp-json\/wp\/v2\/media\/85356"}],"wp:attachment":[{"href":"https:\/\/www.wolfcamper.com\/da\/wp-json\/wp\/v2\/media?parent=85043"}],"wp:term":[{"taxonomy":"product_brand","embeddable":true,"href":"https:\/\/www.wolfcamper.com\/da\/wp-json\/wp\/v2\/product_brand?post=85043"},{"taxonomy":"product_cat","embeddable":true,"href":"https:\/\/www.wolfcamper.com\/da\/wp-json\/wp\/v2\/product_cat?post=85043"},{"taxonomy":"product_tag","embeddable":true,"href":"https:\/\/www.wolfcamper.com\/da\/wp-json\/wp\/v2\/product_tag?post=85043"}],"curies":[{"name":"wp","href":"https:\/\/api.w.org\/{rel}","templated":true}]}}