{"id":75274,"date":"2023-02-17T15:37:50","date_gmt":"2023-02-17T14:37:50","guid":{"rendered":"https:\/\/www.wolfcamper.com\/?post_type=product&#038;p=75274"},"modified":"2026-05-16T15:12:24","modified_gmt":"2026-05-16T13:12:24","slug":"zitkala-unisex-outdoor-buks-oliven","status":"publish","type":"product","link":"https:\/\/www.wolfcamper.com\/da\/vare\/zitkala-unisex-outdoor-buks-oliven\/","title":{"rendered":"Zitkala unisex outdoor buks &#8211; oliven"},"content":{"rendered":"","protected":false},"excerpt":{"rendered":"<p>Komfortabel lun buks til b\u00e5de damer og herrer. Zitkala er en super buks til den kolde tid. Zitkala kombinerer funktionalitet med komfort p\u00e5 bedste vis.<\/p>\n<p>Det suver\u00e6ne materiale, som den er lavet af,\u00a0 er meget str\u00e6kbart, hvilket resulterer i en super komfortabel buks med stor bev\u00e6gelsesfrihed. Zitkala har 2 stiklommer, 1 l\u00e5rlomme og 1 baglomme. Zitkala er unisex &#8211; men st\u00f8rrelserne er herrest\u00f8rrelser.<\/p>\n","protected":false},"featured_media":104856,"template":"","meta":{"_acf_changed":false,"_price":"999","_stock":"","_tribe_ticket_header":"","_tribe_default_ticket_provider":"","_tribe_ticket_capacity":"0","_ticket_start_date":"","_ticket_end_date":"","_tribe_ticket_show_description":"","_tribe_ticket_show_not_going":false,"_tribe_ticket_use_global_stock":"","_tribe_ticket_global_stock_level":"","_global_stock_mode":"","_global_stock_cap":"","_tribe_rsvp_for_event":"","_tribe_ticket_going_count":"","_tribe_ticket_not_going_count":"","_tribe_tickets_list":"[]","_tribe_ticket_has_attendee_info_fields":false,"_tec_slr_enabled":"","_tec_slr_layout":""},"product_brand":[],"product_cat":[2148,1991,2026,2004,2025,2007,601,605,616,685,16,667,657,658,684],"product_tag":[],"class_list":{"0":"post-75274","1":"product","2":"type-product","3":"status-publish","4":"has-post-thumbnail","6":"product_cat-funktionel-beklaedning-til-efteraaret","7":"product_cat-outdoorbukser","8":"product_cat-foraardame","9":"product_cat-gaveideer-500-1000-kr","10":"product_cat-foraarherrer","11":"product_cat-vintertoj","12":"product_cat-dame-trekking","13":"product_cat-bukser-dame-2","14":"product_cat-helarsbukser-dame","15":"product_cat-vinter-og-overtraeksbukser-dame","16":"product_cat-produkter","17":"product_cat-herre-trekking","18":"product_cat-efteraar","19":"product_cat-bukser-herrer-2","20":"product_cat-helarsbukser-herre","21":"pa_vaelg-stoerrelse-x-small","22":"pa_vaelg-stoerrelse-small","23":"pa_vaelg-stoerrelse-medium","24":"pa_vaelg-stoerrelse-large","25":"pa_vaelg-stoerrelse-x-large","26":"pa_vaelg-stoerrelse-2xl","27":"pa_vaelg-stoerrelse-3xl","29":"first","30":"instock","31":"taxable","32":"shipping-taxable","33":"purchasable","34":"product-type-variable","35":"rtwpvs-product"},"acf":[],"yoast_head":"<!-- This site is optimized with the Yoast SEO plugin v26.0 - https:\/\/yoast.com\/wordpress\/plugins\/seo\/ -->\n<title>Zitkala unisex outdoor buks - oliven - Wolf Camper<\/title>\n<meta name=\"robots\" content=\"index, follow, max-snippet:-1, max-image-preview:large, max-video-preview:-1\" \/>\n<link rel=\"canonical\" href=\"https:\/\/www.wolfcamper.com\/da\/vare\/zitkala-unisex-outdoor-buks-oliven\/\" \/>\n<meta property=\"og:locale\" content=\"da_DK\" \/>\n<meta property=\"og:type\" content=\"article\" \/>\n<meta property=\"og:title\" content=\"Zitkala unisex outdoor buks - oliven - Wolf Camper\" \/>\n<meta property=\"og:description\" content=\"Komfortabel lun buks til b\u00e5de damer og herrer. Zitkala er en super buks til den kolde tid. Zitkala kombinerer funktionalitet med komfort p\u00e5 bedste vis.  Det suver\u00e6ne materiale, som den er lavet af,\u00a0 er meget str\u00e6kbart, hvilket resulterer i en super komfortabel buks med stor bev\u00e6gelsesfrihed. Zitkala har 2 stiklommer, 1 l\u00e5rlomme og 1 baglomme. Zitkala er unisex - men st\u00f8rrelserne er herrest\u00f8rrelser.\" \/>\n<meta property=\"og:url\" content=\"https:\/\/www.wolfcamper.com\/da\/vare\/zitkala-unisex-outdoor-buks-oliven\/\" \/>\n<meta property=\"og:site_name\" content=\"Wolf Camper\" \/>\n<meta property=\"article:modified_time\" content=\"2026-05-16T13:12:24+00:00\" \/>\n<meta property=\"og:image\" content=\"https:\/\/www.wolfcamper.com\/wp-content\/uploads\/2023\/02\/zitkala-olive-2f1000.png\" \/>\n\t<meta property=\"og:image:width\" content=\"1000\" \/>\n\t<meta property=\"og:image:height\" content=\"1000\" \/>\n\t<meta property=\"og:image:type\" content=\"image\/png\" \/>\n<meta name=\"twitter:card\" content=\"summary_large_image\" \/>\n<meta name=\"twitter:label1\" content=\"Estimeret l\u00e6setid\" \/>\n\t<meta name=\"twitter:data1\" content=\"1 minut\" \/>\n<script type=\"application\/ld+json\" class=\"yoast-schema-graph\">{\"@context\":\"https:\/\/schema.org\",\"@graph\":[{\"@type\":\"WebPage\",\"@id\":\"https:\/\/www.wolfcamper.com\/da\/vare\/zitkala-unisex-outdoor-buks-oliven\/\",\"url\":\"https:\/\/www.wolfcamper.com\/da\/vare\/zitkala-unisex-outdoor-buks-oliven\/\",\"name\":\"Zitkala unisex outdoor buks - oliven - Wolf Camper\",\"isPartOf\":{\"@id\":\"https:\/\/www.wolfcamper.com\/da\/#website\"},\"primaryImageOfPage\":{\"@id\":\"https:\/\/www.wolfcamper.com\/da\/vare\/zitkala-unisex-outdoor-buks-oliven\/#primaryimage\"},\"image\":{\"@id\":\"https:\/\/www.wolfcamper.com\/da\/vare\/zitkala-unisex-outdoor-buks-oliven\/#primaryimage\"},\"thumbnailUrl\":\"https:\/\/www.wolfcamper.com\/wp-content\/uploads\/2023\/02\/zitkala-olive-2f1000.png\",\"datePublished\":\"2023-02-17T14:37:50+00:00\",\"dateModified\":\"2026-05-16T13:12:24+00:00\",\"breadcrumb\":{\"@id\":\"https:\/\/www.wolfcamper.com\/da\/vare\/zitkala-unisex-outdoor-buks-oliven\/#breadcrumb\"},\"inLanguage\":\"da-DK\",\"potentialAction\":[{\"@type\":\"ReadAction\",\"target\":[\"https:\/\/www.wolfcamper.com\/da\/vare\/zitkala-unisex-outdoor-buks-oliven\/\"]}]},{\"@type\":\"ImageObject\",\"inLanguage\":\"da-DK\",\"@id\":\"https:\/\/www.wolfcamper.com\/da\/vare\/zitkala-unisex-outdoor-buks-oliven\/#primaryimage\",\"url\":\"https:\/\/www.wolfcamper.com\/wp-content\/uploads\/2023\/02\/zitkala-olive-2f1000.png\",\"contentUrl\":\"https:\/\/www.wolfcamper.com\/wp-content\/uploads\/2023\/02\/zitkala-olive-2f1000.png\",\"width\":1000,\"height\":1000},{\"@type\":\"BreadcrumbList\",\"@id\":\"https:\/\/www.wolfcamper.com\/da\/vare\/zitkala-unisex-outdoor-buks-oliven\/#breadcrumb\",\"itemListElement\":[{\"@type\":\"ListItem\",\"position\":1,\"name\":\"Home\",\"item\":\"https:\/\/www.wolfcamper.com\/da\/\"},{\"@type\":\"ListItem\",\"position\":2,\"name\":\"Shop\",\"item\":\"https:\/\/www.wolfcamper.com\/da\/shop\/\"},{\"@type\":\"ListItem\",\"position\":3,\"name\":\"Zitkala unisex outdoor buks &#8211; oliven\"}]},{\"@type\":\"WebSite\",\"@id\":\"https:\/\/www.wolfcamper.com\/da\/#website\",\"url\":\"https:\/\/www.wolfcamper.com\/da\/\",\"name\":\"Wolf Camper\",\"description\":\"Wolf Camper\",\"potentialAction\":[{\"@type\":\"SearchAction\",\"target\":{\"@type\":\"EntryPoint\",\"urlTemplate\":\"https:\/\/www.wolfcamper.com\/da\/?s={search_term_string}\"},\"query-input\":{\"@type\":\"PropertyValueSpecification\",\"valueRequired\":true,\"valueName\":\"search_term_string\"}}],\"inLanguage\":\"da-DK\"}]}<\/script>\n<!-- \/ Yoast SEO plugin. -->","yoast_head_json":{"title":"Zitkala unisex outdoor buks - oliven - Wolf Camper","robots":{"index":"index","follow":"follow","max-snippet":"max-snippet:-1","max-image-preview":"max-image-preview:large","max-video-preview":"max-video-preview:-1"},"canonical":"https:\/\/www.wolfcamper.com\/da\/vare\/zitkala-unisex-outdoor-buks-oliven\/","og_locale":"da_DK","og_type":"article","og_title":"Zitkala unisex outdoor buks - oliven - Wolf Camper","og_description":"Komfortabel lun buks til b\u00e5de damer og herrer. Zitkala er en super buks til den kolde tid. Zitkala kombinerer funktionalitet med komfort p\u00e5 bedste vis.  Det suver\u00e6ne materiale, som den er lavet af,\u00a0 er meget str\u00e6kbart, hvilket resulterer i en super komfortabel buks med stor bev\u00e6gelsesfrihed. Zitkala har 2 stiklommer, 1 l\u00e5rlomme og 1 baglomme. Zitkala er unisex - men st\u00f8rrelserne er herrest\u00f8rrelser.","og_url":"https:\/\/www.wolfcamper.com\/da\/vare\/zitkala-unisex-outdoor-buks-oliven\/","og_site_name":"Wolf Camper","article_modified_time":"2026-05-16T13:12:24+00:00","og_image":[{"width":1000,"height":1000,"url":"https:\/\/www.wolfcamper.com\/wp-content\/uploads\/2023\/02\/zitkala-olive-2f1000.png","type":"image\/png"}],"twitter_card":"summary_large_image","twitter_misc":{"Estimeret l\u00e6setid":"1 minut"},"schema":{"@context":"https:\/\/schema.org","@graph":[{"@type":"WebPage","@id":"https:\/\/www.wolfcamper.com\/da\/vare\/zitkala-unisex-outdoor-buks-oliven\/","url":"https:\/\/www.wolfcamper.com\/da\/vare\/zitkala-unisex-outdoor-buks-oliven\/","name":"Zitkala unisex outdoor buks - oliven - Wolf Camper","isPartOf":{"@id":"https:\/\/www.wolfcamper.com\/da\/#website"},"primaryImageOfPage":{"@id":"https:\/\/www.wolfcamper.com\/da\/vare\/zitkala-unisex-outdoor-buks-oliven\/#primaryimage"},"image":{"@id":"https:\/\/www.wolfcamper.com\/da\/vare\/zitkala-unisex-outdoor-buks-oliven\/#primaryimage"},"thumbnailUrl":"https:\/\/www.wolfcamper.com\/wp-content\/uploads\/2023\/02\/zitkala-olive-2f1000.png","datePublished":"2023-02-17T14:37:50+00:00","dateModified":"2026-05-16T13:12:24+00:00","breadcrumb":{"@id":"https:\/\/www.wolfcamper.com\/da\/vare\/zitkala-unisex-outdoor-buks-oliven\/#breadcrumb"},"inLanguage":"da-DK","potentialAction":[{"@type":"ReadAction","target":["https:\/\/www.wolfcamper.com\/da\/vare\/zitkala-unisex-outdoor-buks-oliven\/"]}]},{"@type":"ImageObject","inLanguage":"da-DK","@id":"https:\/\/www.wolfcamper.com\/da\/vare\/zitkala-unisex-outdoor-buks-oliven\/#primaryimage","url":"https:\/\/www.wolfcamper.com\/wp-content\/uploads\/2023\/02\/zitkala-olive-2f1000.png","contentUrl":"https:\/\/www.wolfcamper.com\/wp-content\/uploads\/2023\/02\/zitkala-olive-2f1000.png","width":1000,"height":1000},{"@type":"BreadcrumbList","@id":"https:\/\/www.wolfcamper.com\/da\/vare\/zitkala-unisex-outdoor-buks-oliven\/#breadcrumb","itemListElement":[{"@type":"ListItem","position":1,"name":"Home","item":"https:\/\/www.wolfcamper.com\/da\/"},{"@type":"ListItem","position":2,"name":"Shop","item":"https:\/\/www.wolfcamper.com\/da\/shop\/"},{"@type":"ListItem","position":3,"name":"Zitkala unisex outdoor buks &#8211; oliven"}]},{"@type":"WebSite","@id":"https:\/\/www.wolfcamper.com\/da\/#website","url":"https:\/\/www.wolfcamper.com\/da\/","name":"Wolf Camper","description":"Wolf Camper","potentialAction":[{"@type":"SearchAction","target":{"@type":"EntryPoint","urlTemplate":"https:\/\/www.wolfcamper.com\/da\/?s={search_term_string}"},"query-input":{"@type":"PropertyValueSpecification","valueRequired":true,"valueName":"search_term_string"}}],"inLanguage":"da-DK"}]}},"_links":{"self":[{"href":"https:\/\/www.wolfcamper.com\/da\/wp-json\/wp\/v2\/product\/75274","targetHints":{"allow":["GET"]}}],"collection":[{"href":"https:\/\/www.wolfcamper.com\/da\/wp-json\/wp\/v2\/product"}],"about":[{"href":"https:\/\/www.wolfcamper.com\/da\/wp-json\/wp\/v2\/types\/product"}],"wp:featuredmedia":[{"embeddable":true,"href":"https:\/\/www.wolfcamper.com\/da\/wp-json\/wp\/v2\/media\/104856"}],"wp:attachment":[{"href":"https:\/\/www.wolfcamper.com\/da\/wp-json\/wp\/v2\/media?parent=75274"}],"wp:term":[{"taxonomy":"product_brand","embeddable":true,"href":"https:\/\/www.wolfcamper.com\/da\/wp-json\/wp\/v2\/product_brand?post=75274"},{"taxonomy":"product_cat","embeddable":true,"href":"https:\/\/www.wolfcamper.com\/da\/wp-json\/wp\/v2\/product_cat?post=75274"},{"taxonomy":"product_tag","embeddable":true,"href":"https:\/\/www.wolfcamper.com\/da\/wp-json\/wp\/v2\/product_tag?post=75274"}],"curies":[{"name":"wp","href":"https:\/\/api.w.org\/{rel}","templated":true}]}}