{"id":28233,"date":"2021-05-25T13:30:17","date_gmt":"2021-05-25T11:30:17","guid":{"rendered":"https:\/\/www.wolfcamper.com\/\/vare\/hoh-ee-dufflebag\/"},"modified":"2026-04-13T09:05:37","modified_gmt":"2026-04-13T07:05:37","slug":"hoh-ee-dufflebag","status":"publish","type":"product","link":"https:\/\/www.wolfcamper.com\/da\/vare\/hoh-ee-dufflebag\/","title":{"rendered":"Hoh&#8217;ee dufflebag &#8211; Rejsetaske"},"content":{"rendered":"","protected":false},"excerpt":{"rendered":"<p>Smart rejsetaske med en pakkevolumen p\u00e5 ca. 60 liter. Tasken er fremstillet i kraftig PVC, som b\u00e5de er slidst\u00e6rkt og vand\u00e6t. Syningerne er ikke svejsede, s\u00e5 tasken kan derfor ikke kaldes vandt\u00e6t. Tasken pakkes gennem den store hesteskoformede lynl\u00e5s, som er skjult under en beskyttende flap. Under den store \u00e5bningsflap, er der en netlomme, til de ting som du hurtigt skal have fat p\u00e5. Tasken er med skulderstrop, og har derudover b\u00e6reh\u00e5ndtag i toppen og hver ende.<\/p>\n","protected":false},"featured_media":43715,"template":"","meta":{"_acf_changed":false,"_price":"399","_stock":"133","_tribe_ticket_header":"","_tribe_default_ticket_provider":"","_tribe_ticket_capacity":"420","_ticket_start_date":"","_ticket_end_date":"","_tribe_ticket_show_description":"","_tribe_ticket_show_not_going":false,"_tribe_ticket_use_global_stock":"","_tribe_ticket_global_stock_level":"","_global_stock_mode":"","_global_stock_cap":"","_tribe_rsvp_for_event":"","_tribe_ticket_going_count":"","_tribe_ticket_not_going_count":"","_tribe_tickets_list":"[]","_tribe_ticket_has_attendee_info_fields":false,"_tec_slr_enabled":"","_tec_slr_layout":""},"product_brand":[],"product_cat":[674,646,16],"product_tag":[],"class_list":{"0":"post-28233","1":"product","2":"type-product","3":"status-publish","4":"has-post-thumbnail","6":"product_cat-rejsetasker","7":"product_cat-drybags","8":"product_cat-produkter","10":"first","11":"instock","12":"taxable","13":"shipping-taxable","14":"purchasable","15":"product-type-simple"},"acf":[],"yoast_head":"<!-- This site is optimized with the Yoast SEO plugin v26.0 - https:\/\/yoast.com\/wordpress\/plugins\/seo\/ -->\n<title>Hoh\u2019ee dufflebag - Vandt\u00e6t rejsetaske - Wolf Camper<\/title>\n<meta name=\"description\" content=\"Pr\u00f8v denne vandt\u00e6tte rejsetaske, der er perfekt til ex. storbyferien. En rigtig smart rejsetaske med en pakkevolumen p\u00e5 60 liter.\" \/>\n<meta name=\"robots\" content=\"index, follow, max-snippet:-1, max-image-preview:large, max-video-preview:-1\" \/>\n<link rel=\"canonical\" href=\"https:\/\/www.wolfcamper.com\/da\/vare\/hoh-ee-dufflebag\/\" \/>\n<meta property=\"og:locale\" content=\"da_DK\" \/>\n<meta property=\"og:type\" content=\"article\" \/>\n<meta property=\"og:title\" content=\"Hoh\u2019ee dufflebag - Vandt\u00e6t rejsetaske - Wolf Camper\" \/>\n<meta property=\"og:description\" content=\"Pr\u00f8v denne vandt\u00e6tte rejsetaske, der er perfekt til ex. storbyferien. En rigtig smart rejsetaske med en pakkevolumen p\u00e5 60 liter.\" \/>\n<meta property=\"og:url\" content=\"https:\/\/www.wolfcamper.com\/da\/vare\/hoh-ee-dufflebag\/\" \/>\n<meta property=\"og:site_name\" content=\"Wolf Camper\" \/>\n<meta property=\"article:modified_time\" content=\"2026-04-13T07:05:37+00:00\" \/>\n<meta property=\"og:image\" content=\"https:\/\/www.wolfcamper.com\/wp-content\/uploads\/2021\/05\/duffle2020-1.png\" \/>\n\t<meta property=\"og:image:width\" content=\"1000\" \/>\n\t<meta property=\"og:image:height\" content=\"1000\" \/>\n\t<meta property=\"og:image:type\" content=\"image\/png\" \/>\n<meta name=\"twitter:card\" content=\"summary_large_image\" \/>\n<script type=\"application\/ld+json\" class=\"yoast-schema-graph\">{\"@context\":\"https:\/\/schema.org\",\"@graph\":[{\"@type\":\"WebPage\",\"@id\":\"https:\/\/www.wolfcamper.com\/da\/vare\/hoh-ee-dufflebag\/\",\"url\":\"https:\/\/www.wolfcamper.com\/da\/vare\/hoh-ee-dufflebag\/\",\"name\":\"Hoh\u2019ee dufflebag - Vandt\u00e6t rejsetaske - Wolf Camper\",\"isPartOf\":{\"@id\":\"https:\/\/www.wolfcamper.com\/da\/#website\"},\"primaryImageOfPage\":{\"@id\":\"https:\/\/www.wolfcamper.com\/da\/vare\/hoh-ee-dufflebag\/#primaryimage\"},\"image\":{\"@id\":\"https:\/\/www.wolfcamper.com\/da\/vare\/hoh-ee-dufflebag\/#primaryimage\"},\"thumbnailUrl\":\"https:\/\/www.wolfcamper.com\/wp-content\/uploads\/2021\/05\/duffle2020-1.png\",\"datePublished\":\"2021-05-25T11:30:17+00:00\",\"dateModified\":\"2026-04-13T07:05:37+00:00\",\"description\":\"Pr\u00f8v denne vandt\u00e6tte rejsetaske, der er perfekt til ex. storbyferien. En rigtig smart rejsetaske med en pakkevolumen p\u00e5 60 liter.\",\"breadcrumb\":{\"@id\":\"https:\/\/www.wolfcamper.com\/da\/vare\/hoh-ee-dufflebag\/#breadcrumb\"},\"inLanguage\":\"da-DK\",\"potentialAction\":[{\"@type\":\"ReadAction\",\"target\":[\"https:\/\/www.wolfcamper.com\/da\/vare\/hoh-ee-dufflebag\/\"]}]},{\"@type\":\"ImageObject\",\"inLanguage\":\"da-DK\",\"@id\":\"https:\/\/www.wolfcamper.com\/da\/vare\/hoh-ee-dufflebag\/#primaryimage\",\"url\":\"https:\/\/www.wolfcamper.com\/wp-content\/uploads\/2021\/05\/duffle2020-1.png\",\"contentUrl\":\"https:\/\/www.wolfcamper.com\/wp-content\/uploads\/2021\/05\/duffle2020-1.png\",\"width\":1000,\"height\":1000,\"caption\":\"L\u00e6kker rejsetaske i sort med hvid Wolf Camper logo p\u00e5 midten\"},{\"@type\":\"BreadcrumbList\",\"@id\":\"https:\/\/www.wolfcamper.com\/da\/vare\/hoh-ee-dufflebag\/#breadcrumb\",\"itemListElement\":[{\"@type\":\"ListItem\",\"position\":1,\"name\":\"Home\",\"item\":\"https:\/\/www.wolfcamper.com\/da\/\"},{\"@type\":\"ListItem\",\"position\":2,\"name\":\"Shop\",\"item\":\"https:\/\/www.wolfcamper.com\/da\/shop\/\"},{\"@type\":\"ListItem\",\"position\":3,\"name\":\"Hoh&#8217;ee dufflebag &#8211; Rejsetaske\"}]},{\"@type\":\"WebSite\",\"@id\":\"https:\/\/www.wolfcamper.com\/da\/#website\",\"url\":\"https:\/\/www.wolfcamper.com\/da\/\",\"name\":\"Wolf Camper\",\"description\":\"Wolf Camper\",\"potentialAction\":[{\"@type\":\"SearchAction\",\"target\":{\"@type\":\"EntryPoint\",\"urlTemplate\":\"https:\/\/www.wolfcamper.com\/da\/?s={search_term_string}\"},\"query-input\":{\"@type\":\"PropertyValueSpecification\",\"valueRequired\":true,\"valueName\":\"search_term_string\"}}],\"inLanguage\":\"da-DK\"}]}<\/script>\n<!-- \/ Yoast SEO plugin. -->","yoast_head_json":{"title":"Hoh\u2019ee dufflebag - Vandt\u00e6t rejsetaske - Wolf Camper","description":"Pr\u00f8v denne vandt\u00e6tte rejsetaske, der er perfekt til ex. storbyferien. En rigtig smart rejsetaske med en pakkevolumen p\u00e5 60 liter.","robots":{"index":"index","follow":"follow","max-snippet":"max-snippet:-1","max-image-preview":"max-image-preview:large","max-video-preview":"max-video-preview:-1"},"canonical":"https:\/\/www.wolfcamper.com\/da\/vare\/hoh-ee-dufflebag\/","og_locale":"da_DK","og_type":"article","og_title":"Hoh\u2019ee dufflebag - Vandt\u00e6t rejsetaske - Wolf Camper","og_description":"Pr\u00f8v denne vandt\u00e6tte rejsetaske, der er perfekt til ex. storbyferien. En rigtig smart rejsetaske med en pakkevolumen p\u00e5 60 liter.","og_url":"https:\/\/www.wolfcamper.com\/da\/vare\/hoh-ee-dufflebag\/","og_site_name":"Wolf Camper","article_modified_time":"2026-04-13T07:05:37+00:00","og_image":[{"width":1000,"height":1000,"url":"https:\/\/www.wolfcamper.com\/wp-content\/uploads\/2021\/05\/duffle2020-1.png","type":"image\/png"}],"twitter_card":"summary_large_image","schema":{"@context":"https:\/\/schema.org","@graph":[{"@type":"WebPage","@id":"https:\/\/www.wolfcamper.com\/da\/vare\/hoh-ee-dufflebag\/","url":"https:\/\/www.wolfcamper.com\/da\/vare\/hoh-ee-dufflebag\/","name":"Hoh\u2019ee dufflebag - Vandt\u00e6t rejsetaske - Wolf Camper","isPartOf":{"@id":"https:\/\/www.wolfcamper.com\/da\/#website"},"primaryImageOfPage":{"@id":"https:\/\/www.wolfcamper.com\/da\/vare\/hoh-ee-dufflebag\/#primaryimage"},"image":{"@id":"https:\/\/www.wolfcamper.com\/da\/vare\/hoh-ee-dufflebag\/#primaryimage"},"thumbnailUrl":"https:\/\/www.wolfcamper.com\/wp-content\/uploads\/2021\/05\/duffle2020-1.png","datePublished":"2021-05-25T11:30:17+00:00","dateModified":"2026-04-13T07:05:37+00:00","description":"Pr\u00f8v denne vandt\u00e6tte rejsetaske, der er perfekt til ex. storbyferien. En rigtig smart rejsetaske med en pakkevolumen p\u00e5 60 liter.","breadcrumb":{"@id":"https:\/\/www.wolfcamper.com\/da\/vare\/hoh-ee-dufflebag\/#breadcrumb"},"inLanguage":"da-DK","potentialAction":[{"@type":"ReadAction","target":["https:\/\/www.wolfcamper.com\/da\/vare\/hoh-ee-dufflebag\/"]}]},{"@type":"ImageObject","inLanguage":"da-DK","@id":"https:\/\/www.wolfcamper.com\/da\/vare\/hoh-ee-dufflebag\/#primaryimage","url":"https:\/\/www.wolfcamper.com\/wp-content\/uploads\/2021\/05\/duffle2020-1.png","contentUrl":"https:\/\/www.wolfcamper.com\/wp-content\/uploads\/2021\/05\/duffle2020-1.png","width":1000,"height":1000,"caption":"L\u00e6kker rejsetaske i sort med hvid Wolf Camper logo p\u00e5 midten"},{"@type":"BreadcrumbList","@id":"https:\/\/www.wolfcamper.com\/da\/vare\/hoh-ee-dufflebag\/#breadcrumb","itemListElement":[{"@type":"ListItem","position":1,"name":"Home","item":"https:\/\/www.wolfcamper.com\/da\/"},{"@type":"ListItem","position":2,"name":"Shop","item":"https:\/\/www.wolfcamper.com\/da\/shop\/"},{"@type":"ListItem","position":3,"name":"Hoh&#8217;ee dufflebag &#8211; Rejsetaske"}]},{"@type":"WebSite","@id":"https:\/\/www.wolfcamper.com\/da\/#website","url":"https:\/\/www.wolfcamper.com\/da\/","name":"Wolf Camper","description":"Wolf Camper","potentialAction":[{"@type":"SearchAction","target":{"@type":"EntryPoint","urlTemplate":"https:\/\/www.wolfcamper.com\/da\/?s={search_term_string}"},"query-input":{"@type":"PropertyValueSpecification","valueRequired":true,"valueName":"search_term_string"}}],"inLanguage":"da-DK"}]}},"_links":{"self":[{"href":"https:\/\/www.wolfcamper.com\/da\/wp-json\/wp\/v2\/product\/28233","targetHints":{"allow":["GET"]}}],"collection":[{"href":"https:\/\/www.wolfcamper.com\/da\/wp-json\/wp\/v2\/product"}],"about":[{"href":"https:\/\/www.wolfcamper.com\/da\/wp-json\/wp\/v2\/types\/product"}],"wp:featuredmedia":[{"embeddable":true,"href":"https:\/\/www.wolfcamper.com\/da\/wp-json\/wp\/v2\/media\/43715"}],"wp:attachment":[{"href":"https:\/\/www.wolfcamper.com\/da\/wp-json\/wp\/v2\/media?parent=28233"}],"wp:term":[{"taxonomy":"product_brand","embeddable":true,"href":"https:\/\/www.wolfcamper.com\/da\/wp-json\/wp\/v2\/product_brand?post=28233"},{"taxonomy":"product_cat","embeddable":true,"href":"https:\/\/www.wolfcamper.com\/da\/wp-json\/wp\/v2\/product_cat?post=28233"},{"taxonomy":"product_tag","embeddable":true,"href":"https:\/\/www.wolfcamper.com\/da\/wp-json\/wp\/v2\/product_tag?post=28233"}],"curies":[{"name":"wp","href":"https:\/\/api.w.org\/{rel}","templated":true}]}}