{"id":28200,"date":"2021-05-25T13:29:59","date_gmt":"2021-05-25T11:29:59","guid":{"rendered":"https:\/\/www.wolfcamper.com\/\/vare\/packbags\/"},"modified":"2026-02-04T14:45:31","modified_gmt":"2026-02-04T13:45:31","slug":"packbags","status":"publish","type":"product","link":"https:\/\/www.wolfcamper.com\/da\/vare\/packbags\/","title":{"rendered":"Packbags"},"content":{"rendered":"","protected":false},"excerpt":{"rendered":"<p>S\u00e6t af poser til at organisere din oppakning. Perfekt b\u00e5de til rygs\u00e6k og kuffert. S\u00e6ttet best\u00e5r af: 1 Pose med hank til strandbrug \u2013 eller vasket\u00f8j (45x38cm), 1 Pose til t\u00f8j (45x38cm), 1 Pose til undert\u00f8j (35x28cm), 2 poser til sokker og sko (22x38cm) og 1 pose til rejsedokumenter (23x18cm).<\/p>\n","protected":false},"featured_media":44662,"template":"","meta":{"_acf_changed":false,"_price":"249","_stock":"159","_tribe_ticket_header":"","_tribe_default_ticket_provider":"","_tribe_ticket_capacity":"233","_ticket_start_date":"","_ticket_end_date":"","_tribe_ticket_show_description":"","_tribe_ticket_show_not_going":false,"_tribe_ticket_use_global_stock":"","_tribe_ticket_global_stock_level":"","_global_stock_mode":"","_global_stock_cap":"","_tribe_rsvp_for_event":"","_tribe_ticket_going_count":"","_tribe_ticket_not_going_count":"","_tribe_tickets_list":"[]","_tribe_ticket_has_attendee_info_fields":false,"_tec_slr_enabled":"","_tec_slr_layout":""},"product_brand":[],"product_cat":[640,630,646],"product_tag":[],"class_list":{"0":"post-28200","1":"product","2":"type-product","3":"status-publish","4":"has-post-thumbnail","6":"product_cat-rygsaekke-tasker","7":"product_cat-vandrerygsaekke","8":"product_cat-drybags","10":"first","11":"instock","12":"taxable","13":"shipping-taxable","14":"purchasable","15":"product-type-simple"},"acf":[],"yoast_head":"<!-- This site is optimized with the Yoast SEO plugin v26.0 - https:\/\/yoast.com\/wordpress\/plugins\/seo\/ -->\n<title>Packbags - Organiser oppakning med pakkeposer fra Wolf Camper<\/title>\n<meta name=\"description\" content=\"F\u00e5 et s\u00e6t af 6 pakkeposer til at organisere din oppakning. Perfekt til b\u00e5de rygs\u00e6k og kuffert. K\u00f8b her \u2192 Hurtig levering &amp; gode priser!\" \/>\n<meta name=\"robots\" content=\"index, follow, max-snippet:-1, max-image-preview:large, max-video-preview:-1\" \/>\n<link rel=\"canonical\" href=\"https:\/\/www.wolfcamper.com\/da\/vare\/packbags\/\" \/>\n<meta property=\"og:locale\" content=\"da_DK\" \/>\n<meta property=\"og:type\" content=\"article\" \/>\n<meta property=\"og:title\" content=\"Packbags - Organiser oppakning med pakkeposer fra Wolf Camper\" \/>\n<meta property=\"og:description\" content=\"F\u00e5 et s\u00e6t af 6 pakkeposer til at organisere din oppakning. Perfekt til b\u00e5de rygs\u00e6k og kuffert. K\u00f8b her \u2192 Hurtig levering &amp; gode priser!\" \/>\n<meta property=\"og:url\" content=\"https:\/\/www.wolfcamper.com\/da\/vare\/packbags\/\" \/>\n<meta property=\"og:site_name\" content=\"Wolf Camper\" \/>\n<meta property=\"article:modified_time\" content=\"2026-02-04T13:45:31+00:00\" \/>\n<meta property=\"og:image\" content=\"https:\/\/www.wolfcamper.com\/wp-content\/uploads\/2021\/05\/packbags-5.png\" \/>\n\t<meta property=\"og:image:width\" content=\"1000\" \/>\n\t<meta property=\"og:image:height\" content=\"1000\" \/>\n\t<meta property=\"og:image:type\" content=\"image\/png\" \/>\n<meta name=\"twitter:card\" content=\"summary_large_image\" \/>\n<script type=\"application\/ld+json\" class=\"yoast-schema-graph\">{\"@context\":\"https:\/\/schema.org\",\"@graph\":[{\"@type\":\"WebPage\",\"@id\":\"https:\/\/www.wolfcamper.com\/da\/vare\/packbags\/\",\"url\":\"https:\/\/www.wolfcamper.com\/da\/vare\/packbags\/\",\"name\":\"Packbags - Organiser oppakning med pakkeposer fra Wolf Camper\",\"isPartOf\":{\"@id\":\"https:\/\/www.wolfcamper.com\/da\/#website\"},\"primaryImageOfPage\":{\"@id\":\"https:\/\/www.wolfcamper.com\/da\/vare\/packbags\/#primaryimage\"},\"image\":{\"@id\":\"https:\/\/www.wolfcamper.com\/da\/vare\/packbags\/#primaryimage\"},\"thumbnailUrl\":\"https:\/\/www.wolfcamper.com\/wp-content\/uploads\/2021\/05\/packbags-5.png\",\"datePublished\":\"2021-05-25T11:29:59+00:00\",\"dateModified\":\"2026-02-04T13:45:31+00:00\",\"description\":\"F\u00e5 et s\u00e6t af 6 pakkeposer til at organisere din oppakning. Perfekt til b\u00e5de rygs\u00e6k og kuffert. K\u00f8b her \u2192 Hurtig levering & gode priser!\",\"breadcrumb\":{\"@id\":\"https:\/\/www.wolfcamper.com\/da\/vare\/packbags\/#breadcrumb\"},\"inLanguage\":\"da-DK\",\"potentialAction\":[{\"@type\":\"ReadAction\",\"target\":[\"https:\/\/www.wolfcamper.com\/da\/vare\/packbags\/\"]}]},{\"@type\":\"ImageObject\",\"inLanguage\":\"da-DK\",\"@id\":\"https:\/\/www.wolfcamper.com\/da\/vare\/packbags\/#primaryimage\",\"url\":\"https:\/\/www.wolfcamper.com\/wp-content\/uploads\/2021\/05\/packbags-5.png\",\"contentUrl\":\"https:\/\/www.wolfcamper.com\/wp-content\/uploads\/2021\/05\/packbags-5.png\",\"width\":1000,\"height\":1000},{\"@type\":\"BreadcrumbList\",\"@id\":\"https:\/\/www.wolfcamper.com\/da\/vare\/packbags\/#breadcrumb\",\"itemListElement\":[{\"@type\":\"ListItem\",\"position\":1,\"name\":\"Home\",\"item\":\"https:\/\/www.wolfcamper.com\/da\/\"},{\"@type\":\"ListItem\",\"position\":2,\"name\":\"Shop\",\"item\":\"https:\/\/www.wolfcamper.com\/da\/shop\/\"},{\"@type\":\"ListItem\",\"position\":3,\"name\":\"Packbags\"}]},{\"@type\":\"WebSite\",\"@id\":\"https:\/\/www.wolfcamper.com\/da\/#website\",\"url\":\"https:\/\/www.wolfcamper.com\/da\/\",\"name\":\"Wolf Camper\",\"description\":\"Wolf Camper\",\"potentialAction\":[{\"@type\":\"SearchAction\",\"target\":{\"@type\":\"EntryPoint\",\"urlTemplate\":\"https:\/\/www.wolfcamper.com\/da\/?s={search_term_string}\"},\"query-input\":{\"@type\":\"PropertyValueSpecification\",\"valueRequired\":true,\"valueName\":\"search_term_string\"}}],\"inLanguage\":\"da-DK\"}]}<\/script>\n<!-- \/ Yoast SEO plugin. -->","yoast_head_json":{"title":"Packbags - Organiser oppakning med pakkeposer fra Wolf Camper","description":"F\u00e5 et s\u00e6t af 6 pakkeposer til at organisere din oppakning. Perfekt til b\u00e5de rygs\u00e6k og kuffert. K\u00f8b her \u2192 Hurtig levering & gode priser!","robots":{"index":"index","follow":"follow","max-snippet":"max-snippet:-1","max-image-preview":"max-image-preview:large","max-video-preview":"max-video-preview:-1"},"canonical":"https:\/\/www.wolfcamper.com\/da\/vare\/packbags\/","og_locale":"da_DK","og_type":"article","og_title":"Packbags - Organiser oppakning med pakkeposer fra Wolf Camper","og_description":"F\u00e5 et s\u00e6t af 6 pakkeposer til at organisere din oppakning. Perfekt til b\u00e5de rygs\u00e6k og kuffert. K\u00f8b her \u2192 Hurtig levering & gode priser!","og_url":"https:\/\/www.wolfcamper.com\/da\/vare\/packbags\/","og_site_name":"Wolf Camper","article_modified_time":"2026-02-04T13:45:31+00:00","og_image":[{"width":1000,"height":1000,"url":"https:\/\/www.wolfcamper.com\/wp-content\/uploads\/2021\/05\/packbags-5.png","type":"image\/png"}],"twitter_card":"summary_large_image","schema":{"@context":"https:\/\/schema.org","@graph":[{"@type":"WebPage","@id":"https:\/\/www.wolfcamper.com\/da\/vare\/packbags\/","url":"https:\/\/www.wolfcamper.com\/da\/vare\/packbags\/","name":"Packbags - Organiser oppakning med pakkeposer fra Wolf Camper","isPartOf":{"@id":"https:\/\/www.wolfcamper.com\/da\/#website"},"primaryImageOfPage":{"@id":"https:\/\/www.wolfcamper.com\/da\/vare\/packbags\/#primaryimage"},"image":{"@id":"https:\/\/www.wolfcamper.com\/da\/vare\/packbags\/#primaryimage"},"thumbnailUrl":"https:\/\/www.wolfcamper.com\/wp-content\/uploads\/2021\/05\/packbags-5.png","datePublished":"2021-05-25T11:29:59+00:00","dateModified":"2026-02-04T13:45:31+00:00","description":"F\u00e5 et s\u00e6t af 6 pakkeposer til at organisere din oppakning. Perfekt til b\u00e5de rygs\u00e6k og kuffert. K\u00f8b her \u2192 Hurtig levering & gode priser!","breadcrumb":{"@id":"https:\/\/www.wolfcamper.com\/da\/vare\/packbags\/#breadcrumb"},"inLanguage":"da-DK","potentialAction":[{"@type":"ReadAction","target":["https:\/\/www.wolfcamper.com\/da\/vare\/packbags\/"]}]},{"@type":"ImageObject","inLanguage":"da-DK","@id":"https:\/\/www.wolfcamper.com\/da\/vare\/packbags\/#primaryimage","url":"https:\/\/www.wolfcamper.com\/wp-content\/uploads\/2021\/05\/packbags-5.png","contentUrl":"https:\/\/www.wolfcamper.com\/wp-content\/uploads\/2021\/05\/packbags-5.png","width":1000,"height":1000},{"@type":"BreadcrumbList","@id":"https:\/\/www.wolfcamper.com\/da\/vare\/packbags\/#breadcrumb","itemListElement":[{"@type":"ListItem","position":1,"name":"Home","item":"https:\/\/www.wolfcamper.com\/da\/"},{"@type":"ListItem","position":2,"name":"Shop","item":"https:\/\/www.wolfcamper.com\/da\/shop\/"},{"@type":"ListItem","position":3,"name":"Packbags"}]},{"@type":"WebSite","@id":"https:\/\/www.wolfcamper.com\/da\/#website","url":"https:\/\/www.wolfcamper.com\/da\/","name":"Wolf Camper","description":"Wolf Camper","potentialAction":[{"@type":"SearchAction","target":{"@type":"EntryPoint","urlTemplate":"https:\/\/www.wolfcamper.com\/da\/?s={search_term_string}"},"query-input":{"@type":"PropertyValueSpecification","valueRequired":true,"valueName":"search_term_string"}}],"inLanguage":"da-DK"}]}},"_links":{"self":[{"href":"https:\/\/www.wolfcamper.com\/da\/wp-json\/wp\/v2\/product\/28200","targetHints":{"allow":["GET"]}}],"collection":[{"href":"https:\/\/www.wolfcamper.com\/da\/wp-json\/wp\/v2\/product"}],"about":[{"href":"https:\/\/www.wolfcamper.com\/da\/wp-json\/wp\/v2\/types\/product"}],"wp:featuredmedia":[{"embeddable":true,"href":"https:\/\/www.wolfcamper.com\/da\/wp-json\/wp\/v2\/media\/44662"}],"wp:attachment":[{"href":"https:\/\/www.wolfcamper.com\/da\/wp-json\/wp\/v2\/media?parent=28200"}],"wp:term":[{"taxonomy":"product_brand","embeddable":true,"href":"https:\/\/www.wolfcamper.com\/da\/wp-json\/wp\/v2\/product_brand?post=28200"},{"taxonomy":"product_cat","embeddable":true,"href":"https:\/\/www.wolfcamper.com\/da\/wp-json\/wp\/v2\/product_cat?post=28200"},{"taxonomy":"product_tag","embeddable":true,"href":"https:\/\/www.wolfcamper.com\/da\/wp-json\/wp\/v2\/product_tag?post=28200"}],"curies":[{"name":"wp","href":"https:\/\/api.w.org\/{rel}","templated":true}]}}