{"id":28173,"date":"2021-05-25T13:29:51","date_gmt":"2021-05-25T11:29:51","guid":{"rendered":"https:\/\/www.wolfcamper.com\/\/vare\/hiker-80\/"},"modified":"2026-04-15T11:09:31","modified_gmt":"2026-04-15T09:09:31","slug":"hiker-80","status":"publish","type":"product","link":"https:\/\/www.wolfcamper.com\/da\/vare\/hiker-80\/","title":{"rendered":"Hiker 80 &#8211; 80 liter rygs\u00e6k"},"content":{"rendered":"<hr class=\"solid\" \/>\n<h3>Hvad kendetegner en god vandrerygs\u00e6k?<\/h3>\n<p><strong>1. B\u00e6resystem med justeringsmuligheder<\/strong>: Denne vandrerygs\u00e6k p\u00e5 80 liter har avanceret b\u00e6resystem, som kan tilpasses ryggen for optimal b\u00e6rekomfort. Du kan \u00e6ndre belasningspunktet under vandringen ved hj\u00e6lp af topstropper og stropper p\u00e5 hofteremmen.<\/p>\n<p><strong>2. Komfort:\u00a0<\/strong>B\u00e5de skulderremmene, hofterem, samt l\u00e6ndepuden er godt polstret. Hofteremmene er polstret med fast skum, som giver god st\u00f8tte.<\/p>\n<p><strong>3. St\u00e6rke materialer:<\/strong> Vandrerygs\u00e6kken er fremstillet i kraftig ripstop polyester og den har kraftige lynl\u00e5se. Rygs\u00e6kken har f\u00e5et en PU-behandling, som g\u00f8r rygs\u00e6kken byget\u00e6t, men hvis regnen bliver for kraftig, kan du benytte det medf\u00f8lgende regnslag. Dette kan ydermere lynes sammen til en praktisk pose, som beskytter remme og sp\u00e6nder hvis du skal have rygs\u00e6kken med ud at flyve.<\/p>\n<p><strong>4. Funktionalitet<\/strong>: Rygs\u00e6kken er let at justere. Der er flere praktiske lommer, ligesom der er netlommer i siden til kort eller flasker. Du har let adgang til din oppakning, enten via \u00e5bningerne i top og bund, eller via den langsg\u00e5ende lybl\u00e5s i den ene side af rygs\u00e6kken<\/p>\n<p>&nbsp;<\/p>\n<h3>Hvorn\u00e5r skal jeg v\u00e6lge en 80 liters vandrerygs\u00e6k?<\/h3>\n<p>En 80 liters vandrerygs\u00e6k er rygs\u00e6kken du skal v\u00e6lge til fjeldturen, hvor du vil have plads til telt, kogegrej og proviant. Det er ogs\u00e5 rygs\u00e6kken som du skal v\u00e6lge som den store spejderrygs\u00e6k til sommerlejren. En 80 liters vandrerygs\u00e6k er ogs\u00e5 den perfekte rygs\u00e6k til backpacker turen. \u00a0Wolf Camper har vandrerygs\u00e6kke i flere st\u00f8rrelser &#8211; se udvalget <a href=\"https:\/\/www.wolfcamper.com\/vare-kategori\/rygsaekke-tasker\/vandrerygsaekke\/\">HER.<\/a><\/p>\n<p>&nbsp;<\/p>\n","protected":false},"excerpt":{"rendered":"<p>Wolf Campers 80 liters rygs\u00e6k d\u00e6kker behovet for en funktionel, slidst\u00e6rk og komfortabel rygs\u00e6k med et v\u00e6ld af smarte detaljer. Dette er rygs\u00e6kken du skal v\u00e6lge til turen hvor du b\u00e5de skal have plads til telt, sovepose og liggeunderlag &#8211; her f\u00e5r du god plads til at pakke til turens forn\u00f8denheder. Velegnet som rygs\u00e6k til den store spejder, til fjeldturen &#8211; eller som en forrygende backpacker rygs\u00e6k.<\/p>\n","protected":false},"featured_media":584,"template":"","meta":{"_acf_changed":false,"_price":"1299","_stock":"34","_tribe_ticket_header":"","_tribe_default_ticket_provider":"","_tribe_ticket_capacity":"135","_ticket_start_date":"","_ticket_end_date":"","_tribe_ticket_show_description":"","_tribe_ticket_show_not_going":false,"_tribe_ticket_use_global_stock":"","_tribe_ticket_global_stock_level":"","_global_stock_mode":"","_global_stock_cap":"","_tribe_rsvp_for_event":"","_tribe_ticket_going_count":"","_tribe_ticket_not_going_count":"","_tribe_tickets_list":"[]","_tribe_ticket_has_attendee_info_fields":false,"_tec_slr_enabled":"","_tec_slr_layout":""},"product_brand":[],"product_cat":[640,630],"product_tag":[],"class_list":{"0":"post-28173","1":"product","2":"type-product","3":"status-publish","4":"has-post-thumbnail","6":"product_cat-rygsaekke-tasker","7":"product_cat-vandrerygsaekke","9":"first","10":"instock","11":"taxable","12":"shipping-taxable","13":"purchasable","14":"product-type-simple"},"acf":[],"yoast_head":"<!-- This site is optimized with the Yoast SEO plugin v26.0 - https:\/\/yoast.com\/wordpress\/plugins\/seo\/ -->\n<title>Hiker 80 | 80 liter rygs\u00e6k | Plads til oppakningen - Wolf Camper<\/title>\n<meta name=\"description\" content=\"Med Wolf Campers Hiker 80 er du sikker p\u00e5 at have plads til oppakningen. Perfekt rygs\u00e6k til vandreren, backpackeren eller spejderen. K\u00f8b her!\" \/>\n<meta name=\"robots\" content=\"index, follow, max-snippet:-1, max-image-preview:large, max-video-preview:-1\" \/>\n<link rel=\"canonical\" href=\"https:\/\/www.wolfcamper.com\/da\/vare\/hiker-80\/\" \/>\n<meta property=\"og:locale\" content=\"da_DK\" \/>\n<meta property=\"og:type\" content=\"article\" \/>\n<meta property=\"og:title\" content=\"Hiker 80 | 80 liter rygs\u00e6k | Plads til oppakningen - Wolf Camper\" \/>\n<meta property=\"og:description\" content=\"Med Wolf Campers Hiker 80 er du sikker p\u00e5 at have plads til oppakningen. Perfekt rygs\u00e6k til vandreren, backpackeren eller spejderen. K\u00f8b her!\" \/>\n<meta property=\"og:url\" content=\"https:\/\/www.wolfcamper.com\/da\/vare\/hiker-80\/\" \/>\n<meta property=\"og:site_name\" content=\"Wolf Camper\" \/>\n<meta property=\"article:modified_time\" content=\"2026-04-15T09:09:31+00:00\" \/>\n<meta property=\"og:image\" content=\"https:\/\/www.wolfcamper.com\/wp-content\/uploads\/2021\/04\/hiker80.png\" \/>\n\t<meta property=\"og:image:width\" content=\"900\" \/>\n\t<meta property=\"og:image:height\" content=\"900\" \/>\n\t<meta property=\"og:image:type\" content=\"image\/png\" \/>\n<meta name=\"twitter:card\" content=\"summary_large_image\" \/>\n<meta name=\"twitter:label1\" content=\"Estimeret l\u00e6setid\" \/>\n\t<meta name=\"twitter:data1\" content=\"2 minutter\" \/>\n<script type=\"application\/ld+json\" class=\"yoast-schema-graph\">{\"@context\":\"https:\/\/schema.org\",\"@graph\":[{\"@type\":\"WebPage\",\"@id\":\"https:\/\/www.wolfcamper.com\/da\/vare\/hiker-80\/\",\"url\":\"https:\/\/www.wolfcamper.com\/da\/vare\/hiker-80\/\",\"name\":\"Hiker 80 | 80 liter rygs\u00e6k | Plads til oppakningen - Wolf Camper\",\"isPartOf\":{\"@id\":\"https:\/\/www.wolfcamper.com\/da\/#website\"},\"primaryImageOfPage\":{\"@id\":\"https:\/\/www.wolfcamper.com\/da\/vare\/hiker-80\/#primaryimage\"},\"image\":{\"@id\":\"https:\/\/www.wolfcamper.com\/da\/vare\/hiker-80\/#primaryimage\"},\"thumbnailUrl\":\"https:\/\/www.wolfcamper.com\/wp-content\/uploads\/2021\/04\/hiker80.png\",\"datePublished\":\"2021-05-25T11:29:51+00:00\",\"dateModified\":\"2026-04-15T09:09:31+00:00\",\"description\":\"Med Wolf Campers Hiker 80 er du sikker p\u00e5 at have plads til oppakningen. Perfekt rygs\u00e6k til vandreren, backpackeren eller spejderen. K\u00f8b her!\",\"breadcrumb\":{\"@id\":\"https:\/\/www.wolfcamper.com\/da\/vare\/hiker-80\/#breadcrumb\"},\"inLanguage\":\"da-DK\",\"potentialAction\":[{\"@type\":\"ReadAction\",\"target\":[\"https:\/\/www.wolfcamper.com\/da\/vare\/hiker-80\/\"]}]},{\"@type\":\"ImageObject\",\"inLanguage\":\"da-DK\",\"@id\":\"https:\/\/www.wolfcamper.com\/da\/vare\/hiker-80\/#primaryimage\",\"url\":\"https:\/\/www.wolfcamper.com\/wp-content\/uploads\/2021\/04\/hiker80.png\",\"contentUrl\":\"https:\/\/www.wolfcamper.com\/wp-content\/uploads\/2021\/04\/hiker80.png\",\"width\":900,\"height\":900,\"caption\":\"Vandrerygs\u00e6k p\u00e5 80 liter i sort med r\u00f8de kontraster\"},{\"@type\":\"BreadcrumbList\",\"@id\":\"https:\/\/www.wolfcamper.com\/da\/vare\/hiker-80\/#breadcrumb\",\"itemListElement\":[{\"@type\":\"ListItem\",\"position\":1,\"name\":\"Home\",\"item\":\"https:\/\/www.wolfcamper.com\/da\/\"},{\"@type\":\"ListItem\",\"position\":2,\"name\":\"Shop\",\"item\":\"https:\/\/www.wolfcamper.com\/da\/shop\/\"},{\"@type\":\"ListItem\",\"position\":3,\"name\":\"Hiker 80 &#8211; 80 liter rygs\u00e6k\"}]},{\"@type\":\"WebSite\",\"@id\":\"https:\/\/www.wolfcamper.com\/da\/#website\",\"url\":\"https:\/\/www.wolfcamper.com\/da\/\",\"name\":\"Wolf Camper\",\"description\":\"Wolf Camper\",\"potentialAction\":[{\"@type\":\"SearchAction\",\"target\":{\"@type\":\"EntryPoint\",\"urlTemplate\":\"https:\/\/www.wolfcamper.com\/da\/?s={search_term_string}\"},\"query-input\":{\"@type\":\"PropertyValueSpecification\",\"valueRequired\":true,\"valueName\":\"search_term_string\"}}],\"inLanguage\":\"da-DK\"}]}<\/script>\n<!-- \/ Yoast SEO plugin. -->","yoast_head_json":{"title":"Hiker 80 | 80 liter rygs\u00e6k | Plads til oppakningen - Wolf Camper","description":"Med Wolf Campers Hiker 80 er du sikker p\u00e5 at have plads til oppakningen. Perfekt rygs\u00e6k til vandreren, backpackeren eller spejderen. K\u00f8b her!","robots":{"index":"index","follow":"follow","max-snippet":"max-snippet:-1","max-image-preview":"max-image-preview:large","max-video-preview":"max-video-preview:-1"},"canonical":"https:\/\/www.wolfcamper.com\/da\/vare\/hiker-80\/","og_locale":"da_DK","og_type":"article","og_title":"Hiker 80 | 80 liter rygs\u00e6k | Plads til oppakningen - Wolf Camper","og_description":"Med Wolf Campers Hiker 80 er du sikker p\u00e5 at have plads til oppakningen. Perfekt rygs\u00e6k til vandreren, backpackeren eller spejderen. K\u00f8b her!","og_url":"https:\/\/www.wolfcamper.com\/da\/vare\/hiker-80\/","og_site_name":"Wolf Camper","article_modified_time":"2026-04-15T09:09:31+00:00","og_image":[{"width":900,"height":900,"url":"https:\/\/www.wolfcamper.com\/wp-content\/uploads\/2021\/04\/hiker80.png","type":"image\/png"}],"twitter_card":"summary_large_image","twitter_misc":{"Estimeret l\u00e6setid":"2 minutter"},"schema":{"@context":"https:\/\/schema.org","@graph":[{"@type":"WebPage","@id":"https:\/\/www.wolfcamper.com\/da\/vare\/hiker-80\/","url":"https:\/\/www.wolfcamper.com\/da\/vare\/hiker-80\/","name":"Hiker 80 | 80 liter rygs\u00e6k | Plads til oppakningen - Wolf Camper","isPartOf":{"@id":"https:\/\/www.wolfcamper.com\/da\/#website"},"primaryImageOfPage":{"@id":"https:\/\/www.wolfcamper.com\/da\/vare\/hiker-80\/#primaryimage"},"image":{"@id":"https:\/\/www.wolfcamper.com\/da\/vare\/hiker-80\/#primaryimage"},"thumbnailUrl":"https:\/\/www.wolfcamper.com\/wp-content\/uploads\/2021\/04\/hiker80.png","datePublished":"2021-05-25T11:29:51+00:00","dateModified":"2026-04-15T09:09:31+00:00","description":"Med Wolf Campers Hiker 80 er du sikker p\u00e5 at have plads til oppakningen. Perfekt rygs\u00e6k til vandreren, backpackeren eller spejderen. K\u00f8b her!","breadcrumb":{"@id":"https:\/\/www.wolfcamper.com\/da\/vare\/hiker-80\/#breadcrumb"},"inLanguage":"da-DK","potentialAction":[{"@type":"ReadAction","target":["https:\/\/www.wolfcamper.com\/da\/vare\/hiker-80\/"]}]},{"@type":"ImageObject","inLanguage":"da-DK","@id":"https:\/\/www.wolfcamper.com\/da\/vare\/hiker-80\/#primaryimage","url":"https:\/\/www.wolfcamper.com\/wp-content\/uploads\/2021\/04\/hiker80.png","contentUrl":"https:\/\/www.wolfcamper.com\/wp-content\/uploads\/2021\/04\/hiker80.png","width":900,"height":900,"caption":"Vandrerygs\u00e6k p\u00e5 80 liter i sort med r\u00f8de kontraster"},{"@type":"BreadcrumbList","@id":"https:\/\/www.wolfcamper.com\/da\/vare\/hiker-80\/#breadcrumb","itemListElement":[{"@type":"ListItem","position":1,"name":"Home","item":"https:\/\/www.wolfcamper.com\/da\/"},{"@type":"ListItem","position":2,"name":"Shop","item":"https:\/\/www.wolfcamper.com\/da\/shop\/"},{"@type":"ListItem","position":3,"name":"Hiker 80 &#8211; 80 liter rygs\u00e6k"}]},{"@type":"WebSite","@id":"https:\/\/www.wolfcamper.com\/da\/#website","url":"https:\/\/www.wolfcamper.com\/da\/","name":"Wolf Camper","description":"Wolf Camper","potentialAction":[{"@type":"SearchAction","target":{"@type":"EntryPoint","urlTemplate":"https:\/\/www.wolfcamper.com\/da\/?s={search_term_string}"},"query-input":{"@type":"PropertyValueSpecification","valueRequired":true,"valueName":"search_term_string"}}],"inLanguage":"da-DK"}]}},"_links":{"self":[{"href":"https:\/\/www.wolfcamper.com\/da\/wp-json\/wp\/v2\/product\/28173","targetHints":{"allow":["GET"]}}],"collection":[{"href":"https:\/\/www.wolfcamper.com\/da\/wp-json\/wp\/v2\/product"}],"about":[{"href":"https:\/\/www.wolfcamper.com\/da\/wp-json\/wp\/v2\/types\/product"}],"wp:featuredmedia":[{"embeddable":true,"href":"https:\/\/www.wolfcamper.com\/da\/wp-json\/wp\/v2\/media\/584"}],"wp:attachment":[{"href":"https:\/\/www.wolfcamper.com\/da\/wp-json\/wp\/v2\/media?parent=28173"}],"wp:term":[{"taxonomy":"product_brand","embeddable":true,"href":"https:\/\/www.wolfcamper.com\/da\/wp-json\/wp\/v2\/product_brand?post=28173"},{"taxonomy":"product_cat","embeddable":true,"href":"https:\/\/www.wolfcamper.com\/da\/wp-json\/wp\/v2\/product_cat?post=28173"},{"taxonomy":"product_tag","embeddable":true,"href":"https:\/\/www.wolfcamper.com\/da\/wp-json\/wp\/v2\/product_tag?post=28173"}],"curies":[{"name":"wp","href":"https:\/\/api.w.org\/{rel}","templated":true}]}}