{"id":28172,"date":"2021-05-25T13:29:51","date_gmt":"2021-05-25T11:29:51","guid":{"rendered":"https:\/\/www.wolfcamper.com\/\/vare\/hiker-60\/"},"modified":"2026-04-22T11:26:43","modified_gmt":"2026-04-22T09:26:43","slug":"hiker-60","status":"publish","type":"product","link":"https:\/\/www.wolfcamper.com\/da\/vare\/hiker-60\/","title":{"rendered":"Hiker 60 &#8211; 60 liter rygs\u00e6k"},"content":{"rendered":"<hr class=\"solid\" \/>\n<h3>Hvad kendetegner en god vandrerygs\u00e6k?<\/h3>\n<p><strong>1. B\u00e6resystem med justeringsmuligheder<\/strong>: Denne vandrerygs\u00e6k p\u00e5 60 liter har avanceret b\u00e6resystem, som kan tilpasses ryggen for optimal b\u00e6rekomfort. Du kan \u00e6ndre belasningspunktet under vandringen ved hj\u00e6lp af topstropper og stropper p\u00e5 hofteremmen.<\/p>\n<p><strong>2. Komfort:\u00a0<\/strong>B\u00e5de skulderremmene, hofterem, samt l\u00e6ndepuden er godt polstret. Hofteremmene er polstret med fast skum, som giver god st\u00f8tte.<\/p>\n<p><strong>3. St\u00e6rke materialer:<\/strong> Vandrerygs\u00e6kken er fremstillet i kraftig ripstop polyester og den har kraftige lynl\u00e5se. Rygs\u00e6kken har f\u00e5et en PU-behandling, som g\u00f8r rygs\u00e6kken byget\u00e6t, men hvis regnen bliver for kraftig, kan du benytte det medf\u00f8lgende regnslag. Dette kan ydermere lynes sammen til en praktisk pose, som beskytter remme og sp\u00e6nder hvis du skal have rygs\u00e6kken med ud at flyve.<\/p>\n<p><strong>4. Funktionalitet<\/strong>: Rygs\u00e6kken er let at justere. Der er flere praktiske lommer, ligesom der er netlommer i siden til kort eller flasker. Du har let adgang til din oppakning, enten via \u00e5bningerne i top og bund, eller via den langsg\u00e5ende lybl\u00e5s i den ene side af rygs\u00e6kken<\/p>\n<p>&nbsp;<\/p>\n<h3>Hvorn\u00e5r skal jeg v\u00e6lge en 60 liters vandrerygs\u00e6k?<\/h3>\n<p>En vandrerygs\u00e6k p\u00e5 60 liter er faktisk meget rummelig. Den er yderst anvendelig som spejderrygs\u00e6k, eller som en super rygs\u00e6k til den kortere vandretur p\u00e5 fjeldet, hvor der m\u00e5ske ikke er s\u00e5 meget grej med. De fleste piger vil formentlig ogs\u00e5 have fordel af den lidt mindre st\u00f8rrelse p\u00e5 rygs\u00e6kken. Wolf Camper har vandrerygs\u00e6kke i flere st\u00f8rrelser &#8211; se udvalget <a href=\"https:\/\/www.wolfcamper.com\/vare-kategori\/rygsaekke-tasker\/vandrerygsaekke\/\">HER.<\/a><\/p>\n<p>&nbsp;<\/p>\n","protected":false},"excerpt":{"rendered":"<p>Funktionel vandrerygs\u00e6k i &#8220;mellemst\u00f8rrelse&#8221; super velegnet som spejderrygs\u00e6k, eller til backpackerturen, hvis du synes at en 80 liter rygs\u00e6k er lidt for voldsom.<\/p>\n","protected":false},"featured_media":555,"template":"","meta":{"_acf_changed":false,"_price":"1099","_stock":"13","_tribe_ticket_header":"","_tribe_default_ticket_provider":"","_tribe_ticket_capacity":"74","_ticket_start_date":"","_ticket_end_date":"","_tribe_ticket_show_description":"","_tribe_ticket_show_not_going":false,"_tribe_ticket_use_global_stock":"","_tribe_ticket_global_stock_level":"","_global_stock_mode":"","_global_stock_cap":"","_tribe_rsvp_for_event":"","_tribe_ticket_going_count":"","_tribe_ticket_not_going_count":"","_tribe_tickets_list":"[]","_tribe_ticket_has_attendee_info_fields":false,"_tec_slr_enabled":"","_tec_slr_layout":""},"product_brand":[],"product_cat":[2005,640,630],"product_tag":[],"class_list":{"0":"post-28172","1":"product","2":"type-product","3":"status-publish","4":"has-post-thumbnail","6":"product_cat-gaveideer-over-1000-kr","7":"product_cat-rygsaekke-tasker","8":"product_cat-vandrerygsaekke","10":"first","11":"instock","12":"taxable","13":"shipping-taxable","14":"purchasable","15":"product-type-simple"},"acf":[],"yoast_head":"<!-- This site is optimized with the Yoast SEO plugin v26.0 - https:\/\/yoast.com\/wordpress\/plugins\/seo\/ -->\n<title>Hiker 60 - Vandrerygs\u00e6k til b\u00e5de spejder og backpacker - Wolf Camper<\/title>\n<meta name=\"description\" content=\"Enhver vandretur skal v\u00e6re en forn\u00f8jelse! Wolf Campers vandrerygs\u00e6k p\u00e5 60 liter er velegnet til b\u00e5de spejder og backpacker. K\u00f8b her!\" \/>\n<meta name=\"robots\" content=\"index, follow, max-snippet:-1, max-image-preview:large, max-video-preview:-1\" \/>\n<link rel=\"canonical\" href=\"https:\/\/www.wolfcamper.com\/da\/vare\/hiker-60\/\" \/>\n<meta property=\"og:locale\" content=\"da_DK\" \/>\n<meta property=\"og:type\" content=\"article\" \/>\n<meta property=\"og:title\" content=\"Hiker 60 - Vandrerygs\u00e6k til b\u00e5de spejder og backpacker - Wolf Camper\" \/>\n<meta property=\"og:description\" content=\"Enhver vandretur skal v\u00e6re en forn\u00f8jelse! Wolf Campers vandrerygs\u00e6k p\u00e5 60 liter er velegnet til b\u00e5de spejder og backpacker. K\u00f8b her!\" \/>\n<meta property=\"og:url\" content=\"https:\/\/www.wolfcamper.com\/da\/vare\/hiker-60\/\" \/>\n<meta property=\"og:site_name\" content=\"Wolf Camper\" \/>\n<meta property=\"article:modified_time\" content=\"2026-04-22T09:26:43+00:00\" \/>\n<meta property=\"og:image\" content=\"https:\/\/www.wolfcamper.com\/wp-content\/uploads\/2021\/04\/hiker60.png\" \/>\n\t<meta property=\"og:image:width\" content=\"900\" \/>\n\t<meta property=\"og:image:height\" content=\"900\" \/>\n\t<meta property=\"og:image:type\" content=\"image\/png\" \/>\n<meta name=\"twitter:card\" content=\"summary_large_image\" \/>\n<meta name=\"twitter:label1\" content=\"Estimeret l\u00e6setid\" \/>\n\t<meta name=\"twitter:data1\" content=\"2 minutter\" \/>\n<script type=\"application\/ld+json\" class=\"yoast-schema-graph\">{\"@context\":\"https:\/\/schema.org\",\"@graph\":[{\"@type\":\"WebPage\",\"@id\":\"https:\/\/www.wolfcamper.com\/da\/vare\/hiker-60\/\",\"url\":\"https:\/\/www.wolfcamper.com\/da\/vare\/hiker-60\/\",\"name\":\"Hiker 60 - Vandrerygs\u00e6k til b\u00e5de spejder og backpacker - Wolf Camper\",\"isPartOf\":{\"@id\":\"https:\/\/www.wolfcamper.com\/da\/#website\"},\"primaryImageOfPage\":{\"@id\":\"https:\/\/www.wolfcamper.com\/da\/vare\/hiker-60\/#primaryimage\"},\"image\":{\"@id\":\"https:\/\/www.wolfcamper.com\/da\/vare\/hiker-60\/#primaryimage\"},\"thumbnailUrl\":\"https:\/\/www.wolfcamper.com\/wp-content\/uploads\/2021\/04\/hiker60.png\",\"datePublished\":\"2021-05-25T11:29:51+00:00\",\"dateModified\":\"2026-04-22T09:26:43+00:00\",\"description\":\"Enhver vandretur skal v\u00e6re en forn\u00f8jelse! Wolf Campers vandrerygs\u00e6k p\u00e5 60 liter er velegnet til b\u00e5de spejder og backpacker. K\u00f8b her!\",\"breadcrumb\":{\"@id\":\"https:\/\/www.wolfcamper.com\/da\/vare\/hiker-60\/#breadcrumb\"},\"inLanguage\":\"da-DK\",\"potentialAction\":[{\"@type\":\"ReadAction\",\"target\":[\"https:\/\/www.wolfcamper.com\/da\/vare\/hiker-60\/\"]}]},{\"@type\":\"ImageObject\",\"inLanguage\":\"da-DK\",\"@id\":\"https:\/\/www.wolfcamper.com\/da\/vare\/hiker-60\/#primaryimage\",\"url\":\"https:\/\/www.wolfcamper.com\/wp-content\/uploads\/2021\/04\/hiker60.png\",\"contentUrl\":\"https:\/\/www.wolfcamper.com\/wp-content\/uploads\/2021\/04\/hiker60.png\",\"width\":900,\"height\":900,\"caption\":\"Vandrerygs\u00e6k p\u00e5 60 liter i sort med r\u00f8de nuancer\"},{\"@type\":\"BreadcrumbList\",\"@id\":\"https:\/\/www.wolfcamper.com\/da\/vare\/hiker-60\/#breadcrumb\",\"itemListElement\":[{\"@type\":\"ListItem\",\"position\":1,\"name\":\"Home\",\"item\":\"https:\/\/www.wolfcamper.com\/da\/\"},{\"@type\":\"ListItem\",\"position\":2,\"name\":\"Shop\",\"item\":\"https:\/\/www.wolfcamper.com\/da\/shop\/\"},{\"@type\":\"ListItem\",\"position\":3,\"name\":\"Hiker 60 &#8211; 60 liter rygs\u00e6k\"}]},{\"@type\":\"WebSite\",\"@id\":\"https:\/\/www.wolfcamper.com\/da\/#website\",\"url\":\"https:\/\/www.wolfcamper.com\/da\/\",\"name\":\"Wolf Camper\",\"description\":\"Wolf Camper\",\"potentialAction\":[{\"@type\":\"SearchAction\",\"target\":{\"@type\":\"EntryPoint\",\"urlTemplate\":\"https:\/\/www.wolfcamper.com\/da\/?s={search_term_string}\"},\"query-input\":{\"@type\":\"PropertyValueSpecification\",\"valueRequired\":true,\"valueName\":\"search_term_string\"}}],\"inLanguage\":\"da-DK\"}]}<\/script>\n<!-- \/ Yoast SEO plugin. -->","yoast_head_json":{"title":"Hiker 60 - Vandrerygs\u00e6k til b\u00e5de spejder og backpacker - Wolf Camper","description":"Enhver vandretur skal v\u00e6re en forn\u00f8jelse! Wolf Campers vandrerygs\u00e6k p\u00e5 60 liter er velegnet til b\u00e5de spejder og backpacker. K\u00f8b her!","robots":{"index":"index","follow":"follow","max-snippet":"max-snippet:-1","max-image-preview":"max-image-preview:large","max-video-preview":"max-video-preview:-1"},"canonical":"https:\/\/www.wolfcamper.com\/da\/vare\/hiker-60\/","og_locale":"da_DK","og_type":"article","og_title":"Hiker 60 - Vandrerygs\u00e6k til b\u00e5de spejder og backpacker - Wolf Camper","og_description":"Enhver vandretur skal v\u00e6re en forn\u00f8jelse! Wolf Campers vandrerygs\u00e6k p\u00e5 60 liter er velegnet til b\u00e5de spejder og backpacker. K\u00f8b her!","og_url":"https:\/\/www.wolfcamper.com\/da\/vare\/hiker-60\/","og_site_name":"Wolf Camper","article_modified_time":"2026-04-22T09:26:43+00:00","og_image":[{"width":900,"height":900,"url":"https:\/\/www.wolfcamper.com\/wp-content\/uploads\/2021\/04\/hiker60.png","type":"image\/png"}],"twitter_card":"summary_large_image","twitter_misc":{"Estimeret l\u00e6setid":"2 minutter"},"schema":{"@context":"https:\/\/schema.org","@graph":[{"@type":"WebPage","@id":"https:\/\/www.wolfcamper.com\/da\/vare\/hiker-60\/","url":"https:\/\/www.wolfcamper.com\/da\/vare\/hiker-60\/","name":"Hiker 60 - Vandrerygs\u00e6k til b\u00e5de spejder og backpacker - Wolf Camper","isPartOf":{"@id":"https:\/\/www.wolfcamper.com\/da\/#website"},"primaryImageOfPage":{"@id":"https:\/\/www.wolfcamper.com\/da\/vare\/hiker-60\/#primaryimage"},"image":{"@id":"https:\/\/www.wolfcamper.com\/da\/vare\/hiker-60\/#primaryimage"},"thumbnailUrl":"https:\/\/www.wolfcamper.com\/wp-content\/uploads\/2021\/04\/hiker60.png","datePublished":"2021-05-25T11:29:51+00:00","dateModified":"2026-04-22T09:26:43+00:00","description":"Enhver vandretur skal v\u00e6re en forn\u00f8jelse! Wolf Campers vandrerygs\u00e6k p\u00e5 60 liter er velegnet til b\u00e5de spejder og backpacker. K\u00f8b her!","breadcrumb":{"@id":"https:\/\/www.wolfcamper.com\/da\/vare\/hiker-60\/#breadcrumb"},"inLanguage":"da-DK","potentialAction":[{"@type":"ReadAction","target":["https:\/\/www.wolfcamper.com\/da\/vare\/hiker-60\/"]}]},{"@type":"ImageObject","inLanguage":"da-DK","@id":"https:\/\/www.wolfcamper.com\/da\/vare\/hiker-60\/#primaryimage","url":"https:\/\/www.wolfcamper.com\/wp-content\/uploads\/2021\/04\/hiker60.png","contentUrl":"https:\/\/www.wolfcamper.com\/wp-content\/uploads\/2021\/04\/hiker60.png","width":900,"height":900,"caption":"Vandrerygs\u00e6k p\u00e5 60 liter i sort med r\u00f8de nuancer"},{"@type":"BreadcrumbList","@id":"https:\/\/www.wolfcamper.com\/da\/vare\/hiker-60\/#breadcrumb","itemListElement":[{"@type":"ListItem","position":1,"name":"Home","item":"https:\/\/www.wolfcamper.com\/da\/"},{"@type":"ListItem","position":2,"name":"Shop","item":"https:\/\/www.wolfcamper.com\/da\/shop\/"},{"@type":"ListItem","position":3,"name":"Hiker 60 &#8211; 60 liter rygs\u00e6k"}]},{"@type":"WebSite","@id":"https:\/\/www.wolfcamper.com\/da\/#website","url":"https:\/\/www.wolfcamper.com\/da\/","name":"Wolf Camper","description":"Wolf Camper","potentialAction":[{"@type":"SearchAction","target":{"@type":"EntryPoint","urlTemplate":"https:\/\/www.wolfcamper.com\/da\/?s={search_term_string}"},"query-input":{"@type":"PropertyValueSpecification","valueRequired":true,"valueName":"search_term_string"}}],"inLanguage":"da-DK"}]}},"_links":{"self":[{"href":"https:\/\/www.wolfcamper.com\/da\/wp-json\/wp\/v2\/product\/28172","targetHints":{"allow":["GET"]}}],"collection":[{"href":"https:\/\/www.wolfcamper.com\/da\/wp-json\/wp\/v2\/product"}],"about":[{"href":"https:\/\/www.wolfcamper.com\/da\/wp-json\/wp\/v2\/types\/product"}],"wp:featuredmedia":[{"embeddable":true,"href":"https:\/\/www.wolfcamper.com\/da\/wp-json\/wp\/v2\/media\/555"}],"wp:attachment":[{"href":"https:\/\/www.wolfcamper.com\/da\/wp-json\/wp\/v2\/media?parent=28172"}],"wp:term":[{"taxonomy":"product_brand","embeddable":true,"href":"https:\/\/www.wolfcamper.com\/da\/wp-json\/wp\/v2\/product_brand?post=28172"},{"taxonomy":"product_cat","embeddable":true,"href":"https:\/\/www.wolfcamper.com\/da\/wp-json\/wp\/v2\/product_cat?post=28172"},{"taxonomy":"product_tag","embeddable":true,"href":"https:\/\/www.wolfcamper.com\/da\/wp-json\/wp\/v2\/product_tag?post=28172"}],"curies":[{"name":"wp","href":"https:\/\/api.w.org\/{rel}","templated":true}]}}