{"id":27884,"date":"2021-05-25T13:08:15","date_gmt":"2021-05-25T11:08:15","guid":{"rendered":"https:\/\/www.wolfcamper.com\/\/vare\/sherpa-outdoorhandske\/"},"modified":"2026-04-30T15:56:25","modified_gmt":"2026-04-30T13:56:25","slug":"sherpa-outdoorhandske","status":"publish","type":"product","link":"https:\/\/www.wolfcamper.com\/da\/vare\/sherpa-outdoorhandske\/","title":{"rendered":"Sherpa handske"},"content":{"rendered":"","protected":false},"excerpt":{"rendered":"<p>Funktionel og komfortabel outdoorhandske med vandt\u00e6t membran. Sherpa har vandt\u00e6t og \u00e5ndbar Dintex\u00ae membran. Dette betyder at materialet er fuldst\u00e6ndig vandt\u00e6t &#8211; dog kan du opleve at der kan tr\u00e6nge en smule vand ind gennem syningerne. Handskens fingerspidser er p\u00e5f\u00f8rt et materiale, som g\u00f8r at du kan betjene touchsk\u00e6rme med handskerne p\u00e5. Sherpa er utrolig l\u00e6kker at have p\u00e5, takket v\u00e6re det bl\u00f8de og komfortable materiale, som smyger sig &#8211; ja, som h\u00e5nd i handske.<\/p>\n","protected":false},"featured_media":43594,"template":"","meta":{"_acf_changed":false,"_price":"","_stock":"","_tribe_ticket_header":"","_tribe_default_ticket_provider":"","_tribe_ticket_capacity":"13","_ticket_start_date":"","_ticket_end_date":"","_tribe_ticket_show_description":"","_tribe_ticket_show_not_going":false,"_tribe_ticket_use_global_stock":"","_tribe_ticket_global_stock_level":"","_global_stock_mode":"","_global_stock_cap":"","_tribe_rsvp_for_event":"","_tribe_ticket_going_count":"","_tribe_ticket_not_going_count":"","_tribe_tickets_list":"[]","_tribe_ticket_has_attendee_info_fields":false,"_tec_slr_enabled":"","_tec_slr_layout":""},"product_brand":[],"product_cat":[2003,2008,2007,671,639,16,657,689],"product_tag":[],"class_list":{"0":"post-27884","1":"product","2":"type-product","3":"status-publish","4":"has-post-thumbnail","6":"product_cat-gaveideer-under-500-kr","7":"product_cat-vintertoj-damer","8":"product_cat-vintertoj","9":"product_cat-tilbehor-herre","10":"product_cat-tilbehor-dame","11":"product_cat-produkter","12":"product_cat-efteraar","13":"product_cat-huer-halstorklaeder-handsker","14":"pa_vaelg-stoerrelse-small","15":"pa_vaelg-stoerrelse-medium","16":"pa_vaelg-stoerrelse-large","17":"pa_vaelg-stoerrelse-x-large","19":"first","20":"instock","21":"taxable","22":"shipping-taxable","23":"product-type-variable","24":"rtwpvs-product"},"acf":[],"yoast_head":"<!-- This site is optimized with the Yoast SEO plugin v26.0 - https:\/\/yoast.com\/wordpress\/plugins\/seo\/ -->\n<title>Vandt\u00e6t handske - Sherpa er perfekte vanter til outdoor - Wolf Camper<\/title>\n<meta name=\"description\" content=\"Sherpa, en vandt\u00e6t handske, er bl\u00f8d og behagelig at have p\u00e5. Du holder virkelig varmen om fingrene med disse vanter. Perfekt til outdoor!\" \/>\n<meta name=\"robots\" content=\"index, follow, max-snippet:-1, max-image-preview:large, max-video-preview:-1\" \/>\n<link rel=\"canonical\" href=\"https:\/\/www.wolfcamper.com\/da\/vare\/sherpa-outdoorhandske\/\" \/>\n<meta property=\"og:locale\" content=\"da_DK\" \/>\n<meta property=\"og:type\" content=\"article\" \/>\n<meta property=\"og:title\" content=\"Vandt\u00e6t handske - Sherpa er perfekte vanter til outdoor - Wolf Camper\" \/>\n<meta property=\"og:description\" content=\"Sherpa, en vandt\u00e6t handske, er bl\u00f8d og behagelig at have p\u00e5. Du holder virkelig varmen om fingrene med disse vanter. Perfekt til outdoor!\" \/>\n<meta property=\"og:url\" content=\"https:\/\/www.wolfcamper.com\/da\/vare\/sherpa-outdoorhandske\/\" \/>\n<meta property=\"og:site_name\" content=\"Wolf Camper\" \/>\n<meta property=\"article:modified_time\" content=\"2026-04-30T13:56:25+00:00\" \/>\n<meta property=\"og:image\" content=\"https:\/\/www.wolfcamper.com\/wp-content\/uploads\/2021\/05\/sherpa-4.png\" \/>\n\t<meta property=\"og:image:width\" content=\"1000\" \/>\n\t<meta property=\"og:image:height\" content=\"1000\" \/>\n\t<meta property=\"og:image:type\" content=\"image\/png\" \/>\n<meta name=\"twitter:card\" content=\"summary_large_image\" \/>\n<meta name=\"twitter:label1\" content=\"Estimeret l\u00e6setid\" \/>\n\t<meta name=\"twitter:data1\" content=\"1 minut\" \/>\n<script type=\"application\/ld+json\" class=\"yoast-schema-graph\">{\"@context\":\"https:\/\/schema.org\",\"@graph\":[{\"@type\":\"WebPage\",\"@id\":\"https:\/\/www.wolfcamper.com\/da\/vare\/sherpa-outdoorhandske\/\",\"url\":\"https:\/\/www.wolfcamper.com\/da\/vare\/sherpa-outdoorhandske\/\",\"name\":\"Vandt\u00e6t handske - Sherpa er perfekte vanter til outdoor - Wolf Camper\",\"isPartOf\":{\"@id\":\"https:\/\/www.wolfcamper.com\/da\/#website\"},\"primaryImageOfPage\":{\"@id\":\"https:\/\/www.wolfcamper.com\/da\/vare\/sherpa-outdoorhandske\/#primaryimage\"},\"image\":{\"@id\":\"https:\/\/www.wolfcamper.com\/da\/vare\/sherpa-outdoorhandske\/#primaryimage\"},\"thumbnailUrl\":\"https:\/\/www.wolfcamper.com\/wp-content\/uploads\/2021\/05\/sherpa-4.png\",\"datePublished\":\"2021-05-25T11:08:15+00:00\",\"dateModified\":\"2026-04-30T13:56:25+00:00\",\"description\":\"Sherpa, en vandt\u00e6t handske, er bl\u00f8d og behagelig at have p\u00e5. Du holder virkelig varmen om fingrene med disse vanter. Perfekt til outdoor!\",\"breadcrumb\":{\"@id\":\"https:\/\/www.wolfcamper.com\/da\/vare\/sherpa-outdoorhandske\/#breadcrumb\"},\"inLanguage\":\"da-DK\",\"potentialAction\":[{\"@type\":\"ReadAction\",\"target\":[\"https:\/\/www.wolfcamper.com\/da\/vare\/sherpa-outdoorhandske\/\"]}]},{\"@type\":\"ImageObject\",\"inLanguage\":\"da-DK\",\"@id\":\"https:\/\/www.wolfcamper.com\/da\/vare\/sherpa-outdoorhandske\/#primaryimage\",\"url\":\"https:\/\/www.wolfcamper.com\/wp-content\/uploads\/2021\/05\/sherpa-4.png\",\"contentUrl\":\"https:\/\/www.wolfcamper.com\/wp-content\/uploads\/2021\/05\/sherpa-4.png\",\"width\":1000,\"height\":1000,\"caption\":\"outdoorhandske med vandt\u00e6t membran i sort\"},{\"@type\":\"BreadcrumbList\",\"@id\":\"https:\/\/www.wolfcamper.com\/da\/vare\/sherpa-outdoorhandske\/#breadcrumb\",\"itemListElement\":[{\"@type\":\"ListItem\",\"position\":1,\"name\":\"Home\",\"item\":\"https:\/\/www.wolfcamper.com\/da\/\"},{\"@type\":\"ListItem\",\"position\":2,\"name\":\"Shop\",\"item\":\"https:\/\/www.wolfcamper.com\/da\/shop\/\"},{\"@type\":\"ListItem\",\"position\":3,\"name\":\"Sherpa handske\"}]},{\"@type\":\"WebSite\",\"@id\":\"https:\/\/www.wolfcamper.com\/da\/#website\",\"url\":\"https:\/\/www.wolfcamper.com\/da\/\",\"name\":\"Wolf Camper\",\"description\":\"Wolf Camper\",\"potentialAction\":[{\"@type\":\"SearchAction\",\"target\":{\"@type\":\"EntryPoint\",\"urlTemplate\":\"https:\/\/www.wolfcamper.com\/da\/?s={search_term_string}\"},\"query-input\":{\"@type\":\"PropertyValueSpecification\",\"valueRequired\":true,\"valueName\":\"search_term_string\"}}],\"inLanguage\":\"da-DK\"}]}<\/script>\n<!-- \/ Yoast SEO plugin. -->","yoast_head_json":{"title":"Vandt\u00e6t handske - Sherpa er perfekte vanter til outdoor - Wolf Camper","description":"Sherpa, en vandt\u00e6t handske, er bl\u00f8d og behagelig at have p\u00e5. Du holder virkelig varmen om fingrene med disse vanter. Perfekt til outdoor!","robots":{"index":"index","follow":"follow","max-snippet":"max-snippet:-1","max-image-preview":"max-image-preview:large","max-video-preview":"max-video-preview:-1"},"canonical":"https:\/\/www.wolfcamper.com\/da\/vare\/sherpa-outdoorhandske\/","og_locale":"da_DK","og_type":"article","og_title":"Vandt\u00e6t handske - Sherpa er perfekte vanter til outdoor - Wolf Camper","og_description":"Sherpa, en vandt\u00e6t handske, er bl\u00f8d og behagelig at have p\u00e5. Du holder virkelig varmen om fingrene med disse vanter. Perfekt til outdoor!","og_url":"https:\/\/www.wolfcamper.com\/da\/vare\/sherpa-outdoorhandske\/","og_site_name":"Wolf Camper","article_modified_time":"2026-04-30T13:56:25+00:00","og_image":[{"width":1000,"height":1000,"url":"https:\/\/www.wolfcamper.com\/wp-content\/uploads\/2021\/05\/sherpa-4.png","type":"image\/png"}],"twitter_card":"summary_large_image","twitter_misc":{"Estimeret l\u00e6setid":"1 minut"},"schema":{"@context":"https:\/\/schema.org","@graph":[{"@type":"WebPage","@id":"https:\/\/www.wolfcamper.com\/da\/vare\/sherpa-outdoorhandske\/","url":"https:\/\/www.wolfcamper.com\/da\/vare\/sherpa-outdoorhandske\/","name":"Vandt\u00e6t handske - Sherpa er perfekte vanter til outdoor - Wolf Camper","isPartOf":{"@id":"https:\/\/www.wolfcamper.com\/da\/#website"},"primaryImageOfPage":{"@id":"https:\/\/www.wolfcamper.com\/da\/vare\/sherpa-outdoorhandske\/#primaryimage"},"image":{"@id":"https:\/\/www.wolfcamper.com\/da\/vare\/sherpa-outdoorhandske\/#primaryimage"},"thumbnailUrl":"https:\/\/www.wolfcamper.com\/wp-content\/uploads\/2021\/05\/sherpa-4.png","datePublished":"2021-05-25T11:08:15+00:00","dateModified":"2026-04-30T13:56:25+00:00","description":"Sherpa, en vandt\u00e6t handske, er bl\u00f8d og behagelig at have p\u00e5. Du holder virkelig varmen om fingrene med disse vanter. Perfekt til outdoor!","breadcrumb":{"@id":"https:\/\/www.wolfcamper.com\/da\/vare\/sherpa-outdoorhandske\/#breadcrumb"},"inLanguage":"da-DK","potentialAction":[{"@type":"ReadAction","target":["https:\/\/www.wolfcamper.com\/da\/vare\/sherpa-outdoorhandske\/"]}]},{"@type":"ImageObject","inLanguage":"da-DK","@id":"https:\/\/www.wolfcamper.com\/da\/vare\/sherpa-outdoorhandske\/#primaryimage","url":"https:\/\/www.wolfcamper.com\/wp-content\/uploads\/2021\/05\/sherpa-4.png","contentUrl":"https:\/\/www.wolfcamper.com\/wp-content\/uploads\/2021\/05\/sherpa-4.png","width":1000,"height":1000,"caption":"outdoorhandske med vandt\u00e6t membran i sort"},{"@type":"BreadcrumbList","@id":"https:\/\/www.wolfcamper.com\/da\/vare\/sherpa-outdoorhandske\/#breadcrumb","itemListElement":[{"@type":"ListItem","position":1,"name":"Home","item":"https:\/\/www.wolfcamper.com\/da\/"},{"@type":"ListItem","position":2,"name":"Shop","item":"https:\/\/www.wolfcamper.com\/da\/shop\/"},{"@type":"ListItem","position":3,"name":"Sherpa handske"}]},{"@type":"WebSite","@id":"https:\/\/www.wolfcamper.com\/da\/#website","url":"https:\/\/www.wolfcamper.com\/da\/","name":"Wolf Camper","description":"Wolf Camper","potentialAction":[{"@type":"SearchAction","target":{"@type":"EntryPoint","urlTemplate":"https:\/\/www.wolfcamper.com\/da\/?s={search_term_string}"},"query-input":{"@type":"PropertyValueSpecification","valueRequired":true,"valueName":"search_term_string"}}],"inLanguage":"da-DK"}]}},"_links":{"self":[{"href":"https:\/\/www.wolfcamper.com\/da\/wp-json\/wp\/v2\/product\/27884","targetHints":{"allow":["GET"]}}],"collection":[{"href":"https:\/\/www.wolfcamper.com\/da\/wp-json\/wp\/v2\/product"}],"about":[{"href":"https:\/\/www.wolfcamper.com\/da\/wp-json\/wp\/v2\/types\/product"}],"wp:featuredmedia":[{"embeddable":true,"href":"https:\/\/www.wolfcamper.com\/da\/wp-json\/wp\/v2\/media\/43594"}],"wp:attachment":[{"href":"https:\/\/www.wolfcamper.com\/da\/wp-json\/wp\/v2\/media?parent=27884"}],"wp:term":[{"taxonomy":"product_brand","embeddable":true,"href":"https:\/\/www.wolfcamper.com\/da\/wp-json\/wp\/v2\/product_brand?post=27884"},{"taxonomy":"product_cat","embeddable":true,"href":"https:\/\/www.wolfcamper.com\/da\/wp-json\/wp\/v2\/product_cat?post=27884"},{"taxonomy":"product_tag","embeddable":true,"href":"https:\/\/www.wolfcamper.com\/da\/wp-json\/wp\/v2\/product_tag?post=27884"}],"curies":[{"name":"wp","href":"https:\/\/api.w.org\/{rel}","templated":true}]}}