{"id":27790,"date":"2021-05-25T13:07:02","date_gmt":"2021-05-25T11:07:02","guid":{"rendered":"https:\/\/www.wolfcamper.com\/\/vare\/pueblo-sommerbukser-med-straek-til-herrer\/"},"modified":"2026-03-19T12:47:17","modified_gmt":"2026-03-19T11:47:17","slug":"pueblo-sommerbukser-med-straek-til-herrer","status":"publish","type":"product","link":"https:\/\/www.wolfcamper.com\/da\/vare\/pueblo-sommerbukser-med-straek-til-herrer\/","title":{"rendered":"Pueblo herrebuks &#8211; gr\u00e5 &#8211; St\u00f8rrelse 3XL"},"content":{"rendered":"","protected":false},"excerpt":{"rendered":"<h4><em>Let buks med str\u00e6k.<\/em><\/h4>\n<p>Pueblo er en let sommerbuks til herrer. Pueblo er\u00a0 fremstillet i l\u00e6kkert str\u00e6kbart materiale. Dette materiale g\u00f8r at du f\u00e5r en super let buks med en fremragende pasform. Pueblo har en enkel fremtoning i et diskret design. En fremragende fritidsbuks!<\/p>\n<p>Pueblo s\u00e6tter nye standarder for hvordan en sommerbuks skal v\u00e6re. Det lette, og super str\u00e6kbare materiale, g\u00f8r at du virkelig f\u00f8ler dig &#8220;fri&#8221;. Du f\u00e5r en fantastisk komfortabel f\u00f8lelse, og ekstrem h\u00f8j grad af bev\u00e6gelsesfrihed. Det er er optimale sommer\/feriebuks. Den fylder og vejer minimalt &#8211; og er vanvittigt hurtigt\u00f8rrende.<\/p>\n<p>&nbsp;<\/p>\n","protected":false},"featured_media":42209,"template":"","meta":{"_acf_changed":false,"_price":"399","_stock":"1","_tribe_ticket_header":"","_tribe_default_ticket_provider":"","_tribe_ticket_capacity":"16","_ticket_start_date":"","_ticket_end_date":"","_tribe_ticket_show_description":"","_tribe_ticket_show_not_going":false,"_tribe_ticket_use_global_stock":"","_tribe_ticket_global_stock_level":"","_global_stock_mode":"","_global_stock_cap":"","_tribe_rsvp_for_event":"","_tribe_ticket_going_count":"","_tribe_ticket_not_going_count":"","_tribe_tickets_list":"[]","_tribe_ticket_has_attendee_info_fields":false,"_tec_slr_enabled":"","_tec_slr_layout":""},"product_brand":[],"product_cat":[2154,16,621,658,654],"product_tag":[],"class_list":{"0":"post-27790","1":"product","2":"type-product","3":"status-publish","4":"has-post-thumbnail","6":"product_cat-outlet","7":"product_cat-produkter","8":"product_cat-herretoj","9":"product_cat-bukser-herrer-2","10":"product_cat-sommerbukser","11":"pa_vaelg-stoerrelse-small","12":"pa_vaelg-stoerrelse-medium","13":"pa_vaelg-stoerrelse-large","14":"pa_vaelg-stoerrelse-x-large","15":"pa_vaelg-stoerrelse-2xl","16":"pa_vaelg-stoerrelse-3xl","18":"first","19":"instock","20":"sale","21":"taxable","22":"shipping-taxable","23":"purchasable","24":"product-type-variable","25":"rtwpvs-product"},"acf":[],"yoast_head":"<!-- This site is optimized with the Yoast SEO plugin v26.0 - https:\/\/yoast.com\/wordpress\/plugins\/seo\/ -->\n<title>Pueblo - En let buks med str\u00e6k - Wolf Camper<\/title>\n<meta name=\"description\" content=\"Pueblo er en let sommerbuks til herre fremstillet i l\u00e6kkert str\u00e6kbart materiale. Her f\u00e5r du en behagelig let buks med str\u00e6k til outdoorbrug.\" \/>\n<meta name=\"robots\" content=\"index, follow, max-snippet:-1, max-image-preview:large, max-video-preview:-1\" \/>\n<link rel=\"canonical\" href=\"https:\/\/www.wolfcamper.com\/da\/vare\/pueblo-sommerbukser-med-straek-til-herrer\/\" \/>\n<meta property=\"og:locale\" content=\"da_DK\" \/>\n<meta property=\"og:type\" content=\"article\" \/>\n<meta property=\"og:title\" content=\"Pueblo - En let buks med str\u00e6k - Wolf Camper\" \/>\n<meta property=\"og:description\" content=\"Pueblo er en let sommerbuks til herre fremstillet i l\u00e6kkert str\u00e6kbart materiale. Her f\u00e5r du en behagelig let buks med str\u00e6k til outdoorbrug.\" \/>\n<meta property=\"og:url\" content=\"https:\/\/www.wolfcamper.com\/da\/vare\/pueblo-sommerbukser-med-straek-til-herrer\/\" \/>\n<meta property=\"og:site_name\" content=\"Wolf Camper\" \/>\n<meta property=\"article:modified_time\" content=\"2026-03-19T11:47:17+00:00\" \/>\n<meta property=\"og:image\" content=\"https:\/\/www.wolfcamper.com\/wp-content\/uploads\/2021\/05\/pueblo1000.png\" \/>\n\t<meta property=\"og:image:width\" content=\"1000\" \/>\n\t<meta property=\"og:image:height\" content=\"1000\" \/>\n\t<meta property=\"og:image:type\" content=\"image\/png\" \/>\n<meta name=\"twitter:card\" content=\"summary_large_image\" \/>\n<meta name=\"twitter:label1\" content=\"Estimeret l\u00e6setid\" \/>\n\t<meta name=\"twitter:data1\" content=\"1 minut\" \/>\n<script type=\"application\/ld+json\" class=\"yoast-schema-graph\">{\"@context\":\"https:\/\/schema.org\",\"@graph\":[{\"@type\":\"WebPage\",\"@id\":\"https:\/\/www.wolfcamper.com\/da\/vare\/pueblo-sommerbukser-med-straek-til-herrer\/\",\"url\":\"https:\/\/www.wolfcamper.com\/da\/vare\/pueblo-sommerbukser-med-straek-til-herrer\/\",\"name\":\"Pueblo - En let buks med str\u00e6k - Wolf Camper\",\"isPartOf\":{\"@id\":\"https:\/\/www.wolfcamper.com\/da\/#website\"},\"primaryImageOfPage\":{\"@id\":\"https:\/\/www.wolfcamper.com\/da\/vare\/pueblo-sommerbukser-med-straek-til-herrer\/#primaryimage\"},\"image\":{\"@id\":\"https:\/\/www.wolfcamper.com\/da\/vare\/pueblo-sommerbukser-med-straek-til-herrer\/#primaryimage\"},\"thumbnailUrl\":\"https:\/\/www.wolfcamper.com\/wp-content\/uploads\/2021\/05\/pueblo1000.png\",\"datePublished\":\"2021-05-25T11:07:02+00:00\",\"dateModified\":\"2026-03-19T11:47:17+00:00\",\"description\":\"Pueblo er en let sommerbuks til herre fremstillet i l\u00e6kkert str\u00e6kbart materiale. Her f\u00e5r du en behagelig let buks med str\u00e6k til outdoorbrug.\",\"breadcrumb\":{\"@id\":\"https:\/\/www.wolfcamper.com\/da\/vare\/pueblo-sommerbukser-med-straek-til-herrer\/#breadcrumb\"},\"inLanguage\":\"da-DK\",\"potentialAction\":[{\"@type\":\"ReadAction\",\"target\":[\"https:\/\/www.wolfcamper.com\/da\/vare\/pueblo-sommerbukser-med-straek-til-herrer\/\"]}]},{\"@type\":\"ImageObject\",\"inLanguage\":\"da-DK\",\"@id\":\"https:\/\/www.wolfcamper.com\/da\/vare\/pueblo-sommerbukser-med-straek-til-herrer\/#primaryimage\",\"url\":\"https:\/\/www.wolfcamper.com\/wp-content\/uploads\/2021\/05\/pueblo1000.png\",\"contentUrl\":\"https:\/\/www.wolfcamper.com\/wp-content\/uploads\/2021\/05\/pueblo1000.png\",\"width\":1000,\"height\":1000,\"caption\":\"Let buks med str\u00e6k\"},{\"@type\":\"BreadcrumbList\",\"@id\":\"https:\/\/www.wolfcamper.com\/da\/vare\/pueblo-sommerbukser-med-straek-til-herrer\/#breadcrumb\",\"itemListElement\":[{\"@type\":\"ListItem\",\"position\":1,\"name\":\"Home\",\"item\":\"https:\/\/www.wolfcamper.com\/da\/\"},{\"@type\":\"ListItem\",\"position\":2,\"name\":\"Shop\",\"item\":\"https:\/\/www.wolfcamper.com\/da\/shop\/\"},{\"@type\":\"ListItem\",\"position\":3,\"name\":\"Pueblo herrebuks &#8211; gr\u00e5 &#8211; St\u00f8rrelse 3XL\"}]},{\"@type\":\"WebSite\",\"@id\":\"https:\/\/www.wolfcamper.com\/da\/#website\",\"url\":\"https:\/\/www.wolfcamper.com\/da\/\",\"name\":\"Wolf Camper\",\"description\":\"Wolf Camper\",\"potentialAction\":[{\"@type\":\"SearchAction\",\"target\":{\"@type\":\"EntryPoint\",\"urlTemplate\":\"https:\/\/www.wolfcamper.com\/da\/?s={search_term_string}\"},\"query-input\":{\"@type\":\"PropertyValueSpecification\",\"valueRequired\":true,\"valueName\":\"search_term_string\"}}],\"inLanguage\":\"da-DK\"}]}<\/script>\n<!-- \/ Yoast SEO plugin. -->","yoast_head_json":{"title":"Pueblo - En let buks med str\u00e6k - Wolf Camper","description":"Pueblo er en let sommerbuks til herre fremstillet i l\u00e6kkert str\u00e6kbart materiale. Her f\u00e5r du en behagelig let buks med str\u00e6k til outdoorbrug.","robots":{"index":"index","follow":"follow","max-snippet":"max-snippet:-1","max-image-preview":"max-image-preview:large","max-video-preview":"max-video-preview:-1"},"canonical":"https:\/\/www.wolfcamper.com\/da\/vare\/pueblo-sommerbukser-med-straek-til-herrer\/","og_locale":"da_DK","og_type":"article","og_title":"Pueblo - En let buks med str\u00e6k - Wolf Camper","og_description":"Pueblo er en let sommerbuks til herre fremstillet i l\u00e6kkert str\u00e6kbart materiale. Her f\u00e5r du en behagelig let buks med str\u00e6k til outdoorbrug.","og_url":"https:\/\/www.wolfcamper.com\/da\/vare\/pueblo-sommerbukser-med-straek-til-herrer\/","og_site_name":"Wolf Camper","article_modified_time":"2026-03-19T11:47:17+00:00","og_image":[{"width":1000,"height":1000,"url":"https:\/\/www.wolfcamper.com\/wp-content\/uploads\/2021\/05\/pueblo1000.png","type":"image\/png"}],"twitter_card":"summary_large_image","twitter_misc":{"Estimeret l\u00e6setid":"1 minut"},"schema":{"@context":"https:\/\/schema.org","@graph":[{"@type":"WebPage","@id":"https:\/\/www.wolfcamper.com\/da\/vare\/pueblo-sommerbukser-med-straek-til-herrer\/","url":"https:\/\/www.wolfcamper.com\/da\/vare\/pueblo-sommerbukser-med-straek-til-herrer\/","name":"Pueblo - En let buks med str\u00e6k - Wolf Camper","isPartOf":{"@id":"https:\/\/www.wolfcamper.com\/da\/#website"},"primaryImageOfPage":{"@id":"https:\/\/www.wolfcamper.com\/da\/vare\/pueblo-sommerbukser-med-straek-til-herrer\/#primaryimage"},"image":{"@id":"https:\/\/www.wolfcamper.com\/da\/vare\/pueblo-sommerbukser-med-straek-til-herrer\/#primaryimage"},"thumbnailUrl":"https:\/\/www.wolfcamper.com\/wp-content\/uploads\/2021\/05\/pueblo1000.png","datePublished":"2021-05-25T11:07:02+00:00","dateModified":"2026-03-19T11:47:17+00:00","description":"Pueblo er en let sommerbuks til herre fremstillet i l\u00e6kkert str\u00e6kbart materiale. Her f\u00e5r du en behagelig let buks med str\u00e6k til outdoorbrug.","breadcrumb":{"@id":"https:\/\/www.wolfcamper.com\/da\/vare\/pueblo-sommerbukser-med-straek-til-herrer\/#breadcrumb"},"inLanguage":"da-DK","potentialAction":[{"@type":"ReadAction","target":["https:\/\/www.wolfcamper.com\/da\/vare\/pueblo-sommerbukser-med-straek-til-herrer\/"]}]},{"@type":"ImageObject","inLanguage":"da-DK","@id":"https:\/\/www.wolfcamper.com\/da\/vare\/pueblo-sommerbukser-med-straek-til-herrer\/#primaryimage","url":"https:\/\/www.wolfcamper.com\/wp-content\/uploads\/2021\/05\/pueblo1000.png","contentUrl":"https:\/\/www.wolfcamper.com\/wp-content\/uploads\/2021\/05\/pueblo1000.png","width":1000,"height":1000,"caption":"Let buks med str\u00e6k"},{"@type":"BreadcrumbList","@id":"https:\/\/www.wolfcamper.com\/da\/vare\/pueblo-sommerbukser-med-straek-til-herrer\/#breadcrumb","itemListElement":[{"@type":"ListItem","position":1,"name":"Home","item":"https:\/\/www.wolfcamper.com\/da\/"},{"@type":"ListItem","position":2,"name":"Shop","item":"https:\/\/www.wolfcamper.com\/da\/shop\/"},{"@type":"ListItem","position":3,"name":"Pueblo herrebuks &#8211; gr\u00e5 &#8211; St\u00f8rrelse 3XL"}]},{"@type":"WebSite","@id":"https:\/\/www.wolfcamper.com\/da\/#website","url":"https:\/\/www.wolfcamper.com\/da\/","name":"Wolf Camper","description":"Wolf Camper","potentialAction":[{"@type":"SearchAction","target":{"@type":"EntryPoint","urlTemplate":"https:\/\/www.wolfcamper.com\/da\/?s={search_term_string}"},"query-input":{"@type":"PropertyValueSpecification","valueRequired":true,"valueName":"search_term_string"}}],"inLanguage":"da-DK"}]}},"_links":{"self":[{"href":"https:\/\/www.wolfcamper.com\/da\/wp-json\/wp\/v2\/product\/27790","targetHints":{"allow":["GET"]}}],"collection":[{"href":"https:\/\/www.wolfcamper.com\/da\/wp-json\/wp\/v2\/product"}],"about":[{"href":"https:\/\/www.wolfcamper.com\/da\/wp-json\/wp\/v2\/types\/product"}],"wp:featuredmedia":[{"embeddable":true,"href":"https:\/\/www.wolfcamper.com\/da\/wp-json\/wp\/v2\/media\/42209"}],"wp:attachment":[{"href":"https:\/\/www.wolfcamper.com\/da\/wp-json\/wp\/v2\/media?parent=27790"}],"wp:term":[{"taxonomy":"product_brand","embeddable":true,"href":"https:\/\/www.wolfcamper.com\/da\/wp-json\/wp\/v2\/product_brand?post=27790"},{"taxonomy":"product_cat","embeddable":true,"href":"https:\/\/www.wolfcamper.com\/da\/wp-json\/wp\/v2\/product_cat?post=27790"},{"taxonomy":"product_tag","embeddable":true,"href":"https:\/\/www.wolfcamper.com\/da\/wp-json\/wp\/v2\/product_tag?post=27790"}],"curies":[{"name":"wp","href":"https:\/\/api.w.org\/{rel}","templated":true}]}}