{"id":27293,"date":"2021-05-25T12:59:29","date_gmt":"2021-05-25T10:59:29","guid":{"rendered":"https:\/\/www.wolfcamper.com\/\/vare\/jamaica-sommerskjorte-til-damer\/"},"modified":"2026-05-02T17:23:53","modified_gmt":"2026-05-02T15:23:53","slug":"jamaica-sommerskjorte-til-damer","status":"publish","type":"product","link":"https:\/\/www.wolfcamper.com\/da\/vare\/jamaica-sommerskjorte-til-damer\/","title":{"rendered":"Jamaica &#8211; Let sommerskjorte til damer &#8211; Oliven"},"content":{"rendered":"<p><iframe loading=\"lazy\" src=\"https:\/\/www.youtube.com\/embed\/ksKQoaVtHis\" width=\"100%\" height=\"500\" frameborder=\"0\" allowfullscreen=\"allowfullscreen\"><\/iframe><\/p>\n","protected":false},"excerpt":{"rendered":"<p>Fjerlet sommerskjorte med suver\u00e6n komfort og h\u00f8j permanent UV-beskyttelse (UPF 50+) til damer. H\u00f8jeste beskyttelse du kan opn\u00e5 i bekl\u00e6dning. Fremstillet i et superlet materiale kaldet Fitlon, som udover at v\u00e6re ekstremt svedtransporterende, ogs\u00e5 er yderst hurtigt\u00f8rrende. Fitlon materialet er desuden str\u00e6kbart, og det giver en helt utrolig komfort og bev\u00e6gelsesfrihed. En flot og feminin sommerskjorte.<\/p>\n","protected":false},"featured_media":42781,"template":"","meta":{"_acf_changed":false,"_price":"299","_stock":"","_tribe_ticket_header":"","_tribe_default_ticket_provider":"","_tribe_ticket_capacity":"17","_ticket_start_date":"","_ticket_end_date":"","_tribe_ticket_show_description":"","_tribe_ticket_show_not_going":false,"_tribe_ticket_use_global_stock":"","_tribe_ticket_global_stock_level":"","_global_stock_mode":"","_global_stock_cap":"","_tribe_rsvp_for_event":"","_tribe_ticket_going_count":"","_tribe_ticket_not_going_count":"","_tribe_tickets_list":"[]","_tribe_ticket_has_attendee_info_fields":false,"_tec_slr_enabled":"","_tec_slr_layout":""},"product_brand":[],"product_cat":[2154,2111,2004,613,16],"product_tag":[],"class_list":{"0":"post-27293","1":"product","2":"type-product","3":"status-publish","4":"has-post-thumbnail","6":"product_cat-outlet","7":"product_cat-sommerskjorter","8":"product_cat-gaveideer-500-1000-kr","9":"product_cat-skjorter-dame","10":"product_cat-produkter","11":"pa_vaelg-stoerrelse-small","12":"pa_vaelg-stoerrelse-medium","13":"pa_vaelg-stoerrelse-large","14":"pa_vaelg-stoerrelse-x-large","15":"pa_vaelg-stoerrelse-2xl","17":"first","18":"instock","19":"sale","20":"taxable","21":"shipping-taxable","22":"purchasable","23":"product-type-variable","24":"rtwpvs-product"},"acf":[],"yoast_head":"<!-- This site is optimized with the Yoast SEO plugin v26.0 - https:\/\/yoast.com\/wordpress\/plugins\/seo\/ -->\n<title>Jamaica - Kort\u00e6rmet sommerskjorte til damer - Wolf Camper<\/title>\n<meta name=\"description\" content=\"Jamaica er fremstillet i et superlet materiale; Fitlon, som er svedtransporterende og hurtigt\u00f8rrende \u2192 L\u00e6kker sommerskjorte til damer!\" \/>\n<meta name=\"robots\" content=\"index, follow, max-snippet:-1, max-image-preview:large, max-video-preview:-1\" \/>\n<link rel=\"canonical\" href=\"https:\/\/www.wolfcamper.com\/da\/vare\/jamaica-sommerskjorte-til-damer\/\" \/>\n<meta property=\"og:locale\" content=\"da_DK\" \/>\n<meta property=\"og:type\" content=\"article\" \/>\n<meta property=\"og:title\" content=\"Jamaica - Kort\u00e6rmet sommerskjorte til damer - Wolf Camper\" \/>\n<meta property=\"og:description\" content=\"Jamaica er fremstillet i et superlet materiale; Fitlon, som er svedtransporterende og hurtigt\u00f8rrende \u2192 L\u00e6kker sommerskjorte til damer!\" \/>\n<meta property=\"og:url\" content=\"https:\/\/www.wolfcamper.com\/da\/vare\/jamaica-sommerskjorte-til-damer\/\" \/>\n<meta property=\"og:site_name\" content=\"Wolf Camper\" \/>\n<meta property=\"article:modified_time\" content=\"2026-05-02T15:23:53+00:00\" \/>\n<meta property=\"og:image\" content=\"https:\/\/www.wolfcamper.com\/wp-content\/uploads\/2021\/05\/jamaica-oliven.png\" \/>\n\t<meta property=\"og:image:width\" content=\"1000\" \/>\n\t<meta property=\"og:image:height\" content=\"1000\" \/>\n\t<meta property=\"og:image:type\" content=\"image\/png\" \/>\n<meta name=\"twitter:card\" content=\"summary_large_image\" \/>\n<meta name=\"twitter:label1\" content=\"Estimeret l\u00e6setid\" \/>\n\t<meta name=\"twitter:data1\" content=\"1 minut\" \/>\n<script type=\"application\/ld+json\" class=\"yoast-schema-graph\">{\"@context\":\"https:\/\/schema.org\",\"@graph\":[{\"@type\":\"WebPage\",\"@id\":\"https:\/\/www.wolfcamper.com\/da\/vare\/jamaica-sommerskjorte-til-damer\/\",\"url\":\"https:\/\/www.wolfcamper.com\/da\/vare\/jamaica-sommerskjorte-til-damer\/\",\"name\":\"Jamaica - Kort\u00e6rmet sommerskjorte til damer - Wolf Camper\",\"isPartOf\":{\"@id\":\"https:\/\/www.wolfcamper.com\/da\/#website\"},\"primaryImageOfPage\":{\"@id\":\"https:\/\/www.wolfcamper.com\/da\/vare\/jamaica-sommerskjorte-til-damer\/#primaryimage\"},\"image\":{\"@id\":\"https:\/\/www.wolfcamper.com\/da\/vare\/jamaica-sommerskjorte-til-damer\/#primaryimage\"},\"thumbnailUrl\":\"https:\/\/www.wolfcamper.com\/wp-content\/uploads\/2021\/05\/jamaica-oliven.png\",\"datePublished\":\"2021-05-25T10:59:29+00:00\",\"dateModified\":\"2026-05-02T15:23:53+00:00\",\"description\":\"Jamaica er fremstillet i et superlet materiale; Fitlon, som er svedtransporterende og hurtigt\u00f8rrende \u2192 L\u00e6kker sommerskjorte til damer!\",\"breadcrumb\":{\"@id\":\"https:\/\/www.wolfcamper.com\/da\/vare\/jamaica-sommerskjorte-til-damer\/#breadcrumb\"},\"inLanguage\":\"da-DK\",\"potentialAction\":[{\"@type\":\"ReadAction\",\"target\":[\"https:\/\/www.wolfcamper.com\/da\/vare\/jamaica-sommerskjorte-til-damer\/\"]}]},{\"@type\":\"ImageObject\",\"inLanguage\":\"da-DK\",\"@id\":\"https:\/\/www.wolfcamper.com\/da\/vare\/jamaica-sommerskjorte-til-damer\/#primaryimage\",\"url\":\"https:\/\/www.wolfcamper.com\/wp-content\/uploads\/2021\/05\/jamaica-oliven.png\",\"contentUrl\":\"https:\/\/www.wolfcamper.com\/wp-content\/uploads\/2021\/05\/jamaica-oliven.png\",\"width\":1000,\"height\":1000,\"caption\":\"Kort\u00e6rmet sommerskjorte til damer\"},{\"@type\":\"BreadcrumbList\",\"@id\":\"https:\/\/www.wolfcamper.com\/da\/vare\/jamaica-sommerskjorte-til-damer\/#breadcrumb\",\"itemListElement\":[{\"@type\":\"ListItem\",\"position\":1,\"name\":\"Home\",\"item\":\"https:\/\/www.wolfcamper.com\/da\/\"},{\"@type\":\"ListItem\",\"position\":2,\"name\":\"Shop\",\"item\":\"https:\/\/www.wolfcamper.com\/da\/shop\/\"},{\"@type\":\"ListItem\",\"position\":3,\"name\":\"Jamaica &#8211; Let sommerskjorte til damer &#8211; Oliven\"}]},{\"@type\":\"WebSite\",\"@id\":\"https:\/\/www.wolfcamper.com\/da\/#website\",\"url\":\"https:\/\/www.wolfcamper.com\/da\/\",\"name\":\"Wolf Camper\",\"description\":\"Wolf Camper\",\"potentialAction\":[{\"@type\":\"SearchAction\",\"target\":{\"@type\":\"EntryPoint\",\"urlTemplate\":\"https:\/\/www.wolfcamper.com\/da\/?s={search_term_string}\"},\"query-input\":{\"@type\":\"PropertyValueSpecification\",\"valueRequired\":true,\"valueName\":\"search_term_string\"}}],\"inLanguage\":\"da-DK\"}]}<\/script>\n<!-- \/ Yoast SEO plugin. -->","yoast_head_json":{"title":"Jamaica - Kort\u00e6rmet sommerskjorte til damer - Wolf Camper","description":"Jamaica er fremstillet i et superlet materiale; Fitlon, som er svedtransporterende og hurtigt\u00f8rrende \u2192 L\u00e6kker sommerskjorte til damer!","robots":{"index":"index","follow":"follow","max-snippet":"max-snippet:-1","max-image-preview":"max-image-preview:large","max-video-preview":"max-video-preview:-1"},"canonical":"https:\/\/www.wolfcamper.com\/da\/vare\/jamaica-sommerskjorte-til-damer\/","og_locale":"da_DK","og_type":"article","og_title":"Jamaica - Kort\u00e6rmet sommerskjorte til damer - Wolf Camper","og_description":"Jamaica er fremstillet i et superlet materiale; Fitlon, som er svedtransporterende og hurtigt\u00f8rrende \u2192 L\u00e6kker sommerskjorte til damer!","og_url":"https:\/\/www.wolfcamper.com\/da\/vare\/jamaica-sommerskjorte-til-damer\/","og_site_name":"Wolf Camper","article_modified_time":"2026-05-02T15:23:53+00:00","og_image":[{"width":1000,"height":1000,"url":"https:\/\/www.wolfcamper.com\/wp-content\/uploads\/2021\/05\/jamaica-oliven.png","type":"image\/png"}],"twitter_card":"summary_large_image","twitter_misc":{"Estimeret l\u00e6setid":"1 minut"},"schema":{"@context":"https:\/\/schema.org","@graph":[{"@type":"WebPage","@id":"https:\/\/www.wolfcamper.com\/da\/vare\/jamaica-sommerskjorte-til-damer\/","url":"https:\/\/www.wolfcamper.com\/da\/vare\/jamaica-sommerskjorte-til-damer\/","name":"Jamaica - Kort\u00e6rmet sommerskjorte til damer - Wolf Camper","isPartOf":{"@id":"https:\/\/www.wolfcamper.com\/da\/#website"},"primaryImageOfPage":{"@id":"https:\/\/www.wolfcamper.com\/da\/vare\/jamaica-sommerskjorte-til-damer\/#primaryimage"},"image":{"@id":"https:\/\/www.wolfcamper.com\/da\/vare\/jamaica-sommerskjorte-til-damer\/#primaryimage"},"thumbnailUrl":"https:\/\/www.wolfcamper.com\/wp-content\/uploads\/2021\/05\/jamaica-oliven.png","datePublished":"2021-05-25T10:59:29+00:00","dateModified":"2026-05-02T15:23:53+00:00","description":"Jamaica er fremstillet i et superlet materiale; Fitlon, som er svedtransporterende og hurtigt\u00f8rrende \u2192 L\u00e6kker sommerskjorte til damer!","breadcrumb":{"@id":"https:\/\/www.wolfcamper.com\/da\/vare\/jamaica-sommerskjorte-til-damer\/#breadcrumb"},"inLanguage":"da-DK","potentialAction":[{"@type":"ReadAction","target":["https:\/\/www.wolfcamper.com\/da\/vare\/jamaica-sommerskjorte-til-damer\/"]}]},{"@type":"ImageObject","inLanguage":"da-DK","@id":"https:\/\/www.wolfcamper.com\/da\/vare\/jamaica-sommerskjorte-til-damer\/#primaryimage","url":"https:\/\/www.wolfcamper.com\/wp-content\/uploads\/2021\/05\/jamaica-oliven.png","contentUrl":"https:\/\/www.wolfcamper.com\/wp-content\/uploads\/2021\/05\/jamaica-oliven.png","width":1000,"height":1000,"caption":"Kort\u00e6rmet sommerskjorte til damer"},{"@type":"BreadcrumbList","@id":"https:\/\/www.wolfcamper.com\/da\/vare\/jamaica-sommerskjorte-til-damer\/#breadcrumb","itemListElement":[{"@type":"ListItem","position":1,"name":"Home","item":"https:\/\/www.wolfcamper.com\/da\/"},{"@type":"ListItem","position":2,"name":"Shop","item":"https:\/\/www.wolfcamper.com\/da\/shop\/"},{"@type":"ListItem","position":3,"name":"Jamaica &#8211; Let sommerskjorte til damer &#8211; Oliven"}]},{"@type":"WebSite","@id":"https:\/\/www.wolfcamper.com\/da\/#website","url":"https:\/\/www.wolfcamper.com\/da\/","name":"Wolf Camper","description":"Wolf Camper","potentialAction":[{"@type":"SearchAction","target":{"@type":"EntryPoint","urlTemplate":"https:\/\/www.wolfcamper.com\/da\/?s={search_term_string}"},"query-input":{"@type":"PropertyValueSpecification","valueRequired":true,"valueName":"search_term_string"}}],"inLanguage":"da-DK"}]}},"_links":{"self":[{"href":"https:\/\/www.wolfcamper.com\/da\/wp-json\/wp\/v2\/product\/27293","targetHints":{"allow":["GET"]}}],"collection":[{"href":"https:\/\/www.wolfcamper.com\/da\/wp-json\/wp\/v2\/product"}],"about":[{"href":"https:\/\/www.wolfcamper.com\/da\/wp-json\/wp\/v2\/types\/product"}],"wp:featuredmedia":[{"embeddable":true,"href":"https:\/\/www.wolfcamper.com\/da\/wp-json\/wp\/v2\/media\/42781"}],"wp:attachment":[{"href":"https:\/\/www.wolfcamper.com\/da\/wp-json\/wp\/v2\/media?parent=27293"}],"wp:term":[{"taxonomy":"product_brand","embeddable":true,"href":"https:\/\/www.wolfcamper.com\/da\/wp-json\/wp\/v2\/product_brand?post=27293"},{"taxonomy":"product_cat","embeddable":true,"href":"https:\/\/www.wolfcamper.com\/da\/wp-json\/wp\/v2\/product_cat?post=27293"},{"taxonomy":"product_tag","embeddable":true,"href":"https:\/\/www.wolfcamper.com\/da\/wp-json\/wp\/v2\/product_tag?post=27293"}],"curies":[{"name":"wp","href":"https:\/\/api.w.org\/{rel}","templated":true}]}}