{"id":27054,"date":"2021-05-25T12:56:00","date_gmt":"2021-05-25T10:56:00","guid":{"rendered":"https:\/\/www.wolfcamper.com\/\/vare\/coyote\/"},"modified":"2026-04-16T15:57:52","modified_gmt":"2026-04-16T13:57:52","slug":"coyote","status":"publish","type":"product","link":"https:\/\/www.wolfcamper.com\/da\/vare\/coyote\/","title":{"rendered":"Coyote &#8211; herreskjorte &#8211; Sand"},"content":{"rendered":"","protected":false},"excerpt":{"rendered":"<p>Fremragende kort\u00e6rmet herre sommerskjorte med behagelig pasform. Coyote er hurtigt\u00f8rrende og svedtransporterende, og er forsynet med flere funktionelle detaljer. Coyote f\u00e5s i enten sand eller oliven.<\/p>\n<p>Coyote er en fantastisk komfortabel skjorte at have p\u00e5. Den er fremstillet i Supplex\u00ae, som f\u00f8les bl\u00f8dt som bomuld, men har en meget h\u00f8jere funktionalitet. Med Supplex\u00ae f\u00e5r du bekl\u00e6dning som n\u00e6sten ikke kr\u00f8ller, falmer eller mister sin facon, og er ekstremt hurtigt\u00f8rrende. Coyote har 3 Brystlommer, heraf den ene med lynl\u00e5s, sikrer dine l\u00f8sdele &#8211; og med udluftning i hele ryggens bredde er du sikret en behagelig kropstemperatur. Denne skjorte er dit \u00e5benlyse valg til de varme ture.<\/p>\n<hr class=\"solid\" \/>\n","protected":false},"featured_media":42712,"template":"","meta":{"_acf_changed":false,"_price":"299","_stock":"","_tribe_ticket_header":"","_tribe_default_ticket_provider":"","_tribe_ticket_capacity":"5","_ticket_start_date":"","_ticket_end_date":"","_tribe_ticket_show_description":"","_tribe_ticket_show_not_going":false,"_tribe_ticket_use_global_stock":"","_tribe_ticket_global_stock_level":"","_global_stock_mode":"","_global_stock_cap":"","_tribe_rsvp_for_event":"","_tribe_ticket_going_count":"","_tribe_ticket_not_going_count":"","_tribe_tickets_list":"[]","_tribe_ticket_has_attendee_info_fields":false,"_tec_slr_enabled":"","_tec_slr_layout":""},"product_brand":[],"product_cat":[2154,16],"product_tag":[],"class_list":{"0":"post-27054","1":"product","2":"type-product","3":"status-publish","4":"has-post-thumbnail","6":"product_cat-outlet","7":"product_cat-produkter","8":"pa_vaelg-stoerrelse-small","9":"pa_vaelg-stoerrelse-medium","10":"pa_vaelg-stoerrelse-large","11":"pa_vaelg-stoerrelse-x-large","12":"pa_vaelg-stoerrelse-2xl","13":"pa_vaelg-stoerrelse-3xl","15":"first","16":"instock","17":"sale","18":"taxable","19":"shipping-taxable","20":"purchasable","21":"product-type-variable","22":"rtwpvs-product"},"acf":[],"yoast_head":"<!-- This site is optimized with the Yoast SEO plugin v26.0 - https:\/\/yoast.com\/wordpress\/plugins\/seo\/ -->\n<title>Coyote - Fremragende kort\u00e6rmet skjorte til sommer - Wolf Camper<\/title>\n<meta name=\"description\" content=\"Med Wolf Campers kort\u00e6rmet skjorte, Coyote f\u00e5r du h\u00f8j funktionalitet, kombineret med en utrolig l\u00e6kker feeling. L\u00e6kker sommerskjorte!\" \/>\n<meta name=\"robots\" content=\"index, follow, max-snippet:-1, max-image-preview:large, max-video-preview:-1\" \/>\n<link rel=\"canonical\" href=\"https:\/\/www.wolfcamper.com\/da\/vare\/coyote\/\" \/>\n<meta property=\"og:locale\" content=\"da_DK\" \/>\n<meta property=\"og:type\" content=\"article\" \/>\n<meta property=\"og:title\" content=\"Coyote - Fremragende kort\u00e6rmet skjorte til sommer - Wolf Camper\" \/>\n<meta property=\"og:description\" content=\"Med Wolf Campers kort\u00e6rmet skjorte, Coyote f\u00e5r du h\u00f8j funktionalitet, kombineret med en utrolig l\u00e6kker feeling. L\u00e6kker sommerskjorte!\" \/>\n<meta property=\"og:url\" content=\"https:\/\/www.wolfcamper.com\/da\/vare\/coyote\/\" \/>\n<meta property=\"og:site_name\" content=\"Wolf Camper\" \/>\n<meta property=\"article:modified_time\" content=\"2026-04-16T13:57:52+00:00\" \/>\n<meta property=\"og:image\" content=\"https:\/\/www.wolfcamper.com\/wp-content\/uploads\/2021\/05\/coyotesand-2.png\" \/>\n\t<meta property=\"og:image:width\" content=\"1000\" \/>\n\t<meta property=\"og:image:height\" content=\"1000\" \/>\n\t<meta property=\"og:image:type\" content=\"image\/png\" \/>\n<meta name=\"twitter:card\" content=\"summary_large_image\" \/>\n<meta name=\"twitter:label1\" content=\"Estimeret l\u00e6setid\" \/>\n\t<meta name=\"twitter:data1\" content=\"1 minut\" \/>\n<script type=\"application\/ld+json\" class=\"yoast-schema-graph\">{\"@context\":\"https:\/\/schema.org\",\"@graph\":[{\"@type\":\"WebPage\",\"@id\":\"https:\/\/www.wolfcamper.com\/da\/vare\/coyote\/\",\"url\":\"https:\/\/www.wolfcamper.com\/da\/vare\/coyote\/\",\"name\":\"Coyote - Fremragende kort\u00e6rmet skjorte til sommer - Wolf Camper\",\"isPartOf\":{\"@id\":\"https:\/\/www.wolfcamper.com\/da\/#website\"},\"primaryImageOfPage\":{\"@id\":\"https:\/\/www.wolfcamper.com\/da\/vare\/coyote\/#primaryimage\"},\"image\":{\"@id\":\"https:\/\/www.wolfcamper.com\/da\/vare\/coyote\/#primaryimage\"},\"thumbnailUrl\":\"https:\/\/www.wolfcamper.com\/wp-content\/uploads\/2021\/05\/coyotesand-2.png\",\"datePublished\":\"2021-05-25T10:56:00+00:00\",\"dateModified\":\"2026-04-16T13:57:52+00:00\",\"description\":\"Med Wolf Campers kort\u00e6rmet skjorte, Coyote f\u00e5r du h\u00f8j funktionalitet, kombineret med en utrolig l\u00e6kker feeling. L\u00e6kker sommerskjorte!\",\"breadcrumb\":{\"@id\":\"https:\/\/www.wolfcamper.com\/da\/vare\/coyote\/#breadcrumb\"},\"inLanguage\":\"da-DK\",\"potentialAction\":[{\"@type\":\"ReadAction\",\"target\":[\"https:\/\/www.wolfcamper.com\/da\/vare\/coyote\/\"]}]},{\"@type\":\"ImageObject\",\"inLanguage\":\"da-DK\",\"@id\":\"https:\/\/www.wolfcamper.com\/da\/vare\/coyote\/#primaryimage\",\"url\":\"https:\/\/www.wolfcamper.com\/wp-content\/uploads\/2021\/05\/coyotesand-2.png\",\"contentUrl\":\"https:\/\/www.wolfcamper.com\/wp-content\/uploads\/2021\/05\/coyotesand-2.png\",\"width\":1000,\"height\":1000,\"caption\":\"Hurtigt\u00f8rrende kort\u00e6rmet herre sommerskjorte\"},{\"@type\":\"BreadcrumbList\",\"@id\":\"https:\/\/www.wolfcamper.com\/da\/vare\/coyote\/#breadcrumb\",\"itemListElement\":[{\"@type\":\"ListItem\",\"position\":1,\"name\":\"Home\",\"item\":\"https:\/\/www.wolfcamper.com\/da\/\"},{\"@type\":\"ListItem\",\"position\":2,\"name\":\"Shop\",\"item\":\"https:\/\/www.wolfcamper.com\/da\/shop\/\"},{\"@type\":\"ListItem\",\"position\":3,\"name\":\"Coyote &#8211; herreskjorte &#8211; Sand\"}]},{\"@type\":\"WebSite\",\"@id\":\"https:\/\/www.wolfcamper.com\/da\/#website\",\"url\":\"https:\/\/www.wolfcamper.com\/da\/\",\"name\":\"Wolf Camper\",\"description\":\"Wolf Camper\",\"potentialAction\":[{\"@type\":\"SearchAction\",\"target\":{\"@type\":\"EntryPoint\",\"urlTemplate\":\"https:\/\/www.wolfcamper.com\/da\/?s={search_term_string}\"},\"query-input\":{\"@type\":\"PropertyValueSpecification\",\"valueRequired\":true,\"valueName\":\"search_term_string\"}}],\"inLanguage\":\"da-DK\"}]}<\/script>\n<!-- \/ Yoast SEO plugin. -->","yoast_head_json":{"title":"Coyote - Fremragende kort\u00e6rmet skjorte til sommer - Wolf Camper","description":"Med Wolf Campers kort\u00e6rmet skjorte, Coyote f\u00e5r du h\u00f8j funktionalitet, kombineret med en utrolig l\u00e6kker feeling. L\u00e6kker sommerskjorte!","robots":{"index":"index","follow":"follow","max-snippet":"max-snippet:-1","max-image-preview":"max-image-preview:large","max-video-preview":"max-video-preview:-1"},"canonical":"https:\/\/www.wolfcamper.com\/da\/vare\/coyote\/","og_locale":"da_DK","og_type":"article","og_title":"Coyote - Fremragende kort\u00e6rmet skjorte til sommer - Wolf Camper","og_description":"Med Wolf Campers kort\u00e6rmet skjorte, Coyote f\u00e5r du h\u00f8j funktionalitet, kombineret med en utrolig l\u00e6kker feeling. L\u00e6kker sommerskjorte!","og_url":"https:\/\/www.wolfcamper.com\/da\/vare\/coyote\/","og_site_name":"Wolf Camper","article_modified_time":"2026-04-16T13:57:52+00:00","og_image":[{"width":1000,"height":1000,"url":"https:\/\/www.wolfcamper.com\/wp-content\/uploads\/2021\/05\/coyotesand-2.png","type":"image\/png"}],"twitter_card":"summary_large_image","twitter_misc":{"Estimeret l\u00e6setid":"1 minut"},"schema":{"@context":"https:\/\/schema.org","@graph":[{"@type":"WebPage","@id":"https:\/\/www.wolfcamper.com\/da\/vare\/coyote\/","url":"https:\/\/www.wolfcamper.com\/da\/vare\/coyote\/","name":"Coyote - Fremragende kort\u00e6rmet skjorte til sommer - Wolf Camper","isPartOf":{"@id":"https:\/\/www.wolfcamper.com\/da\/#website"},"primaryImageOfPage":{"@id":"https:\/\/www.wolfcamper.com\/da\/vare\/coyote\/#primaryimage"},"image":{"@id":"https:\/\/www.wolfcamper.com\/da\/vare\/coyote\/#primaryimage"},"thumbnailUrl":"https:\/\/www.wolfcamper.com\/wp-content\/uploads\/2021\/05\/coyotesand-2.png","datePublished":"2021-05-25T10:56:00+00:00","dateModified":"2026-04-16T13:57:52+00:00","description":"Med Wolf Campers kort\u00e6rmet skjorte, Coyote f\u00e5r du h\u00f8j funktionalitet, kombineret med en utrolig l\u00e6kker feeling. L\u00e6kker sommerskjorte!","breadcrumb":{"@id":"https:\/\/www.wolfcamper.com\/da\/vare\/coyote\/#breadcrumb"},"inLanguage":"da-DK","potentialAction":[{"@type":"ReadAction","target":["https:\/\/www.wolfcamper.com\/da\/vare\/coyote\/"]}]},{"@type":"ImageObject","inLanguage":"da-DK","@id":"https:\/\/www.wolfcamper.com\/da\/vare\/coyote\/#primaryimage","url":"https:\/\/www.wolfcamper.com\/wp-content\/uploads\/2021\/05\/coyotesand-2.png","contentUrl":"https:\/\/www.wolfcamper.com\/wp-content\/uploads\/2021\/05\/coyotesand-2.png","width":1000,"height":1000,"caption":"Hurtigt\u00f8rrende kort\u00e6rmet herre sommerskjorte"},{"@type":"BreadcrumbList","@id":"https:\/\/www.wolfcamper.com\/da\/vare\/coyote\/#breadcrumb","itemListElement":[{"@type":"ListItem","position":1,"name":"Home","item":"https:\/\/www.wolfcamper.com\/da\/"},{"@type":"ListItem","position":2,"name":"Shop","item":"https:\/\/www.wolfcamper.com\/da\/shop\/"},{"@type":"ListItem","position":3,"name":"Coyote &#8211; herreskjorte &#8211; Sand"}]},{"@type":"WebSite","@id":"https:\/\/www.wolfcamper.com\/da\/#website","url":"https:\/\/www.wolfcamper.com\/da\/","name":"Wolf Camper","description":"Wolf Camper","potentialAction":[{"@type":"SearchAction","target":{"@type":"EntryPoint","urlTemplate":"https:\/\/www.wolfcamper.com\/da\/?s={search_term_string}"},"query-input":{"@type":"PropertyValueSpecification","valueRequired":true,"valueName":"search_term_string"}}],"inLanguage":"da-DK"}]}},"_links":{"self":[{"href":"https:\/\/www.wolfcamper.com\/da\/wp-json\/wp\/v2\/product\/27054","targetHints":{"allow":["GET"]}}],"collection":[{"href":"https:\/\/www.wolfcamper.com\/da\/wp-json\/wp\/v2\/product"}],"about":[{"href":"https:\/\/www.wolfcamper.com\/da\/wp-json\/wp\/v2\/types\/product"}],"wp:featuredmedia":[{"embeddable":true,"href":"https:\/\/www.wolfcamper.com\/da\/wp-json\/wp\/v2\/media\/42712"}],"wp:attachment":[{"href":"https:\/\/www.wolfcamper.com\/da\/wp-json\/wp\/v2\/media?parent=27054"}],"wp:term":[{"taxonomy":"product_brand","embeddable":true,"href":"https:\/\/www.wolfcamper.com\/da\/wp-json\/wp\/v2\/product_brand?post=27054"},{"taxonomy":"product_cat","embeddable":true,"href":"https:\/\/www.wolfcamper.com\/da\/wp-json\/wp\/v2\/product_cat?post=27054"},{"taxonomy":"product_tag","embeddable":true,"href":"https:\/\/www.wolfcamper.com\/da\/wp-json\/wp\/v2\/product_tag?post=27054"}],"curies":[{"name":"wp","href":"https:\/\/api.w.org\/{rel}","templated":true}]}}