{"id":26941,"date":"2021-05-25T12:54:17","date_gmt":"2021-05-25T10:54:17","guid":{"rendered":"https:\/\/www.wolfcamper.com\/\/vare\/ashkii-langaermet-skjorte-til-herrer\/"},"modified":"2026-05-15T12:26:21","modified_gmt":"2026-05-15T10:26:21","slug":"ashkii-langaermet-skjorte-til-herrer","status":"publish","type":"product","link":"https:\/\/www.wolfcamper.com\/da\/vare\/ashkii-langaermet-skjorte-til-herrer\/","title":{"rendered":"Ashkii &#8211; Outdoor herreskjorte &#8211; Oliven"},"content":{"rendered":"<hr class=\"solid\" \/>\n","protected":false},"excerpt":{"rendered":"<p>Super komfortabel outdoor herreskjorte med lange \u00e6rmer. Ashkii er lavet i funktionelt, str\u00e6kbart polyester materiale &#8211; der f\u00f8les som bomuld. Skjorten er slidst\u00e6rk, hurtigt\u00f8rrende og f\u00e5s i 3 forskellige farver. Ashkii har flot skovmandsskjorte look &#8211; har brystlomme p\u00e5 venstre bryst, og diskret Wolf Camper brodering p\u00e5 det ene \u00e6rme. En super outdoor skjorte! Det meget bl\u00f8de og komfortable polyester materiale som Ashkii er fremstillet i, f\u00f8les akkurat som bomuld &#8211; men er meget hurtigere til at t\u00f8rre, og har en fremragende slidstyrke. Det holder facon og farve.<\/p>\n","protected":false},"featured_media":42797,"template":"","meta":{"_acf_changed":false,"_price":"699","_stock":"","_tribe_ticket_header":"","_tribe_default_ticket_provider":"","_tribe_ticket_capacity":"22","_ticket_start_date":"","_ticket_end_date":"","_tribe_ticket_show_description":"","_tribe_ticket_show_not_going":false,"_tribe_ticket_use_global_stock":"","_tribe_ticket_global_stock_level":"","_global_stock_mode":"","_global_stock_cap":"","_tribe_rsvp_for_event":"","_tribe_ticket_going_count":"","_tribe_ticket_not_going_count":"","_tribe_tickets_list":"[]","_tribe_ticket_has_attendee_info_fields":false,"_tec_slr_enabled":"","_tec_slr_layout":""},"product_brand":[],"product_cat":[2004,2025,16,663],"product_tag":[],"class_list":{"0":"post-26941","1":"product","2":"type-product","3":"status-publish","4":"has-post-thumbnail","6":"product_cat-gaveideer-500-1000-kr","7":"product_cat-foraarherrer","8":"product_cat-produkter","9":"product_cat-skjorter-herrer","10":"pa_vaelg-stoerrelse-small","11":"pa_vaelg-stoerrelse-medium","12":"pa_vaelg-stoerrelse-large","13":"pa_vaelg-stoerrelse-x-large","14":"pa_vaelg-stoerrelse-2xl","15":"pa_vaelg-stoerrelse-3xl","16":"pa_vaelg-stoerrelse-4xl","18":"first","19":"instock","20":"taxable","21":"shipping-taxable","22":"purchasable","23":"product-type-variable","24":"rtwpvs-product"},"acf":[],"yoast_head":"<!-- This site is optimized with the Yoast SEO plugin v26.0 - https:\/\/yoast.com\/wordpress\/plugins\/seo\/ -->\n<title>Ashkii - Outdoor herreskjorte fra Wolf Camper<\/title>\n<meta name=\"description\" content=\"Super komfortabel outdoor herreskjorte. Skjorten er slidst\u00e6rk, hurtigt\u00f8rrende og f\u00e5s i 3 forskellige farver - Bestil direkte og f\u00e5 hurtig levering!\" \/>\n<meta name=\"robots\" content=\"index, follow, max-snippet:-1, max-image-preview:large, max-video-preview:-1\" \/>\n<link rel=\"canonical\" href=\"https:\/\/www.wolfcamper.com\/da\/vare\/ashkii-langaermet-skjorte-til-herrer\/\" \/>\n<meta property=\"og:locale\" content=\"da_DK\" \/>\n<meta property=\"og:type\" content=\"article\" \/>\n<meta property=\"og:title\" content=\"Ashkii - Outdoor herreskjorte fra Wolf Camper\" \/>\n<meta property=\"og:description\" content=\"Super komfortabel outdoor herreskjorte. Skjorten er slidst\u00e6rk, hurtigt\u00f8rrende og f\u00e5s i 3 forskellige farver - Bestil direkte og f\u00e5 hurtig levering!\" \/>\n<meta property=\"og:url\" content=\"https:\/\/www.wolfcamper.com\/da\/vare\/ashkii-langaermet-skjorte-til-herrer\/\" \/>\n<meta property=\"og:site_name\" content=\"Wolf Camper\" \/>\n<meta property=\"article:modified_time\" content=\"2026-05-15T10:26:21+00:00\" \/>\n<meta property=\"og:image\" content=\"https:\/\/www.wolfcamper.com\/wp-content\/uploads\/2021\/05\/ashkii_green-2.png\" \/>\n\t<meta property=\"og:image:width\" content=\"1000\" \/>\n\t<meta property=\"og:image:height\" content=\"1000\" \/>\n\t<meta property=\"og:image:type\" content=\"image\/png\" \/>\n<meta name=\"twitter:card\" content=\"summary_large_image\" \/>\n<script type=\"application\/ld+json\" class=\"yoast-schema-graph\">{\"@context\":\"https:\/\/schema.org\",\"@graph\":[{\"@type\":\"WebPage\",\"@id\":\"https:\/\/www.wolfcamper.com\/da\/vare\/ashkii-langaermet-skjorte-til-herrer\/\",\"url\":\"https:\/\/www.wolfcamper.com\/da\/vare\/ashkii-langaermet-skjorte-til-herrer\/\",\"name\":\"Ashkii - Outdoor herreskjorte fra Wolf Camper\",\"isPartOf\":{\"@id\":\"https:\/\/www.wolfcamper.com\/da\/#website\"},\"primaryImageOfPage\":{\"@id\":\"https:\/\/www.wolfcamper.com\/da\/vare\/ashkii-langaermet-skjorte-til-herrer\/#primaryimage\"},\"image\":{\"@id\":\"https:\/\/www.wolfcamper.com\/da\/vare\/ashkii-langaermet-skjorte-til-herrer\/#primaryimage\"},\"thumbnailUrl\":\"https:\/\/www.wolfcamper.com\/wp-content\/uploads\/2021\/05\/ashkii_green-2.png\",\"datePublished\":\"2021-05-25T10:54:17+00:00\",\"dateModified\":\"2026-05-15T10:26:21+00:00\",\"description\":\"Super komfortabel outdoor herreskjorte. Skjorten er slidst\u00e6rk, hurtigt\u00f8rrende og f\u00e5s i 3 forskellige farver - Bestil direkte og f\u00e5 hurtig levering!\",\"breadcrumb\":{\"@id\":\"https:\/\/www.wolfcamper.com\/da\/vare\/ashkii-langaermet-skjorte-til-herrer\/#breadcrumb\"},\"inLanguage\":\"da-DK\",\"potentialAction\":[{\"@type\":\"ReadAction\",\"target\":[\"https:\/\/www.wolfcamper.com\/da\/vare\/ashkii-langaermet-skjorte-til-herrer\/\"]}]},{\"@type\":\"ImageObject\",\"inLanguage\":\"da-DK\",\"@id\":\"https:\/\/www.wolfcamper.com\/da\/vare\/ashkii-langaermet-skjorte-til-herrer\/#primaryimage\",\"url\":\"https:\/\/www.wolfcamper.com\/wp-content\/uploads\/2021\/05\/ashkii_green-2.png\",\"contentUrl\":\"https:\/\/www.wolfcamper.com\/wp-content\/uploads\/2021\/05\/ashkii_green-2.png\",\"width\":1000,\"height\":1000,\"caption\":\"outdoor herreskjorte i skovmandsskjorte look\"},{\"@type\":\"BreadcrumbList\",\"@id\":\"https:\/\/www.wolfcamper.com\/da\/vare\/ashkii-langaermet-skjorte-til-herrer\/#breadcrumb\",\"itemListElement\":[{\"@type\":\"ListItem\",\"position\":1,\"name\":\"Home\",\"item\":\"https:\/\/www.wolfcamper.com\/da\/\"},{\"@type\":\"ListItem\",\"position\":2,\"name\":\"Shop\",\"item\":\"https:\/\/www.wolfcamper.com\/da\/shop\/\"},{\"@type\":\"ListItem\",\"position\":3,\"name\":\"Ashkii &#8211; Outdoor herreskjorte &#8211; Oliven\"}]},{\"@type\":\"WebSite\",\"@id\":\"https:\/\/www.wolfcamper.com\/da\/#website\",\"url\":\"https:\/\/www.wolfcamper.com\/da\/\",\"name\":\"Wolf Camper\",\"description\":\"Wolf Camper\",\"potentialAction\":[{\"@type\":\"SearchAction\",\"target\":{\"@type\":\"EntryPoint\",\"urlTemplate\":\"https:\/\/www.wolfcamper.com\/da\/?s={search_term_string}\"},\"query-input\":{\"@type\":\"PropertyValueSpecification\",\"valueRequired\":true,\"valueName\":\"search_term_string\"}}],\"inLanguage\":\"da-DK\"}]}<\/script>\n<!-- \/ Yoast SEO plugin. -->","yoast_head_json":{"title":"Ashkii - Outdoor herreskjorte fra Wolf Camper","description":"Super komfortabel outdoor herreskjorte. Skjorten er slidst\u00e6rk, hurtigt\u00f8rrende og f\u00e5s i 3 forskellige farver - Bestil direkte og f\u00e5 hurtig levering!","robots":{"index":"index","follow":"follow","max-snippet":"max-snippet:-1","max-image-preview":"max-image-preview:large","max-video-preview":"max-video-preview:-1"},"canonical":"https:\/\/www.wolfcamper.com\/da\/vare\/ashkii-langaermet-skjorte-til-herrer\/","og_locale":"da_DK","og_type":"article","og_title":"Ashkii - Outdoor herreskjorte fra Wolf Camper","og_description":"Super komfortabel outdoor herreskjorte. Skjorten er slidst\u00e6rk, hurtigt\u00f8rrende og f\u00e5s i 3 forskellige farver - Bestil direkte og f\u00e5 hurtig levering!","og_url":"https:\/\/www.wolfcamper.com\/da\/vare\/ashkii-langaermet-skjorte-til-herrer\/","og_site_name":"Wolf Camper","article_modified_time":"2026-05-15T10:26:21+00:00","og_image":[{"width":1000,"height":1000,"url":"https:\/\/www.wolfcamper.com\/wp-content\/uploads\/2021\/05\/ashkii_green-2.png","type":"image\/png"}],"twitter_card":"summary_large_image","schema":{"@context":"https:\/\/schema.org","@graph":[{"@type":"WebPage","@id":"https:\/\/www.wolfcamper.com\/da\/vare\/ashkii-langaermet-skjorte-til-herrer\/","url":"https:\/\/www.wolfcamper.com\/da\/vare\/ashkii-langaermet-skjorte-til-herrer\/","name":"Ashkii - Outdoor herreskjorte fra Wolf Camper","isPartOf":{"@id":"https:\/\/www.wolfcamper.com\/da\/#website"},"primaryImageOfPage":{"@id":"https:\/\/www.wolfcamper.com\/da\/vare\/ashkii-langaermet-skjorte-til-herrer\/#primaryimage"},"image":{"@id":"https:\/\/www.wolfcamper.com\/da\/vare\/ashkii-langaermet-skjorte-til-herrer\/#primaryimage"},"thumbnailUrl":"https:\/\/www.wolfcamper.com\/wp-content\/uploads\/2021\/05\/ashkii_green-2.png","datePublished":"2021-05-25T10:54:17+00:00","dateModified":"2026-05-15T10:26:21+00:00","description":"Super komfortabel outdoor herreskjorte. Skjorten er slidst\u00e6rk, hurtigt\u00f8rrende og f\u00e5s i 3 forskellige farver - Bestil direkte og f\u00e5 hurtig levering!","breadcrumb":{"@id":"https:\/\/www.wolfcamper.com\/da\/vare\/ashkii-langaermet-skjorte-til-herrer\/#breadcrumb"},"inLanguage":"da-DK","potentialAction":[{"@type":"ReadAction","target":["https:\/\/www.wolfcamper.com\/da\/vare\/ashkii-langaermet-skjorte-til-herrer\/"]}]},{"@type":"ImageObject","inLanguage":"da-DK","@id":"https:\/\/www.wolfcamper.com\/da\/vare\/ashkii-langaermet-skjorte-til-herrer\/#primaryimage","url":"https:\/\/www.wolfcamper.com\/wp-content\/uploads\/2021\/05\/ashkii_green-2.png","contentUrl":"https:\/\/www.wolfcamper.com\/wp-content\/uploads\/2021\/05\/ashkii_green-2.png","width":1000,"height":1000,"caption":"outdoor herreskjorte i skovmandsskjorte look"},{"@type":"BreadcrumbList","@id":"https:\/\/www.wolfcamper.com\/da\/vare\/ashkii-langaermet-skjorte-til-herrer\/#breadcrumb","itemListElement":[{"@type":"ListItem","position":1,"name":"Home","item":"https:\/\/www.wolfcamper.com\/da\/"},{"@type":"ListItem","position":2,"name":"Shop","item":"https:\/\/www.wolfcamper.com\/da\/shop\/"},{"@type":"ListItem","position":3,"name":"Ashkii &#8211; Outdoor herreskjorte &#8211; Oliven"}]},{"@type":"WebSite","@id":"https:\/\/www.wolfcamper.com\/da\/#website","url":"https:\/\/www.wolfcamper.com\/da\/","name":"Wolf Camper","description":"Wolf Camper","potentialAction":[{"@type":"SearchAction","target":{"@type":"EntryPoint","urlTemplate":"https:\/\/www.wolfcamper.com\/da\/?s={search_term_string}"},"query-input":{"@type":"PropertyValueSpecification","valueRequired":true,"valueName":"search_term_string"}}],"inLanguage":"da-DK"}]}},"_links":{"self":[{"href":"https:\/\/www.wolfcamper.com\/da\/wp-json\/wp\/v2\/product\/26941","targetHints":{"allow":["GET"]}}],"collection":[{"href":"https:\/\/www.wolfcamper.com\/da\/wp-json\/wp\/v2\/product"}],"about":[{"href":"https:\/\/www.wolfcamper.com\/da\/wp-json\/wp\/v2\/types\/product"}],"wp:featuredmedia":[{"embeddable":true,"href":"https:\/\/www.wolfcamper.com\/da\/wp-json\/wp\/v2\/media\/42797"}],"wp:attachment":[{"href":"https:\/\/www.wolfcamper.com\/da\/wp-json\/wp\/v2\/media?parent=26941"}],"wp:term":[{"taxonomy":"product_brand","embeddable":true,"href":"https:\/\/www.wolfcamper.com\/da\/wp-json\/wp\/v2\/product_brand?post=26941"},{"taxonomy":"product_cat","embeddable":true,"href":"https:\/\/www.wolfcamper.com\/da\/wp-json\/wp\/v2\/product_cat?post=26941"},{"taxonomy":"product_tag","embeddable":true,"href":"https:\/\/www.wolfcamper.com\/da\/wp-json\/wp\/v2\/product_tag?post=26941"}],"curies":[{"name":"wp","href":"https:\/\/api.w.org\/{rel}","templated":true}]}}