{"id":26928,"date":"2021-05-25T12:54:17","date_gmt":"2021-05-25T10:54:17","guid":{"rendered":"https:\/\/www.wolfcamper.com\/\/vare\/argon-t-shirt-i-merinould-til-herrer\/"},"modified":"2026-02-07T19:58:31","modified_gmt":"2026-02-07T18:58:31","slug":"argon-t-shirt-i-merinould-til-herrer","status":"publish","type":"product","link":"https:\/\/www.wolfcamper.com\/da\/vare\/argon-t-shirt-i-merinould-til-herrer\/","title":{"rendered":"Argon &#8211; Herre merino t-shirt &#8211; Bl\u00e5"},"content":{"rendered":"","protected":false},"excerpt":{"rendered":"<p>L\u00e6kker t-shirt fremstillet af det ypperste merinould fra Australien.<\/p>\n<h3>Merinould<\/h3>\n<p>Merino uld bliver af mange betragtet som verdens fineste uld. Utrolig bl\u00f8dt og komfortabelt uden at det kradser. Wolf Camper bruger Merino uld fra Australien som laver merino uld i absolut verdensklasse. Merino uld er det ypperste man kan v\u00e6lge som det inderste lag bekl\u00e6dning. Det er suver\u00e6nt til at holde p\u00e5 varmen, men samtidig virker det ogs\u00e5 k\u00f8lende n\u00e5r der er varmt. Merino uld har en uovertruffen evne til at absorbere fugt, og da der samtidig sker en fordampning fra ulden holder det kroppen t\u00f8r og komfortabel. Merino uld har en naturlig anti-bakteriel funktion der modvirker svedlugt selv ved lang tids brug. Det er et 100 % naturprodukt og det er velegnet til allergikere. Velegnet til alle former for outdoor aktiviteter. Fork\u00e6l dig selv med et l\u00e6kkert uld produkt.<\/p>\n","protected":false},"featured_media":42890,"template":"","meta":{"_acf_changed":false,"_price":"200","_stock":"","_tribe_ticket_header":"","_tribe_default_ticket_provider":"","_tribe_ticket_capacity":"20","_ticket_start_date":"","_ticket_end_date":"","_tribe_ticket_show_description":"","_tribe_ticket_show_not_going":false,"_tribe_ticket_use_global_stock":"","_tribe_ticket_global_stock_level":"","_global_stock_mode":"","_global_stock_cap":"","_tribe_rsvp_for_event":"","_tribe_ticket_going_count":"","_tribe_ticket_not_going_count":"","_tribe_tickets_list":"[]","_tribe_ticket_has_attendee_info_fields":false,"_tec_slr_enabled":"","_tec_slr_layout":""},"product_brand":[],"product_cat":[2154,16],"product_tag":[],"class_list":{"0":"post-26928","1":"product","2":"type-product","3":"status-publish","4":"has-post-thumbnail","6":"product_cat-outlet","7":"product_cat-produkter","8":"pa_vaelg-stoerrelse-small","9":"pa_vaelg-stoerrelse-medium","10":"pa_vaelg-stoerrelse-large","11":"pa_vaelg-stoerrelse-x-large","12":"pa_vaelg-stoerrelse-2xl","13":"pa_vaelg-stoerrelse-3xl","15":"first","16":"instock","17":"sale","18":"taxable","19":"shipping-taxable","20":"purchasable","21":"product-type-variable","22":"rtwpvs-product"},"acf":[],"yoast_head":"<!-- This site is optimized with the Yoast SEO plugin v26.0 - https:\/\/yoast.com\/wordpress\/plugins\/seo\/ -->\n<title>Argon - Herre t-shirt i merinould - Wolf Camper<\/title>\n<meta name=\"description\" content=\"L\u00e6kker t-shirt fremstillet af det ypperste merinould fra Australien. Med denne herre t-shirt i merinould f\u00e5r du det ypperste indenfor t-shirts!\" \/>\n<meta name=\"robots\" content=\"index, follow, max-snippet:-1, max-image-preview:large, max-video-preview:-1\" \/>\n<link rel=\"canonical\" href=\"https:\/\/www.wolfcamper.com\/da\/vare\/argon-t-shirt-i-merinould-til-herrer\/\" \/>\n<meta property=\"og:locale\" content=\"da_DK\" \/>\n<meta property=\"og:type\" content=\"article\" \/>\n<meta property=\"og:title\" content=\"Argon - Herre t-shirt i merinould - Wolf Camper\" \/>\n<meta property=\"og:description\" content=\"L\u00e6kker t-shirt fremstillet af det ypperste merinould fra Australien. Med denne herre t-shirt i merinould f\u00e5r du det ypperste indenfor t-shirts!\" \/>\n<meta property=\"og:url\" content=\"https:\/\/www.wolfcamper.com\/da\/vare\/argon-t-shirt-i-merinould-til-herrer\/\" \/>\n<meta property=\"og:site_name\" content=\"Wolf Camper\" \/>\n<meta property=\"article:modified_time\" content=\"2026-02-07T18:58:31+00:00\" \/>\n<meta property=\"og:image\" content=\"https:\/\/www.wolfcamper.com\/wp-content\/uploads\/2021\/05\/argon-blue-1.png\" \/>\n\t<meta property=\"og:image:width\" content=\"1000\" \/>\n\t<meta property=\"og:image:height\" content=\"1000\" \/>\n\t<meta property=\"og:image:type\" content=\"image\/png\" \/>\n<meta name=\"twitter:card\" content=\"summary_large_image\" \/>\n<meta name=\"twitter:label1\" content=\"Estimeret l\u00e6setid\" \/>\n\t<meta name=\"twitter:data1\" content=\"1 minut\" \/>\n<script type=\"application\/ld+json\" class=\"yoast-schema-graph\">{\"@context\":\"https:\/\/schema.org\",\"@graph\":[{\"@type\":\"WebPage\",\"@id\":\"https:\/\/www.wolfcamper.com\/da\/vare\/argon-t-shirt-i-merinould-til-herrer\/\",\"url\":\"https:\/\/www.wolfcamper.com\/da\/vare\/argon-t-shirt-i-merinould-til-herrer\/\",\"name\":\"Argon - Herre t-shirt i merinould - Wolf Camper\",\"isPartOf\":{\"@id\":\"https:\/\/www.wolfcamper.com\/da\/#website\"},\"primaryImageOfPage\":{\"@id\":\"https:\/\/www.wolfcamper.com\/da\/vare\/argon-t-shirt-i-merinould-til-herrer\/#primaryimage\"},\"image\":{\"@id\":\"https:\/\/www.wolfcamper.com\/da\/vare\/argon-t-shirt-i-merinould-til-herrer\/#primaryimage\"},\"thumbnailUrl\":\"https:\/\/www.wolfcamper.com\/wp-content\/uploads\/2021\/05\/argon-blue-1.png\",\"datePublished\":\"2021-05-25T10:54:17+00:00\",\"dateModified\":\"2026-02-07T18:58:31+00:00\",\"description\":\"L\u00e6kker t-shirt fremstillet af det ypperste merinould fra Australien. Med denne herre t-shirt i merinould f\u00e5r du det ypperste indenfor t-shirts!\",\"breadcrumb\":{\"@id\":\"https:\/\/www.wolfcamper.com\/da\/vare\/argon-t-shirt-i-merinould-til-herrer\/#breadcrumb\"},\"inLanguage\":\"da-DK\",\"potentialAction\":[{\"@type\":\"ReadAction\",\"target\":[\"https:\/\/www.wolfcamper.com\/da\/vare\/argon-t-shirt-i-merinould-til-herrer\/\"]}]},{\"@type\":\"ImageObject\",\"inLanguage\":\"da-DK\",\"@id\":\"https:\/\/www.wolfcamper.com\/da\/vare\/argon-t-shirt-i-merinould-til-herrer\/#primaryimage\",\"url\":\"https:\/\/www.wolfcamper.com\/wp-content\/uploads\/2021\/05\/argon-blue-1.png\",\"contentUrl\":\"https:\/\/www.wolfcamper.com\/wp-content\/uploads\/2021\/05\/argon-blue-1.png\",\"width\":1000,\"height\":1000,\"caption\":\"L\u00e6kker herre t shirt i merinould\"},{\"@type\":\"BreadcrumbList\",\"@id\":\"https:\/\/www.wolfcamper.com\/da\/vare\/argon-t-shirt-i-merinould-til-herrer\/#breadcrumb\",\"itemListElement\":[{\"@type\":\"ListItem\",\"position\":1,\"name\":\"Home\",\"item\":\"https:\/\/www.wolfcamper.com\/da\/\"},{\"@type\":\"ListItem\",\"position\":2,\"name\":\"Shop\",\"item\":\"https:\/\/www.wolfcamper.com\/da\/shop\/\"},{\"@type\":\"ListItem\",\"position\":3,\"name\":\"Argon &#8211; Herre merino t-shirt &#8211; Bl\u00e5\"}]},{\"@type\":\"WebSite\",\"@id\":\"https:\/\/www.wolfcamper.com\/da\/#website\",\"url\":\"https:\/\/www.wolfcamper.com\/da\/\",\"name\":\"Wolf Camper\",\"description\":\"Wolf Camper\",\"potentialAction\":[{\"@type\":\"SearchAction\",\"target\":{\"@type\":\"EntryPoint\",\"urlTemplate\":\"https:\/\/www.wolfcamper.com\/da\/?s={search_term_string}\"},\"query-input\":{\"@type\":\"PropertyValueSpecification\",\"valueRequired\":true,\"valueName\":\"search_term_string\"}}],\"inLanguage\":\"da-DK\"}]}<\/script>\n<!-- \/ Yoast SEO plugin. -->","yoast_head_json":{"title":"Argon - Herre t-shirt i merinould - Wolf Camper","description":"L\u00e6kker t-shirt fremstillet af det ypperste merinould fra Australien. Med denne herre t-shirt i merinould f\u00e5r du det ypperste indenfor t-shirts!","robots":{"index":"index","follow":"follow","max-snippet":"max-snippet:-1","max-image-preview":"max-image-preview:large","max-video-preview":"max-video-preview:-1"},"canonical":"https:\/\/www.wolfcamper.com\/da\/vare\/argon-t-shirt-i-merinould-til-herrer\/","og_locale":"da_DK","og_type":"article","og_title":"Argon - Herre t-shirt i merinould - Wolf Camper","og_description":"L\u00e6kker t-shirt fremstillet af det ypperste merinould fra Australien. Med denne herre t-shirt i merinould f\u00e5r du det ypperste indenfor t-shirts!","og_url":"https:\/\/www.wolfcamper.com\/da\/vare\/argon-t-shirt-i-merinould-til-herrer\/","og_site_name":"Wolf Camper","article_modified_time":"2026-02-07T18:58:31+00:00","og_image":[{"width":1000,"height":1000,"url":"https:\/\/www.wolfcamper.com\/wp-content\/uploads\/2021\/05\/argon-blue-1.png","type":"image\/png"}],"twitter_card":"summary_large_image","twitter_misc":{"Estimeret l\u00e6setid":"1 minut"},"schema":{"@context":"https:\/\/schema.org","@graph":[{"@type":"WebPage","@id":"https:\/\/www.wolfcamper.com\/da\/vare\/argon-t-shirt-i-merinould-til-herrer\/","url":"https:\/\/www.wolfcamper.com\/da\/vare\/argon-t-shirt-i-merinould-til-herrer\/","name":"Argon - Herre t-shirt i merinould - Wolf Camper","isPartOf":{"@id":"https:\/\/www.wolfcamper.com\/da\/#website"},"primaryImageOfPage":{"@id":"https:\/\/www.wolfcamper.com\/da\/vare\/argon-t-shirt-i-merinould-til-herrer\/#primaryimage"},"image":{"@id":"https:\/\/www.wolfcamper.com\/da\/vare\/argon-t-shirt-i-merinould-til-herrer\/#primaryimage"},"thumbnailUrl":"https:\/\/www.wolfcamper.com\/wp-content\/uploads\/2021\/05\/argon-blue-1.png","datePublished":"2021-05-25T10:54:17+00:00","dateModified":"2026-02-07T18:58:31+00:00","description":"L\u00e6kker t-shirt fremstillet af det ypperste merinould fra Australien. Med denne herre t-shirt i merinould f\u00e5r du det ypperste indenfor t-shirts!","breadcrumb":{"@id":"https:\/\/www.wolfcamper.com\/da\/vare\/argon-t-shirt-i-merinould-til-herrer\/#breadcrumb"},"inLanguage":"da-DK","potentialAction":[{"@type":"ReadAction","target":["https:\/\/www.wolfcamper.com\/da\/vare\/argon-t-shirt-i-merinould-til-herrer\/"]}]},{"@type":"ImageObject","inLanguage":"da-DK","@id":"https:\/\/www.wolfcamper.com\/da\/vare\/argon-t-shirt-i-merinould-til-herrer\/#primaryimage","url":"https:\/\/www.wolfcamper.com\/wp-content\/uploads\/2021\/05\/argon-blue-1.png","contentUrl":"https:\/\/www.wolfcamper.com\/wp-content\/uploads\/2021\/05\/argon-blue-1.png","width":1000,"height":1000,"caption":"L\u00e6kker herre t shirt i merinould"},{"@type":"BreadcrumbList","@id":"https:\/\/www.wolfcamper.com\/da\/vare\/argon-t-shirt-i-merinould-til-herrer\/#breadcrumb","itemListElement":[{"@type":"ListItem","position":1,"name":"Home","item":"https:\/\/www.wolfcamper.com\/da\/"},{"@type":"ListItem","position":2,"name":"Shop","item":"https:\/\/www.wolfcamper.com\/da\/shop\/"},{"@type":"ListItem","position":3,"name":"Argon &#8211; Herre merino t-shirt &#8211; Bl\u00e5"}]},{"@type":"WebSite","@id":"https:\/\/www.wolfcamper.com\/da\/#website","url":"https:\/\/www.wolfcamper.com\/da\/","name":"Wolf Camper","description":"Wolf Camper","potentialAction":[{"@type":"SearchAction","target":{"@type":"EntryPoint","urlTemplate":"https:\/\/www.wolfcamper.com\/da\/?s={search_term_string}"},"query-input":{"@type":"PropertyValueSpecification","valueRequired":true,"valueName":"search_term_string"}}],"inLanguage":"da-DK"}]}},"_links":{"self":[{"href":"https:\/\/www.wolfcamper.com\/da\/wp-json\/wp\/v2\/product\/26928","targetHints":{"allow":["GET"]}}],"collection":[{"href":"https:\/\/www.wolfcamper.com\/da\/wp-json\/wp\/v2\/product"}],"about":[{"href":"https:\/\/www.wolfcamper.com\/da\/wp-json\/wp\/v2\/types\/product"}],"wp:featuredmedia":[{"embeddable":true,"href":"https:\/\/www.wolfcamper.com\/da\/wp-json\/wp\/v2\/media\/42890"}],"wp:attachment":[{"href":"https:\/\/www.wolfcamper.com\/da\/wp-json\/wp\/v2\/media?parent=26928"}],"wp:term":[{"taxonomy":"product_brand","embeddable":true,"href":"https:\/\/www.wolfcamper.com\/da\/wp-json\/wp\/v2\/product_brand?post=26928"},{"taxonomy":"product_cat","embeddable":true,"href":"https:\/\/www.wolfcamper.com\/da\/wp-json\/wp\/v2\/product_cat?post=26928"},{"taxonomy":"product_tag","embeddable":true,"href":"https:\/\/www.wolfcamper.com\/da\/wp-json\/wp\/v2\/product_tag?post=26928"}],"curies":[{"name":"wp","href":"https:\/\/api.w.org\/{rel}","templated":true}]}}