{"id":105374,"date":"2026-02-12T14:34:07","date_gmt":"2026-02-12T13:34:07","guid":{"rendered":"https:\/\/www.wolfcamper.com\/?post_type=product&#038;p=105374"},"modified":"2026-05-16T13:13:36","modified_gmt":"2026-05-16T11:13:36","slug":"bidzil-unisex-outdoorbuks-blaa","status":"publish","type":"product","link":"https:\/\/www.wolfcamper.com\/da\/vare\/bidzil-unisex-outdoorbuks-blaa\/","title":{"rendered":"Bidzil unisex outdoorbuks &#8211; bl\u00e5"},"content":{"rendered":"","protected":false},"excerpt":{"rendered":"<p>En super buks til eventyrlystne sj\u00e6le. Bukserne er fremstillet i en kombination af komfortabel, str\u00e6kbar polyester, og er forst\u00e6rket med slidst\u00e6rk polyester\/bomuld forrest p\u00e5 benene, p\u00e5 l\u00e6ggen og p\u00e5 bagdelen. Derved har vi lavet en buks som giver dig ultimativ frihed, samtidig med at de er godt beskyttet mod strabadser.<\/p>\n<p>Bukserne har flere funktionelle detaljer:<\/p>\n<ul>\n<li>Rummelige l\u00e5rlommer med plads til lidt af hvert.<\/li>\n<li>Skjult elastiklomme til mobiltelefon i den ene l\u00e5rlomme<\/li>\n<li>Elastik i taljen.<\/li>\n<\/ul>\n<p>Bidzil er en buks som er fremstillet til at bruge derude hvor eventyret venter!<\/p>\n","protected":false},"featured_media":106582,"template":"","meta":{"_acf_changed":false,"_price":"999","_stock":"","_tribe_ticket_header":"","_tribe_default_ticket_provider":"","_tribe_ticket_capacity":"7","_ticket_start_date":"","_ticket_end_date":"","_tribe_ticket_show_description":"","_tribe_ticket_show_not_going":false,"_tribe_ticket_use_global_stock":"","_tribe_ticket_global_stock_level":"","_global_stock_mode":"","_global_stock_cap":"","_tribe_rsvp_for_event":"","_tribe_ticket_going_count":"","_tribe_ticket_not_going_count":"","_tribe_tickets_list":"[]","_tribe_ticket_has_attendee_info_fields":false,"_tec_slr_enabled":"","_tec_slr_layout":""},"product_brand":[],"product_cat":[2119,2148,1991,2025,605,616,656,16,667,658,654,684],"product_tag":[],"class_list":{"0":"post-105374","1":"product","2":"type-product","3":"status-publish","4":"has-post-thumbnail","6":"product_cat-aiyana-bidzil","7":"product_cat-funktionel-beklaedning-til-efteraaret","8":"product_cat-outdoorbukser","9":"product_cat-foraarherrer","10":"product_cat-bukser-dame-2","11":"product_cat-helarsbukser-dame","12":"product_cat-zip-off-og-sommerbukser","13":"product_cat-produkter","14":"product_cat-herre-trekking","15":"product_cat-bukser-herrer-2","16":"product_cat-sommerbukser","17":"product_cat-helarsbukser-herre","18":"pa_vaelg-stoerrelse-xs","19":"pa_vaelg-stoerrelse-small","20":"pa_vaelg-stoerrelse-medium","21":"pa_vaelg-stoerrelse-large","22":"pa_vaelg-stoerrelse-x-large","23":"pa_vaelg-stoerrelse-2xl","24":"pa_vaelg-stoerrelse-3xl","26":"first","27":"instock","28":"taxable","29":"shipping-taxable","30":"purchasable","31":"product-type-variable","32":"rtwpvs-product"},"acf":[],"yoast_head":"<!-- This site is optimized with the Yoast SEO plugin v26.0 - https:\/\/yoast.com\/wordpress\/plugins\/seo\/ -->\n<title>Bidzil unisex outdoorbuks - bl\u00e5 - Wolf Camper<\/title>\n<meta name=\"robots\" content=\"index, follow, max-snippet:-1, max-image-preview:large, max-video-preview:-1\" \/>\n<link rel=\"canonical\" href=\"https:\/\/www.wolfcamper.com\/da\/vare\/bidzil-unisex-outdoorbuks-blaa\/\" \/>\n<meta property=\"og:locale\" content=\"da_DK\" \/>\n<meta property=\"og:type\" content=\"article\" \/>\n<meta property=\"og:title\" content=\"Bidzil unisex outdoorbuks - bl\u00e5 - Wolf Camper\" \/>\n<meta property=\"og:description\" content=\"En super buks til eventyrlystne sj\u00e6le. Bukserne er fremstillet i en kombination af komfortabel, str\u00e6kbar polyester, og er forst\u00e6rket med slidst\u00e6rk polyester\/bomuld forrest p\u00e5 benene, p\u00e5 l\u00e6ggen og p\u00e5 bagdelen. Derved har vi lavet en buks som giver dig ultimativ frihed, samtidig med at de er godt beskyttet mod strabadser.  Bukserne har flere funktionelle detaljer:   Rummelige l\u00e5rlommer med plads til lidt af hvert.  Skjult elastiklomme til mobiltelefon i den ene l\u00e5rlomme  Elastik i taljen.  Bidzil er en buks som er fremstillet til at bruge derude hvor eventyret venter!\" \/>\n<meta property=\"og:url\" content=\"https:\/\/www.wolfcamper.com\/da\/vare\/bidzil-unisex-outdoorbuks-blaa\/\" \/>\n<meta property=\"og:site_name\" content=\"Wolf Camper\" \/>\n<meta property=\"article:modified_time\" content=\"2026-05-16T11:13:36+00:00\" \/>\n<meta property=\"og:image\" content=\"https:\/\/www.wolfcamper.com\/wp-content\/uploads\/2026\/02\/bidzil-blue-2f1000.png\" \/>\n\t<meta property=\"og:image:width\" content=\"1000\" \/>\n\t<meta property=\"og:image:height\" content=\"1000\" \/>\n\t<meta property=\"og:image:type\" content=\"image\/png\" \/>\n<meta name=\"twitter:card\" content=\"summary_large_image\" \/>\n<meta name=\"twitter:label1\" content=\"Estimeret l\u00e6setid\" \/>\n\t<meta name=\"twitter:data1\" content=\"1 minut\" \/>\n<script type=\"application\/ld+json\" class=\"yoast-schema-graph\">{\"@context\":\"https:\/\/schema.org\",\"@graph\":[{\"@type\":\"WebPage\",\"@id\":\"https:\/\/www.wolfcamper.com\/da\/vare\/bidzil-unisex-outdoorbuks-blaa\/\",\"url\":\"https:\/\/www.wolfcamper.com\/da\/vare\/bidzil-unisex-outdoorbuks-blaa\/\",\"name\":\"Bidzil unisex outdoorbuks - bl\u00e5 - Wolf Camper\",\"isPartOf\":{\"@id\":\"https:\/\/www.wolfcamper.com\/da\/#website\"},\"primaryImageOfPage\":{\"@id\":\"https:\/\/www.wolfcamper.com\/da\/vare\/bidzil-unisex-outdoorbuks-blaa\/#primaryimage\"},\"image\":{\"@id\":\"https:\/\/www.wolfcamper.com\/da\/vare\/bidzil-unisex-outdoorbuks-blaa\/#primaryimage\"},\"thumbnailUrl\":\"https:\/\/www.wolfcamper.com\/wp-content\/uploads\/2026\/02\/bidzil-blue-2f1000.png\",\"datePublished\":\"2026-02-12T13:34:07+00:00\",\"dateModified\":\"2026-05-16T11:13:36+00:00\",\"breadcrumb\":{\"@id\":\"https:\/\/www.wolfcamper.com\/da\/vare\/bidzil-unisex-outdoorbuks-blaa\/#breadcrumb\"},\"inLanguage\":\"da-DK\",\"potentialAction\":[{\"@type\":\"ReadAction\",\"target\":[\"https:\/\/www.wolfcamper.com\/da\/vare\/bidzil-unisex-outdoorbuks-blaa\/\"]}]},{\"@type\":\"ImageObject\",\"inLanguage\":\"da-DK\",\"@id\":\"https:\/\/www.wolfcamper.com\/da\/vare\/bidzil-unisex-outdoorbuks-blaa\/#primaryimage\",\"url\":\"https:\/\/www.wolfcamper.com\/wp-content\/uploads\/2026\/02\/bidzil-blue-2f1000.png\",\"contentUrl\":\"https:\/\/www.wolfcamper.com\/wp-content\/uploads\/2026\/02\/bidzil-blue-2f1000.png\",\"width\":1000,\"height\":1000},{\"@type\":\"BreadcrumbList\",\"@id\":\"https:\/\/www.wolfcamper.com\/da\/vare\/bidzil-unisex-outdoorbuks-blaa\/#breadcrumb\",\"itemListElement\":[{\"@type\":\"ListItem\",\"position\":1,\"name\":\"Home\",\"item\":\"https:\/\/www.wolfcamper.com\/da\/\"},{\"@type\":\"ListItem\",\"position\":2,\"name\":\"Shop\",\"item\":\"https:\/\/www.wolfcamper.com\/da\/shop\/\"},{\"@type\":\"ListItem\",\"position\":3,\"name\":\"Bidzil unisex outdoorbuks &#8211; bl\u00e5\"}]},{\"@type\":\"WebSite\",\"@id\":\"https:\/\/www.wolfcamper.com\/da\/#website\",\"url\":\"https:\/\/www.wolfcamper.com\/da\/\",\"name\":\"Wolf Camper\",\"description\":\"Wolf Camper\",\"potentialAction\":[{\"@type\":\"SearchAction\",\"target\":{\"@type\":\"EntryPoint\",\"urlTemplate\":\"https:\/\/www.wolfcamper.com\/da\/?s={search_term_string}\"},\"query-input\":{\"@type\":\"PropertyValueSpecification\",\"valueRequired\":true,\"valueName\":\"search_term_string\"}}],\"inLanguage\":\"da-DK\"}]}<\/script>\n<!-- \/ Yoast SEO plugin. -->","yoast_head_json":{"title":"Bidzil unisex outdoorbuks - bl\u00e5 - Wolf Camper","robots":{"index":"index","follow":"follow","max-snippet":"max-snippet:-1","max-image-preview":"max-image-preview:large","max-video-preview":"max-video-preview:-1"},"canonical":"https:\/\/www.wolfcamper.com\/da\/vare\/bidzil-unisex-outdoorbuks-blaa\/","og_locale":"da_DK","og_type":"article","og_title":"Bidzil unisex outdoorbuks - bl\u00e5 - Wolf Camper","og_description":"En super buks til eventyrlystne sj\u00e6le. Bukserne er fremstillet i en kombination af komfortabel, str\u00e6kbar polyester, og er forst\u00e6rket med slidst\u00e6rk polyester\/bomuld forrest p\u00e5 benene, p\u00e5 l\u00e6ggen og p\u00e5 bagdelen. Derved har vi lavet en buks som giver dig ultimativ frihed, samtidig med at de er godt beskyttet mod strabadser.  Bukserne har flere funktionelle detaljer:   Rummelige l\u00e5rlommer med plads til lidt af hvert.  Skjult elastiklomme til mobiltelefon i den ene l\u00e5rlomme  Elastik i taljen.  Bidzil er en buks som er fremstillet til at bruge derude hvor eventyret venter!","og_url":"https:\/\/www.wolfcamper.com\/da\/vare\/bidzil-unisex-outdoorbuks-blaa\/","og_site_name":"Wolf Camper","article_modified_time":"2026-05-16T11:13:36+00:00","og_image":[{"width":1000,"height":1000,"url":"https:\/\/www.wolfcamper.com\/wp-content\/uploads\/2026\/02\/bidzil-blue-2f1000.png","type":"image\/png"}],"twitter_card":"summary_large_image","twitter_misc":{"Estimeret l\u00e6setid":"1 minut"},"schema":{"@context":"https:\/\/schema.org","@graph":[{"@type":"WebPage","@id":"https:\/\/www.wolfcamper.com\/da\/vare\/bidzil-unisex-outdoorbuks-blaa\/","url":"https:\/\/www.wolfcamper.com\/da\/vare\/bidzil-unisex-outdoorbuks-blaa\/","name":"Bidzil unisex outdoorbuks - bl\u00e5 - Wolf Camper","isPartOf":{"@id":"https:\/\/www.wolfcamper.com\/da\/#website"},"primaryImageOfPage":{"@id":"https:\/\/www.wolfcamper.com\/da\/vare\/bidzil-unisex-outdoorbuks-blaa\/#primaryimage"},"image":{"@id":"https:\/\/www.wolfcamper.com\/da\/vare\/bidzil-unisex-outdoorbuks-blaa\/#primaryimage"},"thumbnailUrl":"https:\/\/www.wolfcamper.com\/wp-content\/uploads\/2026\/02\/bidzil-blue-2f1000.png","datePublished":"2026-02-12T13:34:07+00:00","dateModified":"2026-05-16T11:13:36+00:00","breadcrumb":{"@id":"https:\/\/www.wolfcamper.com\/da\/vare\/bidzil-unisex-outdoorbuks-blaa\/#breadcrumb"},"inLanguage":"da-DK","potentialAction":[{"@type":"ReadAction","target":["https:\/\/www.wolfcamper.com\/da\/vare\/bidzil-unisex-outdoorbuks-blaa\/"]}]},{"@type":"ImageObject","inLanguage":"da-DK","@id":"https:\/\/www.wolfcamper.com\/da\/vare\/bidzil-unisex-outdoorbuks-blaa\/#primaryimage","url":"https:\/\/www.wolfcamper.com\/wp-content\/uploads\/2026\/02\/bidzil-blue-2f1000.png","contentUrl":"https:\/\/www.wolfcamper.com\/wp-content\/uploads\/2026\/02\/bidzil-blue-2f1000.png","width":1000,"height":1000},{"@type":"BreadcrumbList","@id":"https:\/\/www.wolfcamper.com\/da\/vare\/bidzil-unisex-outdoorbuks-blaa\/#breadcrumb","itemListElement":[{"@type":"ListItem","position":1,"name":"Home","item":"https:\/\/www.wolfcamper.com\/da\/"},{"@type":"ListItem","position":2,"name":"Shop","item":"https:\/\/www.wolfcamper.com\/da\/shop\/"},{"@type":"ListItem","position":3,"name":"Bidzil unisex outdoorbuks &#8211; bl\u00e5"}]},{"@type":"WebSite","@id":"https:\/\/www.wolfcamper.com\/da\/#website","url":"https:\/\/www.wolfcamper.com\/da\/","name":"Wolf Camper","description":"Wolf Camper","potentialAction":[{"@type":"SearchAction","target":{"@type":"EntryPoint","urlTemplate":"https:\/\/www.wolfcamper.com\/da\/?s={search_term_string}"},"query-input":{"@type":"PropertyValueSpecification","valueRequired":true,"valueName":"search_term_string"}}],"inLanguage":"da-DK"}]}},"_links":{"self":[{"href":"https:\/\/www.wolfcamper.com\/da\/wp-json\/wp\/v2\/product\/105374","targetHints":{"allow":["GET"]}}],"collection":[{"href":"https:\/\/www.wolfcamper.com\/da\/wp-json\/wp\/v2\/product"}],"about":[{"href":"https:\/\/www.wolfcamper.com\/da\/wp-json\/wp\/v2\/types\/product"}],"wp:featuredmedia":[{"embeddable":true,"href":"https:\/\/www.wolfcamper.com\/da\/wp-json\/wp\/v2\/media\/106582"}],"wp:attachment":[{"href":"https:\/\/www.wolfcamper.com\/da\/wp-json\/wp\/v2\/media?parent=105374"}],"wp:term":[{"taxonomy":"product_brand","embeddable":true,"href":"https:\/\/www.wolfcamper.com\/da\/wp-json\/wp\/v2\/product_brand?post=105374"},{"taxonomy":"product_cat","embeddable":true,"href":"https:\/\/www.wolfcamper.com\/da\/wp-json\/wp\/v2\/product_cat?post=105374"},{"taxonomy":"product_tag","embeddable":true,"href":"https:\/\/www.wolfcamper.com\/da\/wp-json\/wp\/v2\/product_tag?post=105374"}],"curies":[{"name":"wp","href":"https:\/\/api.w.org\/{rel}","templated":true}]}}