{"id":102145,"date":"2025-10-27T10:03:47","date_gmt":"2025-10-27T09:03:47","guid":{"rendered":"https:\/\/www.wolfcamper.com\/?post_type=product&#038;p=102145"},"modified":"2026-05-16T11:31:21","modified_gmt":"2026-05-16T09:31:21","slug":"tasilaq-unisex-skalbuks-blaa-sort","status":"publish","type":"product","link":"https:\/\/www.wolfcamper.com\/da\/vare\/tasilaq-unisex-skalbuks-blaa-sort\/","title":{"rendered":"Tasilaq unisex skalbuks &#8211; bl\u00e5"},"content":{"rendered":"","protected":false},"excerpt":{"rendered":"<h3>L\u00e6kker vandt\u00e6t og slidst\u00e6rk skalbuks til damer og herrer!<\/h3>\n<p>Tasilaq er fremstillet i nylon med vandt\u00e6t PFC fri membran. Det betyder at Tasilaq er fuldst\u00e6ndig vind- og vandt\u00e6t, samtidig med at den er \u00e5ndbar. Inden i bukserne er der syet en tynd lining, som giver bedre komfort. Den har polyesterforst\u00e6rkninger p\u00e5 kn\u00e6, rumpe og indersiden af anklerne \u2013 det vil sige alle slidflader er ekstra forst\u00e6rket. Da Tasilaq er vandt\u00e6t, kan den ogs\u00e5 sagtens bruges som regnbukser. Med Tasilaq f\u00e5r du et par bukser som virkelig kan t\u00e5le \u201dmosten\u201d n\u00e5r du befinder dig derude.<\/p>\n","protected":false},"featured_media":104855,"template":"","meta":{"_acf_changed":false,"_price":"999","_stock":"","_tribe_ticket_header":"","_tribe_default_ticket_provider":"","_tribe_ticket_capacity":"0","_ticket_start_date":"","_ticket_end_date":"","_tribe_ticket_show_description":"","_tribe_ticket_show_not_going":false,"_tribe_ticket_use_global_stock":"","_tribe_ticket_global_stock_level":"","_global_stock_mode":"","_global_stock_cap":"","_tribe_rsvp_for_event":"","_tribe_ticket_going_count":"","_tribe_ticket_not_going_count":"","_tribe_tickets_list":"[]","_tribe_ticket_has_attendee_info_fields":false,"_tec_slr_enabled":"","_tec_slr_layout":""},"product_brand":[],"product_cat":[2148,1991,2007,605,616,16,667,658,684],"product_tag":[],"class_list":{"0":"post-102145","1":"product","2":"type-product","3":"status-publish","4":"has-post-thumbnail","6":"product_cat-funktionel-beklaedning-til-efteraaret","7":"product_cat-outdoorbukser","8":"product_cat-vintertoj","9":"product_cat-bukser-dame-2","10":"product_cat-helarsbukser-dame","11":"product_cat-produkter","12":"product_cat-herre-trekking","13":"product_cat-bukser-herrer-2","14":"product_cat-helarsbukser-herre","15":"pa_vaelg-stoerrelse-x-small","16":"pa_vaelg-stoerrelse-small","17":"pa_vaelg-stoerrelse-medium","18":"pa_vaelg-stoerrelse-large","19":"pa_vaelg-stoerrelse-x-large","20":"pa_vaelg-stoerrelse-xx-large","21":"pa_vaelg-stoerrelse-3xl","23":"first","24":"instock","25":"taxable","26":"shipping-taxable","27":"purchasable","28":"product-type-variable","29":"rtwpvs-product"},"acf":[],"yoast_head":"<!-- This site is optimized with the Yoast SEO plugin v26.0 - https:\/\/yoast.com\/wordpress\/plugins\/seo\/ -->\n<title>Tasilaq unisex skalbuks - bl\u00e5 - Wolf Camper<\/title>\n<meta name=\"robots\" content=\"index, follow, max-snippet:-1, max-image-preview:large, max-video-preview:-1\" \/>\n<link rel=\"canonical\" href=\"https:\/\/www.wolfcamper.com\/da\/vare\/tasilaq-unisex-skalbuks-blaa-sort\/\" \/>\n<meta property=\"og:locale\" content=\"da_DK\" \/>\n<meta property=\"og:type\" content=\"article\" \/>\n<meta property=\"og:title\" content=\"Tasilaq unisex skalbuks - bl\u00e5 - Wolf Camper\" \/>\n<meta property=\"og:description\" content=\"L\u00e6kker vandt\u00e6t og slidst\u00e6rk skalbuks til damer og herrer! Tasilaq er fremstillet i nylon med vandt\u00e6t PFC fri membran. Det betyder at Tasilaq er fuldst\u00e6ndig vind- og vandt\u00e6t, samtidig med at den er \u00e5ndbar. Inden i bukserne er der syet en tynd lining, som giver bedre komfort. Den har polyesterforst\u00e6rkninger p\u00e5 kn\u00e6, rumpe og indersiden af anklerne \u2013 det vil sige alle slidflader er ekstra forst\u00e6rket. Da Tasilaq er vandt\u00e6t, kan den ogs\u00e5 sagtens bruges som regnbukser. Med Tasilaq f\u00e5r du et par bukser som virkelig kan t\u00e5le \u201dmosten\u201d n\u00e5r du befinder dig derude.\" \/>\n<meta property=\"og:url\" content=\"https:\/\/www.wolfcamper.com\/da\/vare\/tasilaq-unisex-skalbuks-blaa-sort\/\" \/>\n<meta property=\"og:site_name\" content=\"Wolf Camper\" \/>\n<meta property=\"article:modified_time\" content=\"2026-05-16T09:31:21+00:00\" \/>\n<meta property=\"og:image\" content=\"https:\/\/www.wolfcamper.com\/wp-content\/uploads\/2025\/10\/tasilaq-2f1000.png\" \/>\n\t<meta property=\"og:image:width\" content=\"1000\" \/>\n\t<meta property=\"og:image:height\" content=\"1000\" \/>\n\t<meta property=\"og:image:type\" content=\"image\/png\" \/>\n<meta name=\"twitter:card\" content=\"summary_large_image\" \/>\n<meta name=\"twitter:label1\" content=\"Estimeret l\u00e6setid\" \/>\n\t<meta name=\"twitter:data1\" content=\"1 minut\" \/>\n<script type=\"application\/ld+json\" class=\"yoast-schema-graph\">{\"@context\":\"https:\/\/schema.org\",\"@graph\":[{\"@type\":\"WebPage\",\"@id\":\"https:\/\/www.wolfcamper.com\/da\/vare\/tasilaq-unisex-skalbuks-blaa-sort\/\",\"url\":\"https:\/\/www.wolfcamper.com\/da\/vare\/tasilaq-unisex-skalbuks-blaa-sort\/\",\"name\":\"Tasilaq unisex skalbuks - bl\u00e5 - Wolf Camper\",\"isPartOf\":{\"@id\":\"https:\/\/www.wolfcamper.com\/da\/#website\"},\"primaryImageOfPage\":{\"@id\":\"https:\/\/www.wolfcamper.com\/da\/vare\/tasilaq-unisex-skalbuks-blaa-sort\/#primaryimage\"},\"image\":{\"@id\":\"https:\/\/www.wolfcamper.com\/da\/vare\/tasilaq-unisex-skalbuks-blaa-sort\/#primaryimage\"},\"thumbnailUrl\":\"https:\/\/www.wolfcamper.com\/wp-content\/uploads\/2025\/10\/tasilaq-2f1000.png\",\"datePublished\":\"2025-10-27T09:03:47+00:00\",\"dateModified\":\"2026-05-16T09:31:21+00:00\",\"breadcrumb\":{\"@id\":\"https:\/\/www.wolfcamper.com\/da\/vare\/tasilaq-unisex-skalbuks-blaa-sort\/#breadcrumb\"},\"inLanguage\":\"da-DK\",\"potentialAction\":[{\"@type\":\"ReadAction\",\"target\":[\"https:\/\/www.wolfcamper.com\/da\/vare\/tasilaq-unisex-skalbuks-blaa-sort\/\"]}]},{\"@type\":\"ImageObject\",\"inLanguage\":\"da-DK\",\"@id\":\"https:\/\/www.wolfcamper.com\/da\/vare\/tasilaq-unisex-skalbuks-blaa-sort\/#primaryimage\",\"url\":\"https:\/\/www.wolfcamper.com\/wp-content\/uploads\/2025\/10\/tasilaq-2f1000.png\",\"contentUrl\":\"https:\/\/www.wolfcamper.com\/wp-content\/uploads\/2025\/10\/tasilaq-2f1000.png\",\"width\":1000,\"height\":1000},{\"@type\":\"BreadcrumbList\",\"@id\":\"https:\/\/www.wolfcamper.com\/da\/vare\/tasilaq-unisex-skalbuks-blaa-sort\/#breadcrumb\",\"itemListElement\":[{\"@type\":\"ListItem\",\"position\":1,\"name\":\"Home\",\"item\":\"https:\/\/www.wolfcamper.com\/da\/\"},{\"@type\":\"ListItem\",\"position\":2,\"name\":\"Shop\",\"item\":\"https:\/\/www.wolfcamper.com\/da\/shop\/\"},{\"@type\":\"ListItem\",\"position\":3,\"name\":\"Tasilaq unisex skalbuks &#8211; bl\u00e5\"}]},{\"@type\":\"WebSite\",\"@id\":\"https:\/\/www.wolfcamper.com\/da\/#website\",\"url\":\"https:\/\/www.wolfcamper.com\/da\/\",\"name\":\"Wolf Camper\",\"description\":\"Wolf Camper\",\"potentialAction\":[{\"@type\":\"SearchAction\",\"target\":{\"@type\":\"EntryPoint\",\"urlTemplate\":\"https:\/\/www.wolfcamper.com\/da\/?s={search_term_string}\"},\"query-input\":{\"@type\":\"PropertyValueSpecification\",\"valueRequired\":true,\"valueName\":\"search_term_string\"}}],\"inLanguage\":\"da-DK\"}]}<\/script>\n<!-- \/ Yoast SEO plugin. -->","yoast_head_json":{"title":"Tasilaq unisex skalbuks - bl\u00e5 - Wolf Camper","robots":{"index":"index","follow":"follow","max-snippet":"max-snippet:-1","max-image-preview":"max-image-preview:large","max-video-preview":"max-video-preview:-1"},"canonical":"https:\/\/www.wolfcamper.com\/da\/vare\/tasilaq-unisex-skalbuks-blaa-sort\/","og_locale":"da_DK","og_type":"article","og_title":"Tasilaq unisex skalbuks - bl\u00e5 - Wolf Camper","og_description":"L\u00e6kker vandt\u00e6t og slidst\u00e6rk skalbuks til damer og herrer! Tasilaq er fremstillet i nylon med vandt\u00e6t PFC fri membran. Det betyder at Tasilaq er fuldst\u00e6ndig vind- og vandt\u00e6t, samtidig med at den er \u00e5ndbar. Inden i bukserne er der syet en tynd lining, som giver bedre komfort. Den har polyesterforst\u00e6rkninger p\u00e5 kn\u00e6, rumpe og indersiden af anklerne \u2013 det vil sige alle slidflader er ekstra forst\u00e6rket. Da Tasilaq er vandt\u00e6t, kan den ogs\u00e5 sagtens bruges som regnbukser. Med Tasilaq f\u00e5r du et par bukser som virkelig kan t\u00e5le \u201dmosten\u201d n\u00e5r du befinder dig derude.","og_url":"https:\/\/www.wolfcamper.com\/da\/vare\/tasilaq-unisex-skalbuks-blaa-sort\/","og_site_name":"Wolf Camper","article_modified_time":"2026-05-16T09:31:21+00:00","og_image":[{"width":1000,"height":1000,"url":"https:\/\/www.wolfcamper.com\/wp-content\/uploads\/2025\/10\/tasilaq-2f1000.png","type":"image\/png"}],"twitter_card":"summary_large_image","twitter_misc":{"Estimeret l\u00e6setid":"1 minut"},"schema":{"@context":"https:\/\/schema.org","@graph":[{"@type":"WebPage","@id":"https:\/\/www.wolfcamper.com\/da\/vare\/tasilaq-unisex-skalbuks-blaa-sort\/","url":"https:\/\/www.wolfcamper.com\/da\/vare\/tasilaq-unisex-skalbuks-blaa-sort\/","name":"Tasilaq unisex skalbuks - bl\u00e5 - Wolf Camper","isPartOf":{"@id":"https:\/\/www.wolfcamper.com\/da\/#website"},"primaryImageOfPage":{"@id":"https:\/\/www.wolfcamper.com\/da\/vare\/tasilaq-unisex-skalbuks-blaa-sort\/#primaryimage"},"image":{"@id":"https:\/\/www.wolfcamper.com\/da\/vare\/tasilaq-unisex-skalbuks-blaa-sort\/#primaryimage"},"thumbnailUrl":"https:\/\/www.wolfcamper.com\/wp-content\/uploads\/2025\/10\/tasilaq-2f1000.png","datePublished":"2025-10-27T09:03:47+00:00","dateModified":"2026-05-16T09:31:21+00:00","breadcrumb":{"@id":"https:\/\/www.wolfcamper.com\/da\/vare\/tasilaq-unisex-skalbuks-blaa-sort\/#breadcrumb"},"inLanguage":"da-DK","potentialAction":[{"@type":"ReadAction","target":["https:\/\/www.wolfcamper.com\/da\/vare\/tasilaq-unisex-skalbuks-blaa-sort\/"]}]},{"@type":"ImageObject","inLanguage":"da-DK","@id":"https:\/\/www.wolfcamper.com\/da\/vare\/tasilaq-unisex-skalbuks-blaa-sort\/#primaryimage","url":"https:\/\/www.wolfcamper.com\/wp-content\/uploads\/2025\/10\/tasilaq-2f1000.png","contentUrl":"https:\/\/www.wolfcamper.com\/wp-content\/uploads\/2025\/10\/tasilaq-2f1000.png","width":1000,"height":1000},{"@type":"BreadcrumbList","@id":"https:\/\/www.wolfcamper.com\/da\/vare\/tasilaq-unisex-skalbuks-blaa-sort\/#breadcrumb","itemListElement":[{"@type":"ListItem","position":1,"name":"Home","item":"https:\/\/www.wolfcamper.com\/da\/"},{"@type":"ListItem","position":2,"name":"Shop","item":"https:\/\/www.wolfcamper.com\/da\/shop\/"},{"@type":"ListItem","position":3,"name":"Tasilaq unisex skalbuks &#8211; bl\u00e5"}]},{"@type":"WebSite","@id":"https:\/\/www.wolfcamper.com\/da\/#website","url":"https:\/\/www.wolfcamper.com\/da\/","name":"Wolf Camper","description":"Wolf Camper","potentialAction":[{"@type":"SearchAction","target":{"@type":"EntryPoint","urlTemplate":"https:\/\/www.wolfcamper.com\/da\/?s={search_term_string}"},"query-input":{"@type":"PropertyValueSpecification","valueRequired":true,"valueName":"search_term_string"}}],"inLanguage":"da-DK"}]}},"_links":{"self":[{"href":"https:\/\/www.wolfcamper.com\/da\/wp-json\/wp\/v2\/product\/102145","targetHints":{"allow":["GET"]}}],"collection":[{"href":"https:\/\/www.wolfcamper.com\/da\/wp-json\/wp\/v2\/product"}],"about":[{"href":"https:\/\/www.wolfcamper.com\/da\/wp-json\/wp\/v2\/types\/product"}],"wp:featuredmedia":[{"embeddable":true,"href":"https:\/\/www.wolfcamper.com\/da\/wp-json\/wp\/v2\/media\/104855"}],"wp:attachment":[{"href":"https:\/\/www.wolfcamper.com\/da\/wp-json\/wp\/v2\/media?parent=102145"}],"wp:term":[{"taxonomy":"product_brand","embeddable":true,"href":"https:\/\/www.wolfcamper.com\/da\/wp-json\/wp\/v2\/product_brand?post=102145"},{"taxonomy":"product_cat","embeddable":true,"href":"https:\/\/www.wolfcamper.com\/da\/wp-json\/wp\/v2\/product_cat?post=102145"},{"taxonomy":"product_tag","embeddable":true,"href":"https:\/\/www.wolfcamper.com\/da\/wp-json\/wp\/v2\/product_tag?post=102145"}],"curies":[{"name":"wp","href":"https:\/\/api.w.org\/{rel}","templated":true}]}}