{"id":102139,"date":"2025-10-21T11:31:43","date_gmt":"2025-10-21T09:31:43","guid":{"rendered":"https:\/\/www.wolfcamper.com\/?post_type=product&#038;p=102139"},"modified":"2026-04-09T14:25:43","modified_gmt":"2026-04-09T12:25:43","slug":"ilulissat-vinterjakke-til-damer-moerkeblaa","status":"publish","type":"product","link":"https:\/\/www.wolfcamper.com\/da\/vare\/ilulissat-vinterjakke-til-damer-moerkeblaa\/","title":{"rendered":"Ilulissat vinterjakke til damer &#8211; M\u00f8rkebl\u00e5"},"content":{"rendered":"","protected":false},"excerpt":{"rendered":"<h3>Utrolig komfortabel vinterjakke!<\/h3>\n<p>Suver\u00e6n vinterjakke med super komfort. Jakken er foret med bl\u00f8de, vamsede polysterfibre. Og det vind- og vandt\u00e6tte yderstof holder dig t\u00f8r og komfortabel. Jakken har PFC fri membran, og forseglede syninger. Den justerbare h\u00e6tte kan sn\u00f8res ind til hovedet, og den bl\u00f8de, aftagelige kunstpels-krave s\u00e6tter bare en tyk streg under det h\u00f8je niveau denne jakke befinder sig p\u00e5. Jakken har et v\u00e6ld af smarte detaljer og flotte broderinger. Dette er bare en vinterjakke, som du gl\u00e6der dig til at bruge igen og igen!<\/p>\n<p><strong>Af de mange detaljer kan n\u00e6vnes:<\/strong><\/p>\n<ul>\n<li>PFC fri membran med et vands\u00f8jletryk p\u00e5 10.000 mm &#8211; og et \u00e5ndbarhedstal p\u00e5 5.000g\/m2\/24hrs<\/li>\n<li>Store rummelige lommer<\/li>\n<li>Justerbar h\u00e6tte med aftagelig kunstpels-krave<\/li>\n<li>YKK lynl\u00e5se<\/li>\n<li>Indvendig windstopper ved h\u00e5ndled<\/li>\n<li>Inderlomme med lynl\u00e5s<\/li>\n<li>Refleksb\u00e5nd i h\u00f8jre lomme<\/li>\n<li>Easy-pull elasik for justering ved hofte og bund<\/li>\n<\/ul>\n<p>Her er simpelthen tale om en vinterjakke i den absolutte superliga. Du kan l\u00e6se mere om \u00e5ndbarhed og vands\u00f8jletryk <a href=\"https:\/\/www.wolfcamper.com\/da\/styr-paa-aandbarhed-og-vandsoejletryk\/\" target=\"_blank\" rel=\"noopener\"><strong>her<\/strong><\/a>.<\/p>\n","protected":false},"featured_media":102280,"template":"","meta":{"_acf_changed":false,"_price":"1699","_stock":"","_tribe_ticket_header":"","_tribe_default_ticket_provider":"","_tribe_ticket_capacity":"0","_ticket_start_date":"","_ticket_end_date":"","_tribe_ticket_show_description":"","_tribe_ticket_show_not_going":false,"_tribe_ticket_use_global_stock":"","_tribe_ticket_global_stock_level":"","_global_stock_mode":"","_global_stock_cap":"","_tribe_rsvp_for_event":"","_tribe_ticket_going_count":"","_tribe_ticket_not_going_count":"","_tribe_tickets_list":"[]","_tribe_ticket_has_attendee_info_fields":false,"_tec_slr_enabled":"","_tec_slr_layout":""},"product_brand":[],"product_cat":[2222,2031,2064,2038,2074,2008,2007,598,16,604],"product_tag":[],"class_list":{"0":"post-102139","1":"product","2":"type-product","3":"status-publish","4":"has-post-thumbnail","6":"product_cat-narsaq-og-ilulissat","7":"product_cat-skaljakker","8":"product_cat-vandtaet-toej-til-damer-og-herrer","9":"product_cat-jakker22","10":"product_cat-vinterjakker","11":"product_cat-vintertoj-damer","12":"product_cat-vintertoj","13":"product_cat-dametoj","14":"product_cat-produkter","15":"product_cat-jakker-dame","16":"pa_vaelg-stoerrelse-small","17":"pa_vaelg-stoerrelse-medium","18":"pa_vaelg-stoerrelse-large","19":"pa_vaelg-stoerrelse-x-large","20":"pa_vaelg-stoerrelse-xx-large","22":"first","23":"instock","24":"taxable","25":"shipping-taxable","26":"purchasable","27":"product-type-variable","28":"rtwpvs-product"},"acf":[],"yoast_head":"<!-- This site is optimized with the Yoast SEO plugin v26.0 - https:\/\/yoast.com\/wordpress\/plugins\/seo\/ -->\n<title>Ilulissat vinterjakke til damer - M\u00f8rkebl\u00e5 - Wolf Camper<\/title>\n<meta name=\"robots\" content=\"index, follow, max-snippet:-1, max-image-preview:large, max-video-preview:-1\" \/>\n<link rel=\"canonical\" href=\"https:\/\/www.wolfcamper.com\/da\/vare\/ilulissat-vinterjakke-til-damer-moerkeblaa\/\" \/>\n<meta property=\"og:locale\" content=\"da_DK\" \/>\n<meta property=\"og:type\" content=\"article\" \/>\n<meta property=\"og:title\" content=\"Ilulissat vinterjakke til damer - M\u00f8rkebl\u00e5 - Wolf Camper\" \/>\n<meta property=\"og:description\" content=\"Utrolig komfortabel vinterjakke! Suver\u00e6n vinterjakke med super komfort. Jakken er foret med bl\u00f8de, vamsede polysterfibre. Og det vind- og vandt\u00e6tte yderstof holder dig t\u00f8r og komfortabel. Jakken har PFC fri membran, og forseglede syninger. Den justerbare h\u00e6tte kan sn\u00f8res ind til hovedet, og den bl\u00f8de, aftagelige kunstpels-krave s\u00e6tter bare en tyk streg under det h\u00f8je niveau denne jakke befinder sig p\u00e5. Jakken har et v\u00e6ld af smarte detaljer og flotte broderinger. Dette er bare en vinterjakke, som du gl\u00e6der dig til at bruge igen og igen!  Af de mange detaljer kan n\u00e6vnes:   PFC fri membran med et vands\u00f8jletryk p\u00e5 10.000 mm - og et \u00e5ndbarhedstal p\u00e5 5.000g\/m2\/24hrs  Store rummelige lommer  Justerbar h\u00e6tte med aftagelig kunstpels-krave  YKK lynl\u00e5se  Indvendig windstopper ved h\u00e5ndled  Inderlomme med lynl\u00e5s  Refleksb\u00e5nd i h\u00f8jre lomme  Easy-pull elasik for justering ved hofte og bund  Her er simpelthen tale om en vinterjakke i den absolutte superliga. Du kan l\u00e6se mere om \u00e5ndbarhed og vands\u00f8jletryk her.\" \/>\n<meta property=\"og:url\" content=\"https:\/\/www.wolfcamper.com\/da\/vare\/ilulissat-vinterjakke-til-damer-moerkeblaa\/\" \/>\n<meta property=\"og:site_name\" content=\"Wolf Camper\" \/>\n<meta property=\"article:modified_time\" content=\"2026-04-09T12:25:43+00:00\" \/>\n<meta property=\"og:image\" content=\"https:\/\/www.wolfcamper.com\/wp-content\/uploads\/2025\/10\/ilulissat_1.png\" \/>\n\t<meta property=\"og:image:width\" content=\"1000\" \/>\n\t<meta property=\"og:image:height\" content=\"1000\" \/>\n\t<meta property=\"og:image:type\" content=\"image\/png\" \/>\n<meta name=\"twitter:card\" content=\"summary_large_image\" \/>\n<meta name=\"twitter:label1\" content=\"Estimeret l\u00e6setid\" \/>\n\t<meta name=\"twitter:data1\" content=\"1 minut\" \/>\n<script type=\"application\/ld+json\" class=\"yoast-schema-graph\">{\"@context\":\"https:\/\/schema.org\",\"@graph\":[{\"@type\":\"WebPage\",\"@id\":\"https:\/\/www.wolfcamper.com\/da\/vare\/ilulissat-vinterjakke-til-damer-moerkeblaa\/\",\"url\":\"https:\/\/www.wolfcamper.com\/da\/vare\/ilulissat-vinterjakke-til-damer-moerkeblaa\/\",\"name\":\"Ilulissat vinterjakke til damer - M\u00f8rkebl\u00e5 - Wolf Camper\",\"isPartOf\":{\"@id\":\"https:\/\/www.wolfcamper.com\/da\/#website\"},\"primaryImageOfPage\":{\"@id\":\"https:\/\/www.wolfcamper.com\/da\/vare\/ilulissat-vinterjakke-til-damer-moerkeblaa\/#primaryimage\"},\"image\":{\"@id\":\"https:\/\/www.wolfcamper.com\/da\/vare\/ilulissat-vinterjakke-til-damer-moerkeblaa\/#primaryimage\"},\"thumbnailUrl\":\"https:\/\/www.wolfcamper.com\/wp-content\/uploads\/2025\/10\/ilulissat_1.png\",\"datePublished\":\"2025-10-21T09:31:43+00:00\",\"dateModified\":\"2026-04-09T12:25:43+00:00\",\"breadcrumb\":{\"@id\":\"https:\/\/www.wolfcamper.com\/da\/vare\/ilulissat-vinterjakke-til-damer-moerkeblaa\/#breadcrumb\"},\"inLanguage\":\"da-DK\",\"potentialAction\":[{\"@type\":\"ReadAction\",\"target\":[\"https:\/\/www.wolfcamper.com\/da\/vare\/ilulissat-vinterjakke-til-damer-moerkeblaa\/\"]}]},{\"@type\":\"ImageObject\",\"inLanguage\":\"da-DK\",\"@id\":\"https:\/\/www.wolfcamper.com\/da\/vare\/ilulissat-vinterjakke-til-damer-moerkeblaa\/#primaryimage\",\"url\":\"https:\/\/www.wolfcamper.com\/wp-content\/uploads\/2025\/10\/ilulissat_1.png\",\"contentUrl\":\"https:\/\/www.wolfcamper.com\/wp-content\/uploads\/2025\/10\/ilulissat_1.png\",\"width\":1000,\"height\":1000},{\"@type\":\"BreadcrumbList\",\"@id\":\"https:\/\/www.wolfcamper.com\/da\/vare\/ilulissat-vinterjakke-til-damer-moerkeblaa\/#breadcrumb\",\"itemListElement\":[{\"@type\":\"ListItem\",\"position\":1,\"name\":\"Home\",\"item\":\"https:\/\/www.wolfcamper.com\/da\/\"},{\"@type\":\"ListItem\",\"position\":2,\"name\":\"Shop\",\"item\":\"https:\/\/www.wolfcamper.com\/da\/shop\/\"},{\"@type\":\"ListItem\",\"position\":3,\"name\":\"Ilulissat vinterjakke til damer &#8211; M\u00f8rkebl\u00e5\"}]},{\"@type\":\"WebSite\",\"@id\":\"https:\/\/www.wolfcamper.com\/da\/#website\",\"url\":\"https:\/\/www.wolfcamper.com\/da\/\",\"name\":\"Wolf Camper\",\"description\":\"Wolf Camper\",\"potentialAction\":[{\"@type\":\"SearchAction\",\"target\":{\"@type\":\"EntryPoint\",\"urlTemplate\":\"https:\/\/www.wolfcamper.com\/da\/?s={search_term_string}\"},\"query-input\":{\"@type\":\"PropertyValueSpecification\",\"valueRequired\":true,\"valueName\":\"search_term_string\"}}],\"inLanguage\":\"da-DK\"}]}<\/script>\n<!-- \/ Yoast SEO plugin. -->","yoast_head_json":{"title":"Ilulissat vinterjakke til damer - M\u00f8rkebl\u00e5 - Wolf Camper","robots":{"index":"index","follow":"follow","max-snippet":"max-snippet:-1","max-image-preview":"max-image-preview:large","max-video-preview":"max-video-preview:-1"},"canonical":"https:\/\/www.wolfcamper.com\/da\/vare\/ilulissat-vinterjakke-til-damer-moerkeblaa\/","og_locale":"da_DK","og_type":"article","og_title":"Ilulissat vinterjakke til damer - M\u00f8rkebl\u00e5 - Wolf Camper","og_description":"Utrolig komfortabel vinterjakke! Suver\u00e6n vinterjakke med super komfort. Jakken er foret med bl\u00f8de, vamsede polysterfibre. Og det vind- og vandt\u00e6tte yderstof holder dig t\u00f8r og komfortabel. Jakken har PFC fri membran, og forseglede syninger. Den justerbare h\u00e6tte kan sn\u00f8res ind til hovedet, og den bl\u00f8de, aftagelige kunstpels-krave s\u00e6tter bare en tyk streg under det h\u00f8je niveau denne jakke befinder sig p\u00e5. Jakken har et v\u00e6ld af smarte detaljer og flotte broderinger. Dette er bare en vinterjakke, som du gl\u00e6der dig til at bruge igen og igen!  Af de mange detaljer kan n\u00e6vnes:   PFC fri membran med et vands\u00f8jletryk p\u00e5 10.000 mm - og et \u00e5ndbarhedstal p\u00e5 5.000g\/m2\/24hrs  Store rummelige lommer  Justerbar h\u00e6tte med aftagelig kunstpels-krave  YKK lynl\u00e5se  Indvendig windstopper ved h\u00e5ndled  Inderlomme med lynl\u00e5s  Refleksb\u00e5nd i h\u00f8jre lomme  Easy-pull elasik for justering ved hofte og bund  Her er simpelthen tale om en vinterjakke i den absolutte superliga. Du kan l\u00e6se mere om \u00e5ndbarhed og vands\u00f8jletryk her.","og_url":"https:\/\/www.wolfcamper.com\/da\/vare\/ilulissat-vinterjakke-til-damer-moerkeblaa\/","og_site_name":"Wolf Camper","article_modified_time":"2026-04-09T12:25:43+00:00","og_image":[{"width":1000,"height":1000,"url":"https:\/\/www.wolfcamper.com\/wp-content\/uploads\/2025\/10\/ilulissat_1.png","type":"image\/png"}],"twitter_card":"summary_large_image","twitter_misc":{"Estimeret l\u00e6setid":"1 minut"},"schema":{"@context":"https:\/\/schema.org","@graph":[{"@type":"WebPage","@id":"https:\/\/www.wolfcamper.com\/da\/vare\/ilulissat-vinterjakke-til-damer-moerkeblaa\/","url":"https:\/\/www.wolfcamper.com\/da\/vare\/ilulissat-vinterjakke-til-damer-moerkeblaa\/","name":"Ilulissat vinterjakke til damer - M\u00f8rkebl\u00e5 - Wolf Camper","isPartOf":{"@id":"https:\/\/www.wolfcamper.com\/da\/#website"},"primaryImageOfPage":{"@id":"https:\/\/www.wolfcamper.com\/da\/vare\/ilulissat-vinterjakke-til-damer-moerkeblaa\/#primaryimage"},"image":{"@id":"https:\/\/www.wolfcamper.com\/da\/vare\/ilulissat-vinterjakke-til-damer-moerkeblaa\/#primaryimage"},"thumbnailUrl":"https:\/\/www.wolfcamper.com\/wp-content\/uploads\/2025\/10\/ilulissat_1.png","datePublished":"2025-10-21T09:31:43+00:00","dateModified":"2026-04-09T12:25:43+00:00","breadcrumb":{"@id":"https:\/\/www.wolfcamper.com\/da\/vare\/ilulissat-vinterjakke-til-damer-moerkeblaa\/#breadcrumb"},"inLanguage":"da-DK","potentialAction":[{"@type":"ReadAction","target":["https:\/\/www.wolfcamper.com\/da\/vare\/ilulissat-vinterjakke-til-damer-moerkeblaa\/"]}]},{"@type":"ImageObject","inLanguage":"da-DK","@id":"https:\/\/www.wolfcamper.com\/da\/vare\/ilulissat-vinterjakke-til-damer-moerkeblaa\/#primaryimage","url":"https:\/\/www.wolfcamper.com\/wp-content\/uploads\/2025\/10\/ilulissat_1.png","contentUrl":"https:\/\/www.wolfcamper.com\/wp-content\/uploads\/2025\/10\/ilulissat_1.png","width":1000,"height":1000},{"@type":"BreadcrumbList","@id":"https:\/\/www.wolfcamper.com\/da\/vare\/ilulissat-vinterjakke-til-damer-moerkeblaa\/#breadcrumb","itemListElement":[{"@type":"ListItem","position":1,"name":"Home","item":"https:\/\/www.wolfcamper.com\/da\/"},{"@type":"ListItem","position":2,"name":"Shop","item":"https:\/\/www.wolfcamper.com\/da\/shop\/"},{"@type":"ListItem","position":3,"name":"Ilulissat vinterjakke til damer &#8211; M\u00f8rkebl\u00e5"}]},{"@type":"WebSite","@id":"https:\/\/www.wolfcamper.com\/da\/#website","url":"https:\/\/www.wolfcamper.com\/da\/","name":"Wolf Camper","description":"Wolf Camper","potentialAction":[{"@type":"SearchAction","target":{"@type":"EntryPoint","urlTemplate":"https:\/\/www.wolfcamper.com\/da\/?s={search_term_string}"},"query-input":{"@type":"PropertyValueSpecification","valueRequired":true,"valueName":"search_term_string"}}],"inLanguage":"da-DK"}]}},"_links":{"self":[{"href":"https:\/\/www.wolfcamper.com\/da\/wp-json\/wp\/v2\/product\/102139","targetHints":{"allow":["GET"]}}],"collection":[{"href":"https:\/\/www.wolfcamper.com\/da\/wp-json\/wp\/v2\/product"}],"about":[{"href":"https:\/\/www.wolfcamper.com\/da\/wp-json\/wp\/v2\/types\/product"}],"wp:featuredmedia":[{"embeddable":true,"href":"https:\/\/www.wolfcamper.com\/da\/wp-json\/wp\/v2\/media\/102280"}],"wp:attachment":[{"href":"https:\/\/www.wolfcamper.com\/da\/wp-json\/wp\/v2\/media?parent=102139"}],"wp:term":[{"taxonomy":"product_brand","embeddable":true,"href":"https:\/\/www.wolfcamper.com\/da\/wp-json\/wp\/v2\/product_brand?post=102139"},{"taxonomy":"product_cat","embeddable":true,"href":"https:\/\/www.wolfcamper.com\/da\/wp-json\/wp\/v2\/product_cat?post=102139"},{"taxonomy":"product_tag","embeddable":true,"href":"https:\/\/www.wolfcamper.com\/da\/wp-json\/wp\/v2\/product_tag?post=102139"}],"curies":[{"name":"wp","href":"https:\/\/api.w.org\/{rel}","templated":true}]}}